{"id":751387,"date":"2025-08-28T04:47:41","date_gmt":"2025-08-28T01:47:41","guid":{"rendered":"https:\/\/roveyayinevi.com.tr\/index.php\/urun\/saf-mutluluk\/"},"modified":"2026-04-16T03:04:45","modified_gmt":"2026-04-16T00:04:45","slug":"saf-mutluluk","status":"publish","type":"product","link":"https:\/\/roveyayinevi.com.tr\/index.php\/urun\/saf-mutluluk\/","title":{"rendered":"Saf Mutluluk"},"content":{"rendered":"<p>\u201cYa\u015f\u0131m ilerleyince bunlar\u0131 d\u00fc\u015f\u00fcn\u00fcr oldum. Varl\u0131\u011f\u0131n ne oldu\u011funu bilmiyorum. Bilincin ne oldu\u011funu da bilmiyorum. Ama saf mutlulu\u011fun ne oldu\u011funu biliyorum: \u015fimdiki anda olman\u0131n, kendiniz olmak i\u00e7in mutlaka yapman\u0131z gereken neyse onu yapman\u0131n verdi\u011fi yo\u011fun duygu. Buna tutunabilirseniz, \u015fimdiden a\u015fk\u0131n olan\u0131n k\u0131y\u0131s\u0131ndas\u0131n\u0131z demektir. Paran\u0131z olmayabilir ama \u00f6nemi yoktur.\u201d Mitolojinin temel i\u015flevi insan\u0131n hayat yolculu\u011funda mutlulu\u011fa eri\u015fmesine yard\u0131mc\u0131 olmakt\u0131r. Campbell, Saf Mutluluk kitab\u0131nda mitolojinin bu ki\u015fisel, psikolojik yan\u0131n\u0131 inceliyor ve bireyin nas\u0131l bir d\u00f6n\u00fc\u015f\u00fcm ya\u015fayarak geli\u015febilece\u011finin ipu\u00e7lar\u0131n\u0131 veriyor.  Kendi patikan\u0131z\u0131 bulmaktan ve kendiniz olmaktan korkmay\u0131n. <\/p>\n","protected":false},"excerpt":{"rendered":"<p>\u201cYa\u015f\u0131m ilerleyince bunlar\u0131 d\u00fc\u015f\u00fcn\u00fcr oldum. Varl\u0131\u011f\u0131n ne oldu\u011funu bilmiyorum. Bilincin ne oldu\u011funu da bilmiyorum. Ama saf mutlulu\u011fun ne oldu\u011funu biliyorum: \u015fimdiki anda olman\u0131n, kendiniz olmak i\u00e7in<span class=\"excerpt-hellip\"> [\u2026]<\/span><\/p>\n","protected":false},"featured_media":0,"template":"","meta":{"_monsterinsights_skip_tracking":false,"_monsterinsights_sitenote_active":false,"_monsterinsights_sitenote_note":"","_monsterinsights_sitenote_category":0},"product_brand":[],"product_cat":[12364,12376],"product_tag":[],"class_list":{"0":"post-751387","1":"product","2":"type-product","3":"status-publish","5":"product_cat-genel-konular","6":"product_cat-kisisel-gelisim","7":"pa_cilt-ciltsiz","8":"pa_tur-kitap","9":"pa_yayinevi-dogan-novus","10":"pa_yazar-joseph-campbell","12":"first","13":"instock","14":"sale","15":"shipping-taxable","16":"purchasable","17":"product-type-simple"},"_links":{"self":[{"href":"https:\/\/roveyayinevi.com.tr\/index.php\/wp-json\/wp\/v2\/product\/751387","targetHints":{"allow":["GET"]}}],"collection":[{"href":"https:\/\/roveyayinevi.com.tr\/index.php\/wp-json\/wp\/v2\/product"}],"about":[{"href":"https:\/\/roveyayinevi.com.tr\/index.php\/wp-json\/wp\/v2\/types\/product"}],"wp:attachment":[{"href":"https:\/\/roveyayinevi.com.tr\/index.php\/wp-json\/wp\/v2\/media?parent=751387"}],"wp:term":[{"taxonomy":"product_brand","embeddable":true,"href":"https:\/\/roveyayinevi.com.tr\/index.php\/wp-json\/wp\/v2\/product_brand?post=751387"},{"taxonomy":"product_cat","embeddable":true,"href":"https:\/\/roveyayinevi.com.tr\/index.php\/wp-json\/wp\/v2\/product_cat?post=751387"},{"taxonomy":"product_tag","embeddable":true,"href":"https:\/\/roveyayinevi.com.tr\/index.php\/wp-json\/wp\/v2\/product_tag?post=751387"}],"curies":[{"name":"wp","href":"https:\/\/api.w.org\/{rel}","templated":true}]}}