{"id":751385,"date":"2025-08-28T04:47:38","date_gmt":"2025-08-28T01:47:38","guid":{"rendered":"https:\/\/roveyayinevi.com.tr\/index.php\/urun\/bu-huznun-mesnevisi-yazildi\/"},"modified":"2026-04-16T03:04:45","modified_gmt":"2026-04-16T00:04:45","slug":"bu-huznun-mesnevisi-yazildi","status":"publish","type":"product","link":"https:\/\/roveyayinevi.com.tr\/index.php\/urun\/bu-huznun-mesnevisi-yazildi\/","title":{"rendered":"Bu H\u00fczn\u00fcn Mesnevisi Yaz\u0131ld\u0131"},"content":{"rendered":"<p>Vakti k\u0131sa, g\u00f6lgesi uzun insanlardan biridir \u0130lhami \u00c7i\u00e7ek.Yazd\u0131klar\u0131, ya\u015fad\u0131klar\u0131n\u0131n da \u00f6tesinde\u00e7ok uzun bir zaman\u0131n dam\u0131t\u0131lm\u0131\u015f m\u0131sralar\u0131na benzer.\u015eiirleri defalarca yorumlanmaya,bir de ba\u015fka a\u00e7\u0131dan bak\u0131lmaya muhta\u00e7t\u0131r.Bir hamlede fethedilemez s\u00f6yledikleri.Durup, uzun uzun dinlemek gerekir. Peki ya \u015fairin hayat\u0131?Ya\u015fad\u0131klar\u0131, hayalleri ve hayal k\u0131r\u0131kl\u0131klar\u0131?B\u00fct\u00fcn bunlar var etmez mi bir insan\u0131n \u015fiirini? Tam da bu sebeplegelene\u011fimizdeki k\u0131s\u0131r alanlardan biri olarakkaleme al\u0131nd\u0131 bu kitap.\u00c7er\u00e7evesi geni\u015f bir hayat hik\u00e2yesi,bir portre b\u00fct\u00fcnlemesi sunuldu.Hem de \u015fairin en yak\u0131n\u0131 olan ki\u015finin,<\/p>\n","protected":false},"excerpt":{"rendered":"<p>Vakti k\u0131sa, g\u00f6lgesi uzun insanlardan biridir \u0130lhami \u00c7i\u00e7ek.Yazd\u0131klar\u0131, ya\u015fad\u0131klar\u0131n\u0131n da \u00f6tesinde\u00e7ok uzun bir zaman\u0131n dam\u0131t\u0131lm\u0131\u015f m\u0131sralar\u0131na benzer.\u015eiirleri defalarca yorumlanmaya,bir de ba\u015fka a\u00e7\u0131dan bak\u0131lmaya muhta\u00e7t\u0131r.Bir hamlede fethedilemez<span class=\"excerpt-hellip\"> [\u2026]<\/span><\/p>\n","protected":false},"featured_media":0,"template":"","meta":{"_monsterinsights_skip_tracking":false,"_monsterinsights_sitenote_active":false,"_monsterinsights_sitenote_note":"","_monsterinsights_sitenote_category":0},"product_brand":[],"product_cat":[14009,12291],"product_tag":[],"class_list":{"0":"post-751385","1":"product","2":"type-product","3":"status-publish","5":"product_cat-biyografi-otobiyografi-edebiyat","6":"product_cat-edebiyat","7":"pa_cilt-ciltsiz","8":"pa_tur-kitap","9":"pa_yayinevi-sapiens-yayinlari","10":"pa_yazar-mehmet-latif-cicek","12":"first","13":"instock","14":"sale","15":"shipping-taxable","16":"purchasable","17":"product-type-simple"},"_links":{"self":[{"href":"https:\/\/roveyayinevi.com.tr\/index.php\/wp-json\/wp\/v2\/product\/751385","targetHints":{"allow":["GET"]}}],"collection":[{"href":"https:\/\/roveyayinevi.com.tr\/index.php\/wp-json\/wp\/v2\/product"}],"about":[{"href":"https:\/\/roveyayinevi.com.tr\/index.php\/wp-json\/wp\/v2\/types\/product"}],"wp:attachment":[{"href":"https:\/\/roveyayinevi.com.tr\/index.php\/wp-json\/wp\/v2\/media?parent=751385"}],"wp:term":[{"taxonomy":"product_brand","embeddable":true,"href":"https:\/\/roveyayinevi.com.tr\/index.php\/wp-json\/wp\/v2\/product_brand?post=751385"},{"taxonomy":"product_cat","embeddable":true,"href":"https:\/\/roveyayinevi.com.tr\/index.php\/wp-json\/wp\/v2\/product_cat?post=751385"},{"taxonomy":"product_tag","embeddable":true,"href":"https:\/\/roveyayinevi.com.tr\/index.php\/wp-json\/wp\/v2\/product_tag?post=751385"}],"curies":[{"name":"wp","href":"https:\/\/api.w.org\/{rel}","templated":true}]}}