{"id":751383,"date":"2025-08-28T04:47:34","date_gmt":"2025-08-28T01:47:34","guid":{"rendered":"https:\/\/roveyayinevi.com.tr\/index.php\/urun\/hafiza-guclendiren-sudoku-bulmaca\/"},"modified":"2026-04-16T03:04:45","modified_gmt":"2026-04-16T00:04:45","slug":"hafiza-guclendiren-sudoku-bulmaca","status":"publish","type":"product","link":"https:\/\/roveyayinevi.com.tr\/index.php\/urun\/hafiza-guclendiren-sudoku-bulmaca\/","title":{"rendered":"Haf\u0131za G\u00fc\u00e7lendiren Sudoku Bulmaca"},"content":{"rendered":"<p>Sudoku, Japon bir zek\u00e2 oyunudur. Japon bulmaca firmas\u0131n\u0131n geli\u015ftirdi\u011fi ve h\u0131zla d\u00fcnyaya yay\u0131lan Sudoku, temel olarak say\u0131 tabanl\u0131 bir zek\u00e2 oyunu olarak ifade edilebilir. Yediden yetmi\u015fe herkesin kolayl\u0131kla oynayabilece\u011fi bu oyunla, kaliteli vakitler ge\u00e7irip \u00fc\u00e7 boyutlu d\u00fc\u015f\u00fcnme kabiliyetinizi geli\u015ftirebilirsiniz. Sudoku zihin a\u00e7an bir oyundur. S\u00fcrekli oynayanlarda beyindeki k\u0131vr\u0131mlar\u0131 artt\u0131rd\u0131\u011f\u0131, olaylara farkl\u0131 bak\u0131\u015f a\u00e7\u0131lar\u0131yla bakt\u0131rd\u0131\u011f\u0131, problem \u00e7\u00f6zme yetene\u011fi kazand\u0131rd\u0131\u011f\u0131, kolay \u00e7\u00f6z\u00fcm yollar\u0131 bulma konusunda bireyleri geli\u015ftirdi\u011fi g\u00f6zlemlenmi\u015f ve bu oyun te\u015fvik edilmi\u015ftir. \u00d6zellikle de \u00e7ocuklar\u0131n geli\u015fim \u00e7a\u011flar\u0131nda oynamas\u0131, hayatlar\u0131na \u00e7ok art\u0131lar katacakt\u0131r. <\/p>\n","protected":false},"excerpt":{"rendered":"<p>Sudoku, Japon bir zek\u00e2 oyunudur. Japon bulmaca firmas\u0131n\u0131n geli\u015ftirdi\u011fi ve h\u0131zla d\u00fcnyaya yay\u0131lan Sudoku, temel olarak say\u0131 tabanl\u0131 bir zek\u00e2 oyunu olarak ifade edilebilir. Yediden yetmi\u015fe<span class=\"excerpt-hellip\"> [\u2026]<\/span><\/p>\n","protected":false},"featured_media":0,"template":"","meta":{"_monsterinsights_skip_tracking":false,"_monsterinsights_sitenote_active":false,"_monsterinsights_sitenote_note":"","_monsterinsights_sitenote_category":0},"product_brand":[],"product_cat":[12492,12274],"product_tag":[],"class_list":{"0":"post-751383","1":"product","2":"type-product","3":"status-publish","5":"product_cat-bilmece-bulmaca","6":"product_cat-cocuk-ve-genclik-kitaplari","7":"pa_cilt-ciltsiz","8":"pa_tur-kitap10","9":"pa_yayinevi-bicirik-yayinlari","10":"pa_yazar-kolektif","12":"first","13":"instock","14":"sale","15":"shipping-taxable","16":"purchasable","17":"product-type-simple"},"_links":{"self":[{"href":"https:\/\/roveyayinevi.com.tr\/index.php\/wp-json\/wp\/v2\/product\/751383","targetHints":{"allow":["GET"]}}],"collection":[{"href":"https:\/\/roveyayinevi.com.tr\/index.php\/wp-json\/wp\/v2\/product"}],"about":[{"href":"https:\/\/roveyayinevi.com.tr\/index.php\/wp-json\/wp\/v2\/types\/product"}],"wp:attachment":[{"href":"https:\/\/roveyayinevi.com.tr\/index.php\/wp-json\/wp\/v2\/media?parent=751383"}],"wp:term":[{"taxonomy":"product_brand","embeddable":true,"href":"https:\/\/roveyayinevi.com.tr\/index.php\/wp-json\/wp\/v2\/product_brand?post=751383"},{"taxonomy":"product_cat","embeddable":true,"href":"https:\/\/roveyayinevi.com.tr\/index.php\/wp-json\/wp\/v2\/product_cat?post=751383"},{"taxonomy":"product_tag","embeddable":true,"href":"https:\/\/roveyayinevi.com.tr\/index.php\/wp-json\/wp\/v2\/product_tag?post=751383"}],"curies":[{"name":"wp","href":"https:\/\/api.w.org\/{rel}","templated":true}]}}