{"id":751381,"date":"2025-08-28T04:47:31","date_gmt":"2025-08-28T01:47:31","guid":{"rendered":"https:\/\/roveyayinevi.com.tr\/index.php\/urun\/leylayi-bulmak\/"},"modified":"2025-09-13T19:41:17","modified_gmt":"2025-09-13T16:41:17","slug":"leylayi-bulmak","status":"publish","type":"product","link":"https:\/\/roveyayinevi.com.tr\/index.php\/urun\/leylayi-bulmak\/","title":{"rendered":"Leyla&#8217;y\u0131 Bulmak"},"content":{"rendered":"<p>\u201cYaln\u0131z san\u0131yorsun kendini. Duygular\u0131n sadece sana aitmi\u015f gibi geliyor, o y\u00fczden de kendini \u00e7aresiz hissediyorsun. Etraf\u0131nla \u00e7ok ilgilenmedi\u011fin i\u00e7in bilmiyorsun ama herkes senin gibi. Herkes belirsizli\u011fin \u00e7aresizli\u011fi i\u00e7inde k\u0131vran\u0131yor. Buradan bir \u00e7\u0131k\u0131\u015f yolu var, inan bana.\u201d E\u011fer bu roman\u0131 eline ald\u0131ysan, \u015fundan sen de emin ol: Art\u0131k hayat\u0131n eskisi gibi olmayacak! \u00c7\u00fcnk\u00fc sen, sana s\u00f6ylendi\u011fi gibi, s\u0131radan bir insan de\u011filsin. Leyla\u2019n\u0131n ve Yusuf\u2019un benzersiz hayat hik\u00e2yelerine \u015fahit olurken, bilin\u00e7altlar\u0131n\u0131 d\u00f6n\u00fc\u015ft\u00fcrd\u00fcklerinde nas\u0131l bir de\u011fi\u015fim ya\u015fad\u0131klar\u0131n\u0131 g\u00f6receksin ve akl\u0131nda hep: \u201cBen de ba\u015farabilir miyim?\u201d sorusu yank\u0131lanacak. Ger\u00e7ekten istedi\u011finde elbette ba\u015faracaks\u0131n. Ger\u00e7ek seni tan\u0131yacak, bunun sana ya\u015fataca\u011f\u0131 \u00f6zg\u00fcrl\u00fc\u011fe tutulacaks\u0131n. A\u015fk\u0131, sevmeyi, sevilmeyi \u00f6\u011frenen, insanlar\u0131n ya\u015fam\u0131na dokunabilmenin mutlulu\u011funu ya\u015fayan Leyla ve Yusuf\u2019ta, belki de kendini bulacaks\u0131n. \u015eimdi, kitab\u0131n kapa\u011f\u0131n\u0131 \u00e7evir ve kendini bu ger\u00e7ek hik\u00e2yenin s\u00fcr\u00fckleyici r\u00fczg\u00e2r\u0131na b\u0131rak; b\u0131rak ki, bu r\u00fczg\u00e2r seni hakiki benli\u011fin ile tan\u0131\u015ft\u0131r\u0131p neler yapabilece\u011fini g\u00f6stersin! <\/p>\n","protected":false},"excerpt":{"rendered":"<p>\u201cYaln\u0131z san\u0131yorsun kendini. Duygular\u0131n sadece sana aitmi\u015f gibi geliyor, o y\u00fczden de kendini \u00e7aresiz hissediyorsun. Etraf\u0131nla \u00e7ok ilgilenmedi\u011fin i\u00e7in bilmiyorsun ama herkes senin gibi. Herkes belirsizli\u011fin<span class=\"excerpt-hellip\"> [\u2026]<\/span><\/p>\n","protected":false},"featured_media":0,"template":"","meta":{"_monsterinsights_skip_tracking":false,"_monsterinsights_sitenote_active":false,"_monsterinsights_sitenote_note":"","_monsterinsights_sitenote_category":0},"product_brand":[],"product_cat":[12291,12711],"product_tag":[],"class_list":{"0":"post-751381","1":"product","2":"type-product","3":"status-publish","5":"product_cat-edebiyat","6":"product_cat-roman-oyku","7":"pa_cilt-ciltsiz","8":"pa_tur-kitap","9":"pa_yayinevi-inkilap-kitabevi","10":"pa_yazar-serpil-cosan","12":"first","13":"instock","14":"sale","15":"shipping-taxable","16":"purchasable","17":"product-type-simple"},"_links":{"self":[{"href":"https:\/\/roveyayinevi.com.tr\/index.php\/wp-json\/wp\/v2\/product\/751381","targetHints":{"allow":["GET"]}}],"collection":[{"href":"https:\/\/roveyayinevi.com.tr\/index.php\/wp-json\/wp\/v2\/product"}],"about":[{"href":"https:\/\/roveyayinevi.com.tr\/index.php\/wp-json\/wp\/v2\/types\/product"}],"wp:attachment":[{"href":"https:\/\/roveyayinevi.com.tr\/index.php\/wp-json\/wp\/v2\/media?parent=751381"}],"wp:term":[{"taxonomy":"product_brand","embeddable":true,"href":"https:\/\/roveyayinevi.com.tr\/index.php\/wp-json\/wp\/v2\/product_brand?post=751381"},{"taxonomy":"product_cat","embeddable":true,"href":"https:\/\/roveyayinevi.com.tr\/index.php\/wp-json\/wp\/v2\/product_cat?post=751381"},{"taxonomy":"product_tag","embeddable":true,"href":"https:\/\/roveyayinevi.com.tr\/index.php\/wp-json\/wp\/v2\/product_tag?post=751381"}],"curies":[{"name":"wp","href":"https:\/\/api.w.org\/{rel}","templated":true}]}}