{"id":751379,"date":"2025-08-28T04:47:28","date_gmt":"2025-08-28T01:47:28","guid":{"rendered":"https:\/\/roveyayinevi.com.tr\/index.php\/urun\/bu-topragin-dalkavuklari-ii\/"},"modified":"2026-04-16T03:04:45","modified_gmt":"2026-04-16T00:04:45","slug":"bu-topragin-dalkavuklari-ii","status":"publish","type":"product","link":"https:\/\/roveyayinevi.com.tr\/index.php\/urun\/bu-topragin-dalkavuklari-ii\/","title":{"rendered":"Bu Topra\u011f\u0131n Dalkavuklar\u0131 &#8211; II"},"content":{"rendered":"<p>Alt\u0131l\u0131 Masa toplant\u0131lar\u0131ndan saray entrikalar\u0131na, tarikat tekkelerinden televizyon ekranlar\u0131na kadar konu\u015fulmayan ne varsa, Nihat Gen\u00e7, ak\u0131l almaz skandal ve rezaletleri alayc\u0131 \u00fcslubu ve e\u011flenceli, ne\u015feli diliyle y\u00fcz binlere okutmay\u0131 ba\u015fard\u0131! Sevgili Okuyucu; \u015fu an elinizde, serinin devam\u0131 olan ve yolsuzluklarla suskunlu\u011fa kar\u015f\u0131 sava\u015f veren mizah\u0131m\u0131z\u0131n \u00e7ok cesur ve se\u00e7kin bir eserini tutmaktas\u0131n\u0131z!   Do\u011fruluk dosttur, a\u00e7\u0131kt\u0131r g\u00f6z\u00fc Dobra dobra s\u00f6yler s\u00f6ylerse s\u00f6z\u00fc Bo\u015f yere sallamaz elinde g\u00fcrz\u00fc Kimine dikendir batar Karag\u00f6z <\/p>\n","protected":false},"excerpt":{"rendered":"<p>Alt\u0131l\u0131 Masa toplant\u0131lar\u0131ndan saray entrikalar\u0131na, tarikat tekkelerinden televizyon ekranlar\u0131na kadar konu\u015fulmayan ne varsa, Nihat Gen\u00e7, ak\u0131l almaz skandal ve rezaletleri alayc\u0131 \u00fcslubu ve e\u011flenceli, ne\u015feli diliyle<span class=\"excerpt-hellip\"> [\u2026]<\/span><\/p>\n","protected":false},"featured_media":0,"template":"","meta":{"_monsterinsights_skip_tracking":false,"_monsterinsights_sitenote_active":false,"_monsterinsights_sitenote_note":"","_monsterinsights_sitenote_category":0},"product_brand":[],"product_cat":[12477,12364],"product_tag":[],"class_list":{"0":"post-751379","1":"product","2":"type-product","3":"status-publish","5":"product_cat-eglence-mizah","6":"product_cat-genel-konular","7":"pa_cilt-ciltsiz","8":"pa_tur-kitap","9":"pa_yayinevi-pankus-yayinlari","10":"pa_yazar-nihat-genc","12":"first","13":"instock","14":"sale","15":"shipping-taxable","16":"purchasable","17":"product-type-simple"},"_links":{"self":[{"href":"https:\/\/roveyayinevi.com.tr\/index.php\/wp-json\/wp\/v2\/product\/751379","targetHints":{"allow":["GET"]}}],"collection":[{"href":"https:\/\/roveyayinevi.com.tr\/index.php\/wp-json\/wp\/v2\/product"}],"about":[{"href":"https:\/\/roveyayinevi.com.tr\/index.php\/wp-json\/wp\/v2\/types\/product"}],"wp:attachment":[{"href":"https:\/\/roveyayinevi.com.tr\/index.php\/wp-json\/wp\/v2\/media?parent=751379"}],"wp:term":[{"taxonomy":"product_brand","embeddable":true,"href":"https:\/\/roveyayinevi.com.tr\/index.php\/wp-json\/wp\/v2\/product_brand?post=751379"},{"taxonomy":"product_cat","embeddable":true,"href":"https:\/\/roveyayinevi.com.tr\/index.php\/wp-json\/wp\/v2\/product_cat?post=751379"},{"taxonomy":"product_tag","embeddable":true,"href":"https:\/\/roveyayinevi.com.tr\/index.php\/wp-json\/wp\/v2\/product_tag?post=751379"}],"curies":[{"name":"wp","href":"https:\/\/api.w.org\/{rel}","templated":true}]}}