{"id":751377,"date":"2025-08-28T04:47:26","date_gmt":"2025-08-28T01:47:26","guid":{"rendered":"https:\/\/roveyayinevi.com.tr\/index.php\/urun\/20-yuzyil-sosyalizmi\/"},"modified":"2026-04-16T03:04:45","modified_gmt":"2026-04-16T00:04:45","slug":"20-yuzyil-sosyalizmi","status":"publish","type":"product","link":"https:\/\/roveyayinevi.com.tr\/index.php\/urun\/20-yuzyil-sosyalizmi\/","title":{"rendered":"20. Y\u00fczy\u0131l Sosyalizmi"},"content":{"rendered":"<p>Ezilenlerin \u00f6fke, isyan, grev, ayaklanma dalgalar\u0131yla \u015fekillenen 20. Y\u00fczy\u0131l! Toplumun belle\u011fine yerle\u015fen koca olaylar; Ekim Devrimi ve di\u011ferleri\u2026 D\u00fcnya n\u00fcfusunun b\u00fcy\u00fck bir b\u00f6l\u00fcm\u00fc sosyalizmi hayal d\u00fcnyas\u0131ndan hayat d\u00fcnyas\u0131na \u00e7ekmek istedi. Kapitalizm b\u00fcy\u00fck bir sars\u0131nt\u0131 ge\u00e7irdi. Ne var ki yeni bir topluma ge\u00e7i\u015f d\u00f6neminin iktidarlar\u0131 kapitalizmin bas\u0131nc\u0131na yenildiler. Ve sosyalizm ezilenlerin hayallerinde yerinden bir \u00fctopya olarak kald\u0131. Yazar Hasan Co\u015far, sosyalizmi in\u015fa deneyimlerini bir\u00e7ok bak\u0131mdan ele al\u0131p de\u011ferlendirir. Farkl\u0131, ilgin\u00e7 tespitlerle kar\u015f\u0131la\u015faca\u011f\u0131n\u0131z elinizdeki bu kitapta yazar iki temel tespitte bulunur: Bir; 20. Y\u00fczy\u0131l sosyalizmi milliyet\u00e7i sosyalistlik s\u0131n\u0131rlar\u0131n\u0131 a\u015famam\u0131\u015ft\u0131r. \u0130ki; sosyalizm ad\u0131na kurulan iktidarlar\u0131n cinsiyet \u00f6zelli\u011fi erkektir. Yazar, 20. Y\u00fczy\u0131l sosyalizm deneyimleriyle bir d\u00f6nemin a\u00e7\u0131l\u0131p kapand\u0131\u011f\u0131n\u0131 belirtir. Yeni bir \u00e7\u0131k\u0131\u015f\u0131n, cinsel, ulusal s\u0131n\u0131rlar\u0131 a\u015fan daha b\u00fcy\u00fck bir alt\u00fcst olu\u015fla, bir d\u00fcnya sistemi olaca\u011f\u0131 yorumunda bulunur. <\/p>\n","protected":false},"excerpt":{"rendered":"<p>Ezilenlerin \u00f6fke, isyan, grev, ayaklanma dalgalar\u0131yla \u015fekillenen 20. Y\u00fczy\u0131l! Toplumun belle\u011fine yerle\u015fen koca olaylar; Ekim Devrimi ve di\u011ferleri\u2026 D\u00fcnya n\u00fcfusunun b\u00fcy\u00fck bir b\u00f6l\u00fcm\u00fc sosyalizmi hayal d\u00fcnyas\u0131ndan<span class=\"excerpt-hellip\"> [\u2026]<\/span><\/p>\n","protected":false},"featured_media":0,"template":"","meta":{"_monsterinsights_skip_tracking":false,"_monsterinsights_sitenote_active":false,"_monsterinsights_sitenote_note":"","_monsterinsights_sitenote_category":0},"product_brand":[],"product_cat":[12388],"product_tag":[],"class_list":{"0":"post-751377","1":"product","2":"type-product","3":"status-publish","5":"product_cat-felsefe","6":"pa_cilt-ciltsiz","7":"pa_tur-kitap","8":"pa_yayinevi-toz-yayinlari","9":"pa_yazar-hasan-cosar","11":"first","12":"instock","13":"sale","14":"shipping-taxable","15":"purchasable","16":"product-type-simple"},"_links":{"self":[{"href":"https:\/\/roveyayinevi.com.tr\/index.php\/wp-json\/wp\/v2\/product\/751377","targetHints":{"allow":["GET"]}}],"collection":[{"href":"https:\/\/roveyayinevi.com.tr\/index.php\/wp-json\/wp\/v2\/product"}],"about":[{"href":"https:\/\/roveyayinevi.com.tr\/index.php\/wp-json\/wp\/v2\/types\/product"}],"wp:attachment":[{"href":"https:\/\/roveyayinevi.com.tr\/index.php\/wp-json\/wp\/v2\/media?parent=751377"}],"wp:term":[{"taxonomy":"product_brand","embeddable":true,"href":"https:\/\/roveyayinevi.com.tr\/index.php\/wp-json\/wp\/v2\/product_brand?post=751377"},{"taxonomy":"product_cat","embeddable":true,"href":"https:\/\/roveyayinevi.com.tr\/index.php\/wp-json\/wp\/v2\/product_cat?post=751377"},{"taxonomy":"product_tag","embeddable":true,"href":"https:\/\/roveyayinevi.com.tr\/index.php\/wp-json\/wp\/v2\/product_tag?post=751377"}],"curies":[{"name":"wp","href":"https:\/\/api.w.org\/{rel}","templated":true}]}}