{"id":751375,"date":"2025-08-28T04:47:24","date_gmt":"2025-08-28T01:47:24","guid":{"rendered":"https:\/\/roveyayinevi.com.tr\/index.php\/urun\/afet-ve-toplum\/"},"modified":"2026-04-16T03:04:45","modified_gmt":"2026-04-16T00:04:45","slug":"afet-ve-toplum","status":"publish","type":"product","link":"https:\/\/roveyayinevi.com.tr\/index.php\/urun\/afet-ve-toplum\/","title":{"rendered":"Afet ve Toplum"},"content":{"rendered":"<p>Genel olarak sosyal bilimlerin, \u00f6zel olarak da sosyolojinin sonu\u00e7lar\u0131 itibariyle sosyal olan su bask\u0131nlar\u0131, yang\u0131n ve deprem gibi do\u011fa olaylar\u0131yla ilgili riskleri azaltma ve toplumu haz\u0131rl\u0131kl\u0131 hale getirme konular\u0131nda olduk\u00e7a \u00f6nemli bir potansiyele sahip oldu\u011fu s\u00f6ylenebilir. Bu kuramsal ve metodolojik birikimlere ra\u011fmen, geli\u015fmekte olan \u00fclkelerde ya\u015fanan afetlerin ay\u0131rt edici \u00f6zelli\u011fi can kay\u0131plar\u0131n\u0131n \u00e7ok y\u00fcksek olmas\u0131d\u0131r. Asl\u0131nda do\u011fa olaylar\u0131n\u0131n afete d\u00f6n\u00fc\u015fmesini engellemek i\u00e7in t\u00fcm plan ve programlar\u0131m\u0131zda sosyal, ekonomik, k\u00fclt\u00fcrel kadar politik ve hukuksal y\u00f6nleriyle insan ve do\u011fa dengesini g\u00f6zeten holistik bir bak\u0131\u015fa sahip olmam\u0131z gerekir. Bu yakla\u015f\u0131m, ikilikleri ve \u00f6zc\u00fcl\u00fc\u011f\u00fc reddederek, zaman ve mekan fakt\u00f6rlerini g\u00fcndelik ya\u015famda s\u00fcre\u00e7 olarak ele almak da asl\u0131nda afet \u00e7al\u0131\u015fmalar\u0131n\u0131 ili\u015fkisel sosyolojik olarak yapmak demektir. Farkl\u0131l\u0131klar, karma\u015f\u0131kl\u0131klar ve belirsizlikler \u00fczerinde odaklanmak, ba\u015fta deprem olmak \u00fczere t\u00fcm do\u011fa olaylar\u0131na kar\u015f\u0131 her zaman haz\u0131rl\u0131kl\u0131 olmak, sivil toplumu geli\u015ftirmek \u00f6nemlidir. \u00d6zellikle \u00fczerinde ya\u015fad\u0131\u011f\u0131m\u0131z toprak-kaya zeminin do\u011fal i\u015fleyi\u015f mekanizmalar\u0131n\u0131, dolay\u0131s\u0131yla da hareketlerini \u00f6zenle takip etmemiz gerekir. Mutlaka yap\u0131la\u015fma ve yerle\u015fme planlar\u0131n\u0131, k\u0131sa erimli g\u00fcncel siyaset ve ekonomik rant politikalar\u0131na kurban etmeden geli\u015ftirmek ve gelece\u011fimize daha e\u015fit yurtta\u015flar olarak hep birlikte karar vermek istek ve arzusunda olmal\u0131y\u0131z. Neo-liberal politikalar\u0131n f\u0131rsat\u00e7\u0131l\u0131k temelindeki t\u00fcm eylemlerine dur deme zaman\u0131n\u0131n geldi\u011fini g\u00f6rmek, sadece tevekk\u00fcl ile yetinmemek, yerel ve evrensel farklar\u0131n\u0131n giderek ortadan kalkt\u0131\u011f\u0131 \u00e7oklu d\u00fcnyaya (puliversal) kar\u015f\u0131 sorumlulu\u011fumuzdur. T\u00fcm bu g\u00f6r\u00fc\u015fler \u0131\u015f\u0131\u011f\u0131nda, edebiyattan hukuk ve t\u0131bba kadar \u00e7ok de\u011fi\u015fik uzmanl\u0131k alanlar\u0131na sahip yazarlar\u0131n ele\u015ftirel de\u011ferlendirmelerini okuyucuyla bulu\u015fturma \u00e7abam\u0131z\u0131n k\u0131sa zamanda b\u00fcy\u00fck kar\u015f\u0131l\u0131k bulmas\u0131, gelece\u011fe daha umutla bakmam\u0131z\u0131 sa\u011flam\u0131\u015ft\u0131r. <\/p>\n","protected":false},"excerpt":{"rendered":"<p>Genel olarak sosyal bilimlerin, \u00f6zel olarak da sosyolojinin sonu\u00e7lar\u0131 itibariyle sosyal olan su bask\u0131nlar\u0131, yang\u0131n ve deprem gibi do\u011fa olaylar\u0131yla ilgili riskleri azaltma ve toplumu haz\u0131rl\u0131kl\u0131<span class=\"excerpt-hellip\"> [\u2026]<\/span><\/p>\n","protected":false},"featured_media":0,"template":"","meta":{"_monsterinsights_skip_tracking":false,"_monsterinsights_sitenote_active":false,"_monsterinsights_sitenote_note":"","_monsterinsights_sitenote_category":0},"product_brand":[],"product_cat":[12324],"product_tag":[],"class_list":{"0":"post-751375","1":"product","2":"type-product","3":"status-publish","5":"product_cat-sosyoloji","6":"pa_cilt-ciltsiz","7":"pa_tur-kitap","8":"pa_yayinevi-toz-yayinlari","9":"pa_yazar-kolektif","11":"first","12":"instock","13":"sale","14":"shipping-taxable","15":"purchasable","16":"product-type-simple"},"_links":{"self":[{"href":"https:\/\/roveyayinevi.com.tr\/index.php\/wp-json\/wp\/v2\/product\/751375","targetHints":{"allow":["GET"]}}],"collection":[{"href":"https:\/\/roveyayinevi.com.tr\/index.php\/wp-json\/wp\/v2\/product"}],"about":[{"href":"https:\/\/roveyayinevi.com.tr\/index.php\/wp-json\/wp\/v2\/types\/product"}],"wp:attachment":[{"href":"https:\/\/roveyayinevi.com.tr\/index.php\/wp-json\/wp\/v2\/media?parent=751375"}],"wp:term":[{"taxonomy":"product_brand","embeddable":true,"href":"https:\/\/roveyayinevi.com.tr\/index.php\/wp-json\/wp\/v2\/product_brand?post=751375"},{"taxonomy":"product_cat","embeddable":true,"href":"https:\/\/roveyayinevi.com.tr\/index.php\/wp-json\/wp\/v2\/product_cat?post=751375"},{"taxonomy":"product_tag","embeddable":true,"href":"https:\/\/roveyayinevi.com.tr\/index.php\/wp-json\/wp\/v2\/product_tag?post=751375"}],"curies":[{"name":"wp","href":"https:\/\/api.w.org\/{rel}","templated":true}]}}