{"id":751374,"date":"2025-08-28T04:47:22","date_gmt":"2025-08-28T01:47:22","guid":{"rendered":"https:\/\/roveyayinevi.com.tr\/index.php\/urun\/clio-teyze-ile-daktilosu\/"},"modified":"2026-04-03T03:06:50","modified_gmt":"2026-04-03T00:06:50","slug":"clio-teyze-ile-daktilosu","status":"publish","type":"product","link":"https:\/\/roveyayinevi.com.tr\/index.php\/urun\/clio-teyze-ile-daktilosu\/","title":{"rendered":"Clio Teyze \u0130le Daktilosu"},"content":{"rendered":"<p>Clio teyzeyle hazine av\u0131na haz\u0131r m\u0131s\u0131n\u0131z? Kahraman\u0131m\u0131z, \u00f6\u011fretmeninin verdi\u011fi \u201chazinesini bulma\u201d \u00f6devini en kolay antropolog olan teyzesi Clio ile yapabilece\u011fini d\u00fc\u015f\u00fcn\u00fcyor. Teyze-ye\u011fen kendi hazinelerini ararken, okuru da maceradan maceraya s\u00fcr\u00fckl\u00fcyor.   \u0130spanyol yazar Monica Rodriguez\u2019in T\u00fcrk\u00e7e\u2019de yay\u0131nlanan ilk kitab\u0131 olan Clio Teyze ile Daktilosu, Lucia Serrano taraf\u0131ndan resimlendi ve Olcay \u00d6ztunal\u0131 taraf\u0131ndan \u0130spanyolca asl\u0131nda dilimize \u00e7evrildi.<\/p>\n","protected":false},"excerpt":{"rendered":"<p>Clio teyzeyle hazine av\u0131na haz\u0131r m\u0131s\u0131n\u0131z? Kahraman\u0131m\u0131z, \u00f6\u011fretmeninin verdi\u011fi \u201chazinesini bulma\u201d \u00f6devini en kolay antropolog olan teyzesi Clio ile yapabilece\u011fini d\u00fc\u015f\u00fcn\u00fcyor. Teyze-ye\u011fen kendi hazinelerini ararken, okuru<span class=\"excerpt-hellip\"> [\u2026]<\/span><\/p>\n","protected":false},"featured_media":0,"template":"","meta":{"_monsterinsights_skip_tracking":false,"_monsterinsights_sitenote_active":false,"_monsterinsights_sitenote_note":"","_monsterinsights_sitenote_category":0},"product_brand":[],"product_cat":[12291,12711],"product_tag":[],"class_list":{"0":"post-751374","1":"product","2":"type-product","3":"status-publish","5":"product_cat-edebiyat","6":"product_cat-roman-oyku","7":"pa_cilt-ciltsiz","8":"pa_tur-kitap","9":"pa_yayinevi-potikare-yayincilik","10":"pa_yazar-monica-rodriguez","12":"first","13":"instock","14":"sale","15":"shipping-taxable","16":"purchasable","17":"product-type-simple"},"_links":{"self":[{"href":"https:\/\/roveyayinevi.com.tr\/index.php\/wp-json\/wp\/v2\/product\/751374","targetHints":{"allow":["GET"]}}],"collection":[{"href":"https:\/\/roveyayinevi.com.tr\/index.php\/wp-json\/wp\/v2\/product"}],"about":[{"href":"https:\/\/roveyayinevi.com.tr\/index.php\/wp-json\/wp\/v2\/types\/product"}],"wp:attachment":[{"href":"https:\/\/roveyayinevi.com.tr\/index.php\/wp-json\/wp\/v2\/media?parent=751374"}],"wp:term":[{"taxonomy":"product_brand","embeddable":true,"href":"https:\/\/roveyayinevi.com.tr\/index.php\/wp-json\/wp\/v2\/product_brand?post=751374"},{"taxonomy":"product_cat","embeddable":true,"href":"https:\/\/roveyayinevi.com.tr\/index.php\/wp-json\/wp\/v2\/product_cat?post=751374"},{"taxonomy":"product_tag","embeddable":true,"href":"https:\/\/roveyayinevi.com.tr\/index.php\/wp-json\/wp\/v2\/product_tag?post=751374"}],"curies":[{"name":"wp","href":"https:\/\/api.w.org\/{rel}","templated":true}]}}