{"id":751373,"date":"2025-08-28T04:47:20","date_gmt":"2025-08-28T01:47:20","guid":{"rendered":"https:\/\/roveyayinevi.com.tr\/index.php\/urun\/mese-agaci\/"},"modified":"2026-04-16T03:04:45","modified_gmt":"2026-04-16T00:04:45","slug":"mese-agaci","status":"publish","type":"product","link":"https:\/\/roveyayinevi.com.tr\/index.php\/urun\/mese-agaci\/","title":{"rendered":"Me\u015fe A\u011fac\u0131"},"content":{"rendered":"<p>Y\u0131ld\u0131zlar en \u00fcstte yedinci kattad\u0131r. Oraya ula\u015fmak i\u00e7in \u00f6nce bir kat sis diyar\u0131n\u0131, sonra bulut diyar\u0131n\u0131, mavi diyar\u0131, g\u00fcne\u015fin diyar\u0131, iki kat\u0131 kaplayan karanl\u0131k diyar\u0131 ge\u00e7mesi gerekir. \u00dcstelik karanl\u0131k diyar\u0131n\u0131 a\u015fmak hi\u00e7 kolay de\u011fildir. Siyah varl\u0131klar\u0131 yutar. Yolu bulmak i\u00e7in \u0131\u015f\u0131k gerekir. Karanl\u0131k diyar ancak s\u0131rr\u0131 \u00e7\u00f6zene a\u00e7\u0131l\u0131r. Yoksa onu ge\u00e7emez, sonsuza dek karanl\u0131kta bir kay\u0131p yolcu olup gidersin. Karanl\u0131k diyar\u0131 a\u015fan ancak y\u0131ld\u0131zlara ula\u015fabilir. Y\u0131ld\u0131zlar diyar\u0131na ula\u015fmak ne bir a\u011fac\u0131n ne de bir bulutun harc\u0131d\u0131r. \u015eimdi anlad\u0131n m\u0131 Gen\u00e7 Me\u015fe? <\/p>\n","protected":false},"excerpt":{"rendered":"<p>Y\u0131ld\u0131zlar en \u00fcstte yedinci kattad\u0131r. Oraya ula\u015fmak i\u00e7in \u00f6nce bir kat sis diyar\u0131n\u0131, sonra bulut diyar\u0131n\u0131, mavi diyar\u0131, g\u00fcne\u015fin diyar\u0131, iki kat\u0131 kaplayan karanl\u0131k diyar\u0131 ge\u00e7mesi<span class=\"excerpt-hellip\"> [\u2026]<\/span><\/p>\n","protected":false},"featured_media":0,"template":"","meta":{"_monsterinsights_skip_tracking":false,"_monsterinsights_sitenote_active":false,"_monsterinsights_sitenote_note":"","_monsterinsights_sitenote_category":0},"product_brand":[],"product_cat":[12291,12711],"product_tag":[],"class_list":{"0":"post-751373","1":"product","2":"type-product","3":"status-publish","5":"product_cat-edebiyat","6":"product_cat-roman-oyku","7":"pa_cilt-ciltsiz","8":"pa_tur-kitap","9":"pa_yayinevi-sinirsiz-kitap","10":"pa_yazar-berjin-haki","12":"first","13":"instock","14":"sale","15":"shipping-taxable","16":"purchasable","17":"product-type-simple"},"_links":{"self":[{"href":"https:\/\/roveyayinevi.com.tr\/index.php\/wp-json\/wp\/v2\/product\/751373","targetHints":{"allow":["GET"]}}],"collection":[{"href":"https:\/\/roveyayinevi.com.tr\/index.php\/wp-json\/wp\/v2\/product"}],"about":[{"href":"https:\/\/roveyayinevi.com.tr\/index.php\/wp-json\/wp\/v2\/types\/product"}],"wp:attachment":[{"href":"https:\/\/roveyayinevi.com.tr\/index.php\/wp-json\/wp\/v2\/media?parent=751373"}],"wp:term":[{"taxonomy":"product_brand","embeddable":true,"href":"https:\/\/roveyayinevi.com.tr\/index.php\/wp-json\/wp\/v2\/product_brand?post=751373"},{"taxonomy":"product_cat","embeddable":true,"href":"https:\/\/roveyayinevi.com.tr\/index.php\/wp-json\/wp\/v2\/product_cat?post=751373"},{"taxonomy":"product_tag","embeddable":true,"href":"https:\/\/roveyayinevi.com.tr\/index.php\/wp-json\/wp\/v2\/product_tag?post=751373"}],"curies":[{"name":"wp","href":"https:\/\/api.w.org\/{rel}","templated":true}]}}