{"id":751371,"date":"2025-08-28T04:47:18","date_gmt":"2025-08-28T01:47:18","guid":{"rendered":"https:\/\/roveyayinevi.com.tr\/index.php\/urun\/imparatorun-kizi-2\/"},"modified":"2026-04-16T03:04:45","modified_gmt":"2026-04-16T00:04:45","slug":"imparatorun-kizi-2","status":"publish","type":"product","link":"https:\/\/roveyayinevi.com.tr\/index.php\/urun\/imparatorun-kizi-2\/","title":{"rendered":"\u0130mparatorun K\u0131z\u0131 2"},"content":{"rendered":"<p>\u0130MPARATORUN KIZI OLMAK G\u00dcZEL DE\u011e\u0130L M\u0130? B\u0130R ZAMANLAR BEN DE \u00d6YLE D\u00dc\u015e\u00dcN\u00dcYORDUM. Prenses Adriana nihayet bir ya\u015f\u0131na bas\u0131yor! \u0130lk do\u011fum g\u00fcn\u00fc i\u00e7in verilen \u015fa\u015faal\u0131 partiye bak\u0131l\u0131rsa imparatorun k\u0131z\u0131 olarak hayat s\u00fcrmek olduk\u00e7a g\u00fczel olmal\u0131. Fakat ke\u015fke babas\u0131 ona evcil bir k\u00f6pekmi\u015f gibi davranmay\u0131 b\u0131raksa! Adriana art\u0131k y\u00fcr\u00fcy\u00fcp konu\u015fabiliyor ve yeni hayat\u0131na al\u0131\u015fmak \u00fczere. Bir sonraki hedefi ise kendisine so\u011fuk ve mesafeli davranan babas\u0131n\u0131n sevgisini kazanmak! Bu, imparatorun g\u00f6r\u00fcr g\u00f6rmez k\u0131z\u0131n\u0131 korumaya \u00e7al\u0131\u015ft\u0131\u011f\u0131 gizemli Demir \u015e\u00f6valye sayesinde beklenenden daha kolay olabilir. Kim bu Demir \u015e\u00f6valye ve \u0130mparatora ne yapt\u0131? G\u00f6r\u00fcn\u00fc\u015fe g\u00f6re baba k\u0131z aras\u0131ndaki ba\u011f\u0131 hissetmeye ba\u015flayan tek ki\u015fi Adriana olmayabilir. <\/p>\n","protected":false},"excerpt":{"rendered":"<p>\u0130MPARATORUN KIZI OLMAK G\u00dcZEL DE\u011e\u0130L M\u0130? B\u0130R ZAMANLAR BEN DE \u00d6YLE D\u00dc\u015e\u00dcN\u00dcYORDUM. Prenses Adriana nihayet bir ya\u015f\u0131na bas\u0131yor! \u0130lk do\u011fum g\u00fcn\u00fc i\u00e7in verilen \u015fa\u015faal\u0131 partiye bak\u0131l\u0131rsa<span class=\"excerpt-hellip\"> [\u2026]<\/span><\/p>\n","protected":false},"featured_media":0,"template":"","meta":{"_monsterinsights_skip_tracking":false,"_monsterinsights_sitenote_active":false,"_monsterinsights_sitenote_note":"","_monsterinsights_sitenote_category":0},"product_brand":[],"product_cat":[12416,12291],"product_tag":[],"class_list":{"0":"post-751371","1":"product","2":"type-product","3":"status-publish","5":"product_cat-cizgi-roman","6":"product_cat-edebiyat","7":"pa_cilt-ciltsiz","8":"pa_tur-kitap","9":"pa_yayinevi-athica-yayinlari","10":"pa_yazar-yunsul","12":"first","13":"instock","14":"sale","15":"shipping-taxable","16":"purchasable","17":"product-type-simple"},"_links":{"self":[{"href":"https:\/\/roveyayinevi.com.tr\/index.php\/wp-json\/wp\/v2\/product\/751371","targetHints":{"allow":["GET"]}}],"collection":[{"href":"https:\/\/roveyayinevi.com.tr\/index.php\/wp-json\/wp\/v2\/product"}],"about":[{"href":"https:\/\/roveyayinevi.com.tr\/index.php\/wp-json\/wp\/v2\/types\/product"}],"wp:attachment":[{"href":"https:\/\/roveyayinevi.com.tr\/index.php\/wp-json\/wp\/v2\/media?parent=751371"}],"wp:term":[{"taxonomy":"product_brand","embeddable":true,"href":"https:\/\/roveyayinevi.com.tr\/index.php\/wp-json\/wp\/v2\/product_brand?post=751371"},{"taxonomy":"product_cat","embeddable":true,"href":"https:\/\/roveyayinevi.com.tr\/index.php\/wp-json\/wp\/v2\/product_cat?post=751371"},{"taxonomy":"product_tag","embeddable":true,"href":"https:\/\/roveyayinevi.com.tr\/index.php\/wp-json\/wp\/v2\/product_tag?post=751371"}],"curies":[{"name":"wp","href":"https:\/\/api.w.org\/{rel}","templated":true}]}}