{"id":751366,"date":"2025-08-28T04:47:11","date_gmt":"2025-08-28T01:47:11","guid":{"rendered":"https:\/\/roveyayinevi.com.tr\/index.php\/urun\/uluslararasi-hukuk\/"},"modified":"2026-04-16T03:04:44","modified_gmt":"2026-04-16T00:04:44","slug":"uluslararasi-hukuk","status":"publish","type":"product","link":"https:\/\/roveyayinevi.com.tr\/index.php\/urun\/uluslararasi-hukuk\/","title":{"rendered":"Uluslararas\u0131 Hukuk"},"content":{"rendered":"<p>Bu eser, uluslararas\u0131 hukuk teori ve tarihinin analizine y\u00f6nelik kapsaml\u0131 bir bilimsel \u00e7er\u00e7eve sunuyor. Bir dizi hukuki ve disiplinler aras\u0131 analiz i\u00e7eren kitap, uluslararas\u0131 hukuk sisteminin merkez\u00ee ve zamana ba\u011f\u0131ml\u0131 olmayan temel kavram ve kategorilerini ayd\u0131nlatan teori ve geli\u015fmelere odaklan\u0131yor, teori ve tarihin \u00e7e\u015fitli y\u00f6nlerinin kar\u015f\u0131l\u0131kl\u0131 ba\u011f\u0131ml\u0131l\u0131\u011f\u0131n\u0131 vurgulayarak teori ile uygulama aras\u0131ndaki ba\u011flant\u0131lar\u0131 g\u00f6steriyor. Tan\u0131nm\u0131\u015f uzmanlar\u0131n katk\u0131lar\u0131yla haz\u0131rlanan eser, klasik hukuk bilimi d\u00f6neminden bu yana ya\u015fanan temel de\u011fi\u015fimleri ve ilerlemeleri dikkate alarak uluslararas\u0131 hukuk teorisinin \u00f6z\u00fcn\u00fc ve geli\u015fimini inceliyor. Kitaba katk\u0131da bulunan yazarlar, uluslararas\u0131 hukukun belli ba\u015fl\u0131 alanlar\u0131n\u0131 derinlemesine inceledikten sonra odak noktalar\u0131n\u0131 Orta\u00e7a\u011f\u2019dan g\u00fcn\u00fcm\u00fcze uluslararas\u0131 hukuk tarihine kayd\u0131r\u0131yor. Kitapta tercih edilen perspektif, Avrupa-merkezci analizlerin tek boyutlu a\u00e7\u0131klamalar\u0131na ba\u011fl\u0131 kalmamas\u0131yla dikkat \u00e7ekiyor.<\/p>\n","protected":false},"excerpt":{"rendered":"<p>Bu eser, uluslararas\u0131 hukuk teori ve tarihinin analizine y\u00f6nelik kapsaml\u0131 bir bilimsel \u00e7er\u00e7eve sunuyor. Bir dizi hukuki ve disiplinler aras\u0131 analiz i\u00e7eren kitap, uluslararas\u0131 hukuk sisteminin<span class=\"excerpt-hellip\"> [\u2026]<\/span><\/p>\n","protected":false},"featured_media":0,"template":"","meta":{"_monsterinsights_skip_tracking":false,"_monsterinsights_sitenote_active":false,"_monsterinsights_sitenote_note":"","_monsterinsights_sitenote_category":0},"product_brand":[],"product_cat":[15350],"product_tag":[],"class_list":{"0":"post-751366","1":"product","2":"type-product","3":"status-publish","5":"product_cat-hukuk","6":"pa_cilt-ciltsiz","7":"pa_tur-kitap","8":"pa_yayinevi-pinhan-yayincilik","9":"pa_yazar-alexander-orakhelashvili","11":"first","12":"instock","13":"sale","14":"shipping-taxable","15":"purchasable","16":"product-type-simple"},"_links":{"self":[{"href":"https:\/\/roveyayinevi.com.tr\/index.php\/wp-json\/wp\/v2\/product\/751366","targetHints":{"allow":["GET"]}}],"collection":[{"href":"https:\/\/roveyayinevi.com.tr\/index.php\/wp-json\/wp\/v2\/product"}],"about":[{"href":"https:\/\/roveyayinevi.com.tr\/index.php\/wp-json\/wp\/v2\/types\/product"}],"wp:attachment":[{"href":"https:\/\/roveyayinevi.com.tr\/index.php\/wp-json\/wp\/v2\/media?parent=751366"}],"wp:term":[{"taxonomy":"product_brand","embeddable":true,"href":"https:\/\/roveyayinevi.com.tr\/index.php\/wp-json\/wp\/v2\/product_brand?post=751366"},{"taxonomy":"product_cat","embeddable":true,"href":"https:\/\/roveyayinevi.com.tr\/index.php\/wp-json\/wp\/v2\/product_cat?post=751366"},{"taxonomy":"product_tag","embeddable":true,"href":"https:\/\/roveyayinevi.com.tr\/index.php\/wp-json\/wp\/v2\/product_tag?post=751366"}],"curies":[{"name":"wp","href":"https:\/\/api.w.org\/{rel}","templated":true}]}}