{"id":751364,"date":"2025-08-28T04:47:08","date_gmt":"2025-08-28T01:47:08","guid":{"rendered":"https:\/\/roveyayinevi.com.tr\/index.php\/urun\/tanrisiz-dunya-duzeninden-allaha-donus\/"},"modified":"2026-04-16T03:04:44","modified_gmt":"2026-04-16T00:04:44","slug":"tanrisiz-dunya-duzeninden-allaha-donus","status":"publish","type":"product","link":"https:\/\/roveyayinevi.com.tr\/index.php\/urun\/tanrisiz-dunya-duzeninden-allaha-donus\/","title":{"rendered":"Tanr\u0131s\u0131z D\u00fcnya D\u00fczeninden Allah&#8217;a D\u00f6n\u00fc\u015f"},"content":{"rendered":"<p>\u201c DECCAL, MEHD\u0130 VE MES\u0130H EKSEN\u0130NDE BU Y\u00dcZYILA BAKI\u015e\u201d   G\u00fcn\u00fcm\u00fczde Deccaliyete hizmet edenlerin senaryolar\u0131 Hz.\u00c2dem\u2019in cennetten ilk kovulma sebebine hizmet edecek \u015fekilde tasarlan\u0131p uygulanmakta. Ve bu defa ayn\u0131 senaryo onu yery\u00fcz\u00fcnden s\u00fcrg\u00fcn etme projesi olarak sahneye konmakta. Modern \u00e7a\u011f\u0131n dayatmas\u0131 olan GDO\u2019lu g\u0131dalar \u00fczerinden insan\u0131n biyolojik yap\u0131s\u0131n\u0131 bozmaya y\u00f6nelik \u00e7al\u0131\u015fmalar \u00e7oktan ba\u015flad\u0131, artan bir h\u0131zla da devam ediyor. \u0130klimler de\u011fi\u015fiyor, kurakl\u0131k geliyor, g\u0131da krizi kap\u0131da \u00e7\u0131\u011fl\u0131klar\u0131 at\u0131l\u0131yor art\u0131k. Covid benzeri yapay \u00fcretilmi\u015f pandemilerin ard\u0131 arkas\u0131 gelmiyor. Teknoloji insan\u0131n hayat\u0131n\u0131 kolayla\u015ft\u0131r\u0131yormu\u015f gibi g\u00f6r\u00fcnse de gelinen durum insan\u0131n akl\u0131na ister istemez \u015fu sorular\u0131 getiriyor: &#8211;        Biyolojik insanla teknolojik insan\u0131n sava\u015f\u0131 ne zaman? &#8211;        \u0130nsan geni mutasyona u\u011frad\u0131k\u00e7a neye d\u00f6n\u00fc\u015fecek? &#8211;        Domuz geni fizyolojik yap\u0131m\u0131za do\u011frudan m\u00fcdahil olma \u00f6zelli\u011fine sahipken, t\u0131ptan g\u0131daya g\u00fcnl\u00fck hayat\u0131m\u0131za giren her \u015feyde domuzdan elde edilen hammaddeler neden kullan\u0131l\u0131yor? \u0130nsan\u0131n gelece\u011fini tehlikeye atan bu konular t\u00fcm insanl\u0131\u011f\u0131 tehdit ediyor. Herkes elinde asas\u0131yla insan\u00fcst\u00fc donan\u0131mlara sahip, insanl\u0131\u011f\u0131 kurtarmaya gelecek olan bir Mehdi beklerken Deccaliyet sistemi hedefine ula\u015fmak i\u00e7in t\u00fcm unsurlar\u0131n\u0131 harekete ge\u00e7irmi\u015f durumda.   * * *   Deccal, bu vaktin d\u00fczenidir, hayat tarz\u0131d\u0131r. Tanr\u0131s\u0131z d\u00fcnya d\u00fczeninin hem mimar\u0131 hem ruhudur!   \u0130nsanl\u0131\u011f\u0131 felakete g\u00f6t\u00fcren ve k\u00f6lele\u015ftiren materyalist felsefenin sonunun geldi\u011fini ve insanl\u0131\u011f\u0131n yeniden insanca ya\u015fayabilece\u011fi bir d\u00f6nemin gelebilece\u011finin ipu\u00e7lar\u0131n\u0131 g\u00f6steriyor bu eserinde. Benim derdim; birilerini itham etmek, y\u00fcceltmek de\u011fil. Kendi bildi\u011fim ve i\u00e7inde bulundu\u011fum d\u00f6nemin arg\u00fcmanlar\u0131 \u00e7er\u00e7evesinde anlad\u0131\u011f\u0131m kadar\u0131n\u0131 size aktarmak. Ben Deccal\u2019i de Mehdi\u2019yi de kaynaklarda ge\u00e7enlerden farkl\u0131 anl\u0131yorum. Bu benim g\u00f6r\u00fc\u015f\u00fcm. Elbette ki itiraz edecekler olacak. Hatta \u00e7ok olacak. Onlar da kendi anlad\u0131klar\u0131n\u0131 yazs\u0131nlar derim. \u0130zahlar\u0131mda esas\u0131nda \u015fah\u0131slarla i\u015fim yok. S\u00fcre\u00e7 ve neticeler \u00fczerinden misyonlara bakt\u0131m. Benim a\u00e7\u0131mdan mesele; g\u00fcnlerin sonunda insanl\u0131k, dinsizlik bata\u011f\u0131na s\u00fcr\u00fcklenecek, teknoloji \u00e7ok geli\u015fti\u011fi ve imk\u00e2nlar \u00e7o\u011fald\u0131\u011f\u0131 i\u00e7in insanl\u0131\u011f\u0131n ekserisi d\u00fcnya hayat\u0131yla yetinecek ve ahirete gereksinim duymayacak. Birileri de -t\u0131pk\u0131 Deccal gibi kaderin memurlar\u0131 olarak- ortaya \u00e7\u0131kacak ve bu s\u00fcreci tersine \u00e7evirmek isteyecek. \u0130slam \u00e2lemi, kaybetti\u011fi maddi manevi de\u011ferlerini yeniden almak isteyecek, bundan dolay\u0131 sava\u015flar \u00e7\u0131kacak. Tanr\u0131s\u0131zl\u0131k bata\u011f\u0131na s\u00fcr\u00fcklenmi\u015f insanl\u0131\u011f\u0131 birileri yeniden Allah\u2019a (c.c.) d\u00f6nd\u00fcrmeye \u00e7al\u0131\u015facak. Geli\u015fen teknoloji, maddeyi bile canland\u0131racak. Sonunda karga\u015fa yeniden hayata h\u00e2kim olacak ve insanl\u0131k maceras\u0131 tatil edilecek. Mehmet Ali Bulut <\/p>\n","protected":false},"excerpt":{"rendered":"<p>\u201c DECCAL, MEHD\u0130 VE MES\u0130H EKSEN\u0130NDE BU Y\u00dcZYILA BAKI\u015e\u201d G\u00fcn\u00fcm\u00fczde Deccaliyete hizmet edenlerin senaryolar\u0131 Hz.\u00c2dem\u2019in cennetten ilk kovulma sebebine hizmet edecek \u015fekilde tasarlan\u0131p uygulanmakta. Ve bu<span class=\"excerpt-hellip\"> [\u2026]<\/span><\/p>\n","protected":false},"featured_media":0,"template":"","meta":{"_monsterinsights_skip_tracking":false,"_monsterinsights_sitenote_active":false,"_monsterinsights_sitenote_note":"","_monsterinsights_sitenote_category":0},"product_brand":[],"product_cat":[12718],"product_tag":[],"class_list":{"0":"post-751364","1":"product","2":"type-product","3":"status-publish","5":"product_cat-din","6":"pa_cilt-ciltsiz","7":"pa_tur-kitap","8":"pa_yayinevi-hayat-yayinlari","9":"pa_yazar-mehmet-ali-bulut","11":"first","12":"instock","13":"sale","14":"shipping-taxable","15":"purchasable","16":"product-type-simple"},"_links":{"self":[{"href":"https:\/\/roveyayinevi.com.tr\/index.php\/wp-json\/wp\/v2\/product\/751364","targetHints":{"allow":["GET"]}}],"collection":[{"href":"https:\/\/roveyayinevi.com.tr\/index.php\/wp-json\/wp\/v2\/product"}],"about":[{"href":"https:\/\/roveyayinevi.com.tr\/index.php\/wp-json\/wp\/v2\/types\/product"}],"wp:attachment":[{"href":"https:\/\/roveyayinevi.com.tr\/index.php\/wp-json\/wp\/v2\/media?parent=751364"}],"wp:term":[{"taxonomy":"product_brand","embeddable":true,"href":"https:\/\/roveyayinevi.com.tr\/index.php\/wp-json\/wp\/v2\/product_brand?post=751364"},{"taxonomy":"product_cat","embeddable":true,"href":"https:\/\/roveyayinevi.com.tr\/index.php\/wp-json\/wp\/v2\/product_cat?post=751364"},{"taxonomy":"product_tag","embeddable":true,"href":"https:\/\/roveyayinevi.com.tr\/index.php\/wp-json\/wp\/v2\/product_tag?post=751364"}],"curies":[{"name":"wp","href":"https:\/\/api.w.org\/{rel}","templated":true}]}}