{"id":751362,"date":"2025-08-28T04:47:06","date_gmt":"2025-08-28T01:47:06","guid":{"rendered":"https:\/\/roveyayinevi.com.tr\/index.php\/urun\/baglanma-oyunlari\/"},"modified":"2026-04-16T03:04:44","modified_gmt":"2026-04-16T00:04:44","slug":"baglanma-oyunlari","status":"publish","type":"product","link":"https:\/\/roveyayinevi.com.tr\/index.php\/urun\/baglanma-oyunlari\/","title":{"rendered":"Ba\u011flanma Oyunlar\u0131"},"content":{"rendered":"<p>\u00c7ocu\u011funuzun ba\u011flanma bi\u00e7imi yeti\u015fkin oldu\u011funda da hep kullanaca\u011f\u0131 i\u00e7sel haritas\u0131d\u0131r. \u00c7ocu\u011funuzun ba\u011flanma bi\u00e7imi fabrika ayarlar\u0131d\u0131r\u2026 Tu\u0308m hayat yolculu\u011funda kullanaca\u011f\u0131 i\u00e7sel haritalar\u0131d\u0131r\u2026 Hepimiz \u00e7ocuklar\u0131m\u0131z i\u00e7in her \u015feyin en iyisini isteriz. Onlar\u0131 en gu\u0308zel \u015fekilde beslemek, giydirmek, en iyi okullarda okutmak isteriz. Tu\u0308m \u00e7abam\u0131z mutlu olsunlar, ba\u015far\u0131l\u0131 olsunlar diyedir. Ama biliyor musunuz, anne-baba olarak \u00e7ocuklar\u0131m\u0131za verece\u011fimiz en bu\u0308yu\u0308k hediye asl\u0131nda, tu\u0308m imk\u00e2nlar\u0131n \u00f6tesinde, sa\u011fl\u0131kl\u0131 ve gu\u0308venli bir ba\u011flanma ortam\u0131 yaratmakt\u0131r. Onlar\u0131 g\u00f6rmek, dinlemek, anlamakt\u0131r\u2026 Hatta daha do\u011fmadan \u00f6nce onlar\u0131 heyecanla beklemek, hayal etmektir\u2026 \u00c7u\u0308nku\u0308 bir \u00e7ocuk annesine, babas\u0131na, ona bak\u0131m veren ki\u015fiye nas\u0131l ba\u011flan\u0131yorsa ileride, yeti\u015fkin oldu\u011funda da \u00f6yle kurar ba\u011flar\u0131n\u0131 ve ili\u015fkilerini. Ayn\u0131 \u015femay\u0131 takip eder. Bu \u015fema ne kadar sa\u011fl\u0131ks\u0131z olursa olsun ona gu\u0308venli gelir \u00e7u\u0308nku\u0308 bildiktir. Gu\u0308\u00e7lu\u0308 ve sa\u011fl\u0131kl\u0131 bi\u00e7imde ba\u011flanan bir \u00e7ocuk ise kendisi i\u00e7in sa\u011fl\u0131kl\u0131 olan\u0131 se\u00e7ebilir; hayat\u0131n tu\u0308m zorluklar\u0131yla ba\u015f edebilecek i\u00e7 donan\u0131ma sahiptir \u00e7u\u0308nku\u0308 gu\u0308venmeyi \u00f6\u011frenmi\u015ftir. Hem hayata hem de kendine. Bu kitapta ba\u011flanma teorisinin detaylar\u0131n\u0131 ve \u00e7ocu\u011funuzun size sa\u011fl\u0131kl\u0131 ve gu\u0308venli ba\u011flanmas\u0131 i\u00e7in ipu\u00e7lar\u0131 bulacaks\u0131n\u0131z. 50 Ba\u011flanma Oyunu ise onunla onun dilinden, \u201coyun\u201dun dilinden ba\u011f kurman\u0131z\u0131 sa\u011flayacak, birlikte keyifle oynayaca\u011f\u0131n\u0131z oyunlar\u0131 anlat\u0131yor. Ba\u011flanma hik\u00e2yemiz neyse hayat hik\u00e2yemizi de \u00f6yle yazar\u0131z. Hem \u00e7ocuklar\u0131n\u0131z\u0131n hem de sizin kendi biricik hik\u00e2yenizi yazman\u0131z umuduyla&#8230; <\/p>\n","protected":false},"excerpt":{"rendered":"<p>\u00c7ocu\u011funuzun ba\u011flanma bi\u00e7imi yeti\u015fkin oldu\u011funda da hep kullanaca\u011f\u0131 i\u00e7sel haritas\u0131d\u0131r. \u00c7ocu\u011funuzun ba\u011flanma bi\u00e7imi fabrika ayarlar\u0131d\u0131r\u2026 Tu\u0308m hayat yolculu\u011funda kullanaca\u011f\u0131 i\u00e7sel haritalar\u0131d\u0131r\u2026 Hepimiz \u00e7ocuklar\u0131m\u0131z i\u00e7in her \u015feyin<span class=\"excerpt-hellip\"> [\u2026]<\/span><\/p>\n","protected":false},"featured_media":0,"template":"","meta":{"_monsterinsights_skip_tracking":false,"_monsterinsights_sitenote_active":false,"_monsterinsights_sitenote_note":"","_monsterinsights_sitenote_category":0},"product_brand":[],"product_cat":[12679,12357],"product_tag":[],"class_list":{"0":"post-751362","1":"product","2":"type-product","3":"status-publish","5":"product_cat-cocuk-psikolojisi","6":"product_cat-psikoloji","7":"pa_cilt-ciltsiz","8":"pa_tur-kitap","9":"pa_yayinevi-butik-yayinlari","10":"pa_yazar-hacer-yuceturk-sahin","12":"first","13":"instock","14":"sale","15":"shipping-taxable","16":"purchasable","17":"product-type-simple"},"_links":{"self":[{"href":"https:\/\/roveyayinevi.com.tr\/index.php\/wp-json\/wp\/v2\/product\/751362","targetHints":{"allow":["GET"]}}],"collection":[{"href":"https:\/\/roveyayinevi.com.tr\/index.php\/wp-json\/wp\/v2\/product"}],"about":[{"href":"https:\/\/roveyayinevi.com.tr\/index.php\/wp-json\/wp\/v2\/types\/product"}],"wp:attachment":[{"href":"https:\/\/roveyayinevi.com.tr\/index.php\/wp-json\/wp\/v2\/media?parent=751362"}],"wp:term":[{"taxonomy":"product_brand","embeddable":true,"href":"https:\/\/roveyayinevi.com.tr\/index.php\/wp-json\/wp\/v2\/product_brand?post=751362"},{"taxonomy":"product_cat","embeddable":true,"href":"https:\/\/roveyayinevi.com.tr\/index.php\/wp-json\/wp\/v2\/product_cat?post=751362"},{"taxonomy":"product_tag","embeddable":true,"href":"https:\/\/roveyayinevi.com.tr\/index.php\/wp-json\/wp\/v2\/product_tag?post=751362"}],"curies":[{"name":"wp","href":"https:\/\/api.w.org\/{rel}","templated":true}]}}