{"id":751361,"date":"2025-08-28T04:47:04","date_gmt":"2025-08-28T01:47:04","guid":{"rendered":"https:\/\/roveyayinevi.com.tr\/index.php\/urun\/ne-kosedeyim-ne-kiyida\/"},"modified":"2026-04-16T03:04:44","modified_gmt":"2026-04-16T00:04:44","slug":"ne-kosedeyim-ne-kiyida","status":"publish","type":"product","link":"https:\/\/roveyayinevi.com.tr\/index.php\/urun\/ne-kosedeyim-ne-kiyida\/","title":{"rendered":"Ne K\u00f6\u015fedeyim Ne K\u0131y\u0131da"},"content":{"rendered":"<p>K\u00fc\u00e7\u00fck bir k\u00f6y kurmal\u0131 kendine sevin\u00e7lerinden Yerle\u015fip murad\u0131n\u0131n k\u00f6\u015fesine g\u00f6zler parlak \u00c7\u0131plak ayaklar\u0131yla basmal\u0131 yemye\u015fil \u00e7imlere Varl\u0131\u011f\u0131m\u0131 bulmal\u0131y\u0131m sonra azmimin i\u00e7inden S\u00fcr\u00fcp gitmeliyim b\u00f6ylece sevin\u00e7lerimle <\/p>\n","protected":false},"excerpt":{"rendered":"<p>K\u00fc\u00e7\u00fck bir k\u00f6y kurmal\u0131 kendine sevin\u00e7lerinden Yerle\u015fip murad\u0131n\u0131n k\u00f6\u015fesine g\u00f6zler parlak \u00c7\u0131plak ayaklar\u0131yla basmal\u0131 yemye\u015fil \u00e7imlere Varl\u0131\u011f\u0131m\u0131 bulmal\u0131y\u0131m sonra azmimin i\u00e7inden S\u00fcr\u00fcp gitmeliyim b\u00f6ylece sevin\u00e7lerimle<\/p>\n","protected":false},"featured_media":0,"template":"","meta":{"_monsterinsights_skip_tracking":false,"_monsterinsights_sitenote_active":false,"_monsterinsights_sitenote_note":"","_monsterinsights_sitenote_category":0},"product_brand":[],"product_cat":[12291,12509],"product_tag":[],"class_list":{"0":"post-751361","1":"product","2":"type-product","3":"status-publish","5":"product_cat-edebiyat","6":"product_cat-siir","7":"pa_cilt-ciltsiz","8":"pa_tur-kitap","9":"pa_yayinevi-theseus-yayinevi","10":"pa_yazar-aydin-akyuz","12":"first","13":"instock","14":"sale","15":"shipping-taxable","16":"purchasable","17":"product-type-simple"},"_links":{"self":[{"href":"https:\/\/roveyayinevi.com.tr\/index.php\/wp-json\/wp\/v2\/product\/751361","targetHints":{"allow":["GET"]}}],"collection":[{"href":"https:\/\/roveyayinevi.com.tr\/index.php\/wp-json\/wp\/v2\/product"}],"about":[{"href":"https:\/\/roveyayinevi.com.tr\/index.php\/wp-json\/wp\/v2\/types\/product"}],"wp:attachment":[{"href":"https:\/\/roveyayinevi.com.tr\/index.php\/wp-json\/wp\/v2\/media?parent=751361"}],"wp:term":[{"taxonomy":"product_brand","embeddable":true,"href":"https:\/\/roveyayinevi.com.tr\/index.php\/wp-json\/wp\/v2\/product_brand?post=751361"},{"taxonomy":"product_cat","embeddable":true,"href":"https:\/\/roveyayinevi.com.tr\/index.php\/wp-json\/wp\/v2\/product_cat?post=751361"},{"taxonomy":"product_tag","embeddable":true,"href":"https:\/\/roveyayinevi.com.tr\/index.php\/wp-json\/wp\/v2\/product_tag?post=751361"}],"curies":[{"name":"wp","href":"https:\/\/api.w.org\/{rel}","templated":true}]}}