{"id":751360,"date":"2025-08-28T04:47:02","date_gmt":"2025-08-28T01:47:02","guid":{"rendered":"https:\/\/roveyayinevi.com.tr\/index.php\/urun\/kronia-kara-anshar-muhurleri\/"},"modified":"2026-04-16T03:04:44","modified_gmt":"2026-04-16T00:04:44","slug":"kronia-kara-anshar-muhurleri","status":"publish","type":"product","link":"https:\/\/roveyayinevi.com.tr\/index.php\/urun\/kronia-kara-anshar-muhurleri\/","title":{"rendered":"Kronia Kara Anshar M\u00fch\u00fcrleri"},"content":{"rendered":"<p>\u0130nsan\u0131n, zamana ve mek\u00e2na hapsolmad\u0131\u011f\u0131 dokuz kap\u0131l\u0131, on dokuz muhaf\u0131zl\u0131; ac\u0131kman\u0131n, susaman\u0131n, \u00e7\u0131plak kalman\u0131n ve g\u00fcne\u015fte yanman\u0131n olmad\u0131\u011f\u0131 alt\u0131n \u00e7a\u011fda ya\u015farken boyut kaybederek sekiz kap\u0131l\u0131 on alt\u0131 muhaf\u0131zl\u0131 bir kap\u0131dan ge\u00e7erek demir taht\u0131n h\u00e2kim oldu\u011fu yedi kap\u0131l\u0131, on d\u00f6rt muhaf\u0131zl\u0131 zamana ve mek\u00e2na hapsolmas\u0131yla ba\u015flayan ve hapis kald\u0131\u011f\u0131 d\u00fcnyadan \u00e7\u0131kmas\u0131 i\u00e7in yapm\u0131\u015f oldu\u011fu \u00f6zg\u00fcnl\u00fc\u011f\u00fcn m\u00fccadelesi\u2026   Kronia Kara Anshar M\u00fch\u00fcrleri adl\u0131 on alt\u0131 ciltten olu\u015fan serinin ilk kitab\u0131 olan Kutsal D\u00fc\u011f\u00fcn (Hieros Gamos) okuyucular\u0131 mistik ve tarihsel bir yolculu\u011fa \u00e7\u0131kar\u0131yor\u2026<\/p>\n","protected":false},"excerpt":{"rendered":"<p>\u0130nsan\u0131n, zamana ve mek\u00e2na hapsolmad\u0131\u011f\u0131 dokuz kap\u0131l\u0131, on dokuz muhaf\u0131zl\u0131; ac\u0131kman\u0131n, susaman\u0131n, \u00e7\u0131plak kalman\u0131n ve g\u00fcne\u015fte yanman\u0131n olmad\u0131\u011f\u0131 alt\u0131n \u00e7a\u011fda ya\u015farken boyut kaybederek sekiz kap\u0131l\u0131 on<span class=\"excerpt-hellip\"> [\u2026]<\/span><\/p>\n","protected":false},"featured_media":0,"template":"","meta":{"_monsterinsights_skip_tracking":false,"_monsterinsights_sitenote_active":false,"_monsterinsights_sitenote_note":"","_monsterinsights_sitenote_category":0},"product_brand":[],"product_cat":[12291,14777],"product_tag":[],"class_list":{"0":"post-751360","1":"product","2":"type-product","3":"status-publish","5":"product_cat-edebiyat","6":"product_cat-fantastik","7":"pa_cilt-ciltsiz","8":"pa_tur-kitap","9":"pa_yayinevi-elpis-yayinlari","10":"pa_yazar-zeki-parlak","12":"first","13":"instock","14":"sale","15":"shipping-taxable","16":"purchasable","17":"product-type-simple"},"_links":{"self":[{"href":"https:\/\/roveyayinevi.com.tr\/index.php\/wp-json\/wp\/v2\/product\/751360","targetHints":{"allow":["GET"]}}],"collection":[{"href":"https:\/\/roveyayinevi.com.tr\/index.php\/wp-json\/wp\/v2\/product"}],"about":[{"href":"https:\/\/roveyayinevi.com.tr\/index.php\/wp-json\/wp\/v2\/types\/product"}],"wp:attachment":[{"href":"https:\/\/roveyayinevi.com.tr\/index.php\/wp-json\/wp\/v2\/media?parent=751360"}],"wp:term":[{"taxonomy":"product_brand","embeddable":true,"href":"https:\/\/roveyayinevi.com.tr\/index.php\/wp-json\/wp\/v2\/product_brand?post=751360"},{"taxonomy":"product_cat","embeddable":true,"href":"https:\/\/roveyayinevi.com.tr\/index.php\/wp-json\/wp\/v2\/product_cat?post=751360"},{"taxonomy":"product_tag","embeddable":true,"href":"https:\/\/roveyayinevi.com.tr\/index.php\/wp-json\/wp\/v2\/product_tag?post=751360"}],"curies":[{"name":"wp","href":"https:\/\/api.w.org\/{rel}","templated":true}]}}