{"id":751358,"date":"2025-08-28T04:46:59","date_gmt":"2025-08-28T01:46:59","guid":{"rendered":"https:\/\/roveyayinevi.com.tr\/index.php\/urun\/ille-de-yozgat\/"},"modified":"2026-04-16T03:04:44","modified_gmt":"2026-04-16T00:04:44","slug":"ille-de-yozgat","status":"publish","type":"product","link":"https:\/\/roveyayinevi.com.tr\/index.php\/urun\/ille-de-yozgat\/","title":{"rendered":"\u0130lle de Yozgat"},"content":{"rendered":"<p>Tekke Yenicesi benim k\u00f6y\u00fcmd\u00fcr Mahmudevi s\u00fcl\u00e2lemdir soyumdur \u015eahmuratl\u0131 s\u00e2kinleri day\u0131md\u0131r Hari\u00e7te k\u00f6y dahilde soy \u00f6z gelir   Gurbetten s\u0131laya sel\u00e2m yollar\u0131m Ta\u015f yerinde a\u011f\u0131r imi\u015f bellerim Bozok K\u00fclt\u00fcr bayra\u011f\u0131n\u0131 sallar\u0131m Fikrim \u015fu ki benden \u00f6nce biz gelir   \u00c7ok \u015f\u00fck\u00fcr gayretim olmad\u0131 heb\u00e2 Tevecc\u00fche mazhar oldu her \u00e7aba K\u00f6klerimden ba\u011fl\u0131y\u0131m bu tur\u00e2ba Topra\u011f\u0131ndan mis kokulu toz gelir   Ba\u011fr\u0131yan\u0131k mahlas\u0131mla an\u0131ld\u0131m Abi karde\u015f dost yerine konuldum Ne \u00fcslupta ne tan\u0131m da yan\u0131ld\u0131m \u015eiir biter s\u00f6z t\u00fckenir saz gelir <\/p>\n","protected":false},"excerpt":{"rendered":"<p>Tekke Yenicesi benim k\u00f6y\u00fcmd\u00fcr Mahmudevi s\u00fcl\u00e2lemdir soyumdur \u015eahmuratl\u0131 s\u00e2kinleri day\u0131md\u0131r Hari\u00e7te k\u00f6y dahilde soy \u00f6z gelir Gurbetten s\u0131laya sel\u00e2m yollar\u0131m Ta\u015f yerinde a\u011f\u0131r imi\u015f bellerim Bozok<span class=\"excerpt-hellip\"> [\u2026]<\/span><\/p>\n","protected":false},"featured_media":0,"template":"","meta":{"_monsterinsights_skip_tracking":false,"_monsterinsights_sitenote_active":false,"_monsterinsights_sitenote_note":"","_monsterinsights_sitenote_category":0},"product_brand":[],"product_cat":[12291,12509],"product_tag":[],"class_list":{"0":"post-751358","1":"product","2":"type-product","3":"status-publish","5":"product_cat-edebiyat","6":"product_cat-siir","7":"pa_cilt-ciltsiz","8":"pa_tur-kitap","9":"pa_yayinevi-gulnar-yayinlari","10":"pa_yazar-erdal-cetindag","12":"first","13":"instock","14":"sale","15":"shipping-taxable","16":"purchasable","17":"product-type-simple"},"_links":{"self":[{"href":"https:\/\/roveyayinevi.com.tr\/index.php\/wp-json\/wp\/v2\/product\/751358","targetHints":{"allow":["GET"]}}],"collection":[{"href":"https:\/\/roveyayinevi.com.tr\/index.php\/wp-json\/wp\/v2\/product"}],"about":[{"href":"https:\/\/roveyayinevi.com.tr\/index.php\/wp-json\/wp\/v2\/types\/product"}],"wp:attachment":[{"href":"https:\/\/roveyayinevi.com.tr\/index.php\/wp-json\/wp\/v2\/media?parent=751358"}],"wp:term":[{"taxonomy":"product_brand","embeddable":true,"href":"https:\/\/roveyayinevi.com.tr\/index.php\/wp-json\/wp\/v2\/product_brand?post=751358"},{"taxonomy":"product_cat","embeddable":true,"href":"https:\/\/roveyayinevi.com.tr\/index.php\/wp-json\/wp\/v2\/product_cat?post=751358"},{"taxonomy":"product_tag","embeddable":true,"href":"https:\/\/roveyayinevi.com.tr\/index.php\/wp-json\/wp\/v2\/product_tag?post=751358"}],"curies":[{"name":"wp","href":"https:\/\/api.w.org\/{rel}","templated":true}]}}