{"id":751357,"date":"2025-08-28T04:46:57","date_gmt":"2025-08-28T01:46:57","guid":{"rendered":"https:\/\/roveyayinevi.com.tr\/index.php\/urun\/bir-muhsinden-bin-muhsine\/"},"modified":"2026-04-16T03:04:44","modified_gmt":"2026-04-16T00:04:44","slug":"bir-muhsinden-bin-muhsine","status":"publish","type":"product","link":"https:\/\/roveyayinevi.com.tr\/index.php\/urun\/bir-muhsinden-bin-muhsine\/","title":{"rendered":"Bir Muhsin&#8217;den Bin Muhsin&#8217;e"},"content":{"rendered":"<p>Bu kitab\u0131n di\u011fer kitaplardan fark\u0131 burada onu kar\u015f\u0131l\u0131ks\u0131z sevenler var. Onun dimdik duru\u015funu, davaya olan inanc\u0131n\u0131 sevip ona sayg\u0131 duyan, onu seven insanlar var&#8230; <\/p>\n","protected":false},"excerpt":{"rendered":"<p>Bu kitab\u0131n di\u011fer kitaplardan fark\u0131 burada onu kar\u015f\u0131l\u0131ks\u0131z sevenler var. Onun dimdik duru\u015funu, davaya olan inanc\u0131n\u0131 sevip ona sayg\u0131 duyan, onu seven insanlar var&#8230;<\/p>\n","protected":false},"featured_media":0,"template":"","meta":{"_monsterinsights_skip_tracking":false,"_monsterinsights_sitenote_active":false,"_monsterinsights_sitenote_note":"","_monsterinsights_sitenote_category":0},"product_brand":[],"product_cat":[12370,12304],"product_tag":[],"class_list":{"0":"post-751357","1":"product","2":"type-product","3":"status-publish","5":"product_cat-arastirma-inceleme","6":"product_cat-tarih","7":"pa_cilt-ciltsiz","8":"pa_tur-kitap","9":"pa_yayinevi-gulnar-yayinlari","10":"pa_yazar-mehmet-yetek","12":"first","13":"instock","14":"sale","15":"shipping-taxable","16":"purchasable","17":"product-type-simple"},"_links":{"self":[{"href":"https:\/\/roveyayinevi.com.tr\/index.php\/wp-json\/wp\/v2\/product\/751357","targetHints":{"allow":["GET"]}}],"collection":[{"href":"https:\/\/roveyayinevi.com.tr\/index.php\/wp-json\/wp\/v2\/product"}],"about":[{"href":"https:\/\/roveyayinevi.com.tr\/index.php\/wp-json\/wp\/v2\/types\/product"}],"wp:attachment":[{"href":"https:\/\/roveyayinevi.com.tr\/index.php\/wp-json\/wp\/v2\/media?parent=751357"}],"wp:term":[{"taxonomy":"product_brand","embeddable":true,"href":"https:\/\/roveyayinevi.com.tr\/index.php\/wp-json\/wp\/v2\/product_brand?post=751357"},{"taxonomy":"product_cat","embeddable":true,"href":"https:\/\/roveyayinevi.com.tr\/index.php\/wp-json\/wp\/v2\/product_cat?post=751357"},{"taxonomy":"product_tag","embeddable":true,"href":"https:\/\/roveyayinevi.com.tr\/index.php\/wp-json\/wp\/v2\/product_tag?post=751357"}],"curies":[{"name":"wp","href":"https:\/\/api.w.org\/{rel}","templated":true}]}}