{"id":751356,"date":"2025-08-28T04:46:57","date_gmt":"2025-08-28T01:46:57","guid":{"rendered":"https:\/\/roveyayinevi.com.tr\/index.php\/urun\/cumhuriyet-donemi-vergi-yapisi\/"},"modified":"2026-04-16T03:04:44","modified_gmt":"2026-04-16T00:04:44","slug":"cumhuriyet-donemi-vergi-yapisi","status":"publish","type":"product","link":"https:\/\/roveyayinevi.com.tr\/index.php\/urun\/cumhuriyet-donemi-vergi-yapisi\/","title":{"rendered":"Cumhuriyet D\u00f6nemi Vergi Yap\u0131s\u0131"},"content":{"rendered":"<p>\u201cArkada\u015flar! Son anlatt\u0131\u011f\u0131m noktada art\u0131k Osmanl\u0131 Devleti ger\u00e7ekte ve fiili olarak ba\u011f\u0131ms\u0131zl\u0131ktan mahrum bir duruma getirilmi\u015fti. Ger\u00e7ekten bir devlet ki, kendi halk\u0131na koydu\u011fu bir vergiyi yabanc\u0131lara koyamaz. G\u00fcmr\u00fck uygulamalar\u0131n\u0131, vergilerini memleketin ve milletin ihtiya\u00e7lar\u0131na g\u00f6re d\u00fczenlemekten yasakl\u0131d\u0131r. Ve bir devlet ki, fazla olarak yabanc\u0131lar \u00fczerinde yarg\u0131 hakk\u0131n\u0131 uygulamaktan mahrumdur. B\u00f6yle bir devlete elbette ba\u011f\u0131ms\u0131z denilemez. Devletin ve milletin hayat\u0131na yap\u0131lan m\u00fcdahaleler yaln\u0131z bu kadar de\u011fil, daha fazla idi&#8230;\u201d                                                                                                                                                                           Gazi Mustafa Kemal Atat\u00fcrk                                                                        T\u00fcrkiye \u0130ktisat Kongresi\u2019ni A\u00e7\u0131\u015f S\u00f6ylevi, \u0130zmir                                                                           * * *               \u0130\u015fgalden zafere, zaferden Cumhuriyete ula\u015fan gen\u00e7 T\u00fcrkiye Cumhuriyeti\u2019nin k\u0131sa s\u00fcrede iktisad\u00ee olarak da aya\u011fa kalk\u0131p medeni d\u00fcnyan\u0131n \u00fclkeleri aras\u0131nda yer bulmas\u0131 gerekti\u011fine inanan ve bunu mucizevi \u015fekilde ba\u015faran Gazi Mustafa Kemal Atat\u00fcrk\u2019ten ald\u0131\u011f\u0131m\u0131z feyzle ikinci y\u00fczy\u0131l\u0131m\u0131za ad\u0131m atmak gerekmektedir. Bunun i\u00e7in de \u00f6ncelikli olarak y\u00fczy\u0131l\u0131m\u0131z\u0131 mercek alt\u0131na almak, tarihin bize \u00f6\u011fretti\u011fi ger\u00e7eklerden m\u00fcmk\u00fcn oldu\u011funca yararlanmak durumunday\u0131z. Bu kapsamda Prof. Dr. Fatih SARA\u00c7O\u011eLU\u2019nun titiz ve kapsaml\u0131 \u00e7al\u0131\u015fmas\u0131yla Cumhuriyetimizin 100. y\u0131l\u0131na arma\u011fan etmekten onur duydu\u011fumuz \u201cCumhuriyet D\u00f6nemi Vergi Yap\u0131s\u0131\u201d adl\u0131 bu eserin okuyan, ara\u015ft\u0131ran, d\u00fc\u015f\u00fcnen, \u00fcreten herkes i\u00e7in faydal\u0131 olaca\u011f\u0131na inan\u0131yoruz. Nice y\u00fczlere&#8230; <\/p>\n","protected":false},"excerpt":{"rendered":"<p>\u201cArkada\u015flar! Son anlatt\u0131\u011f\u0131m noktada art\u0131k Osmanl\u0131 Devleti ger\u00e7ekte ve fiili olarak ba\u011f\u0131ms\u0131zl\u0131ktan mahrum bir duruma getirilmi\u015fti. Ger\u00e7ekten bir devlet ki, kendi halk\u0131na koydu\u011fu bir vergiyi yabanc\u0131lara<span class=\"excerpt-hellip\"> [\u2026]<\/span><\/p>\n","protected":false},"featured_media":0,"template":"","meta":{"_monsterinsights_skip_tracking":false,"_monsterinsights_sitenote_active":false,"_monsterinsights_sitenote_note":"","_monsterinsights_sitenote_category":0},"product_brand":[],"product_cat":[14841,13043],"product_tag":[],"class_list":{"0":"post-751356","1":"product","2":"type-product","3":"status-publish","5":"product_cat-arastirma-inceleme-kuram","6":"product_cat-ekonomi","7":"pa_cilt-ciltsiz","8":"pa_tur-kitap","9":"pa_yayinevi-romanoku-yayinlari","10":"pa_yazar-fatih-saracoglu","12":"first","13":"instock","14":"sale","15":"shipping-taxable","16":"purchasable","17":"product-type-simple"},"_links":{"self":[{"href":"https:\/\/roveyayinevi.com.tr\/index.php\/wp-json\/wp\/v2\/product\/751356","targetHints":{"allow":["GET"]}}],"collection":[{"href":"https:\/\/roveyayinevi.com.tr\/index.php\/wp-json\/wp\/v2\/product"}],"about":[{"href":"https:\/\/roveyayinevi.com.tr\/index.php\/wp-json\/wp\/v2\/types\/product"}],"wp:attachment":[{"href":"https:\/\/roveyayinevi.com.tr\/index.php\/wp-json\/wp\/v2\/media?parent=751356"}],"wp:term":[{"taxonomy":"product_brand","embeddable":true,"href":"https:\/\/roveyayinevi.com.tr\/index.php\/wp-json\/wp\/v2\/product_brand?post=751356"},{"taxonomy":"product_cat","embeddable":true,"href":"https:\/\/roveyayinevi.com.tr\/index.php\/wp-json\/wp\/v2\/product_cat?post=751356"},{"taxonomy":"product_tag","embeddable":true,"href":"https:\/\/roveyayinevi.com.tr\/index.php\/wp-json\/wp\/v2\/product_tag?post=751356"}],"curies":[{"name":"wp","href":"https:\/\/api.w.org\/{rel}","templated":true}]}}