{"id":751355,"date":"2025-08-28T04:46:55","date_gmt":"2025-08-28T01:46:55","guid":{"rendered":"https:\/\/roveyayinevi.com.tr\/index.php\/urun\/kizil-gece-ii\/"},"modified":"2026-04-16T03:04:44","modified_gmt":"2026-04-16T00:04:44","slug":"kizil-gece-ii","status":"publish","type":"product","link":"https:\/\/roveyayinevi.com.tr\/index.php\/urun\/kizil-gece-ii\/","title":{"rendered":"K\u0131z\u0131l Gece II"},"content":{"rendered":"<p>Ger\u00e7ek, bir cellat gibi yakas\u0131na yap\u0131\u015ft\u0131\u011f\u0131nda, Rozelin i\u00e7in iki yol vard\u0131: Teslim olmak ya da ka\u00e7mak&#8230; Ger\u00e7ek, bir cellat gibi yakas\u0131na yap\u0131\u015ft\u0131\u011f\u0131nda, Biran i\u00e7in iki yol vard\u0131: U\u011furlamak ya da esir almak&#8230; Rozelin, kal\u0131rsa Safornikon\u2019un ac\u0131mas\u0131z kollar\u0131na d\u00fc\u015fen k\u00fc\u00e7\u00fck k\u0131z karde\u015fini, giderse uzun ve yorucu bir m\u00fccadelenin sonunda kavu\u015ftu\u011fu o\u011flunu feda edecekti. Biran ise hangi yola saparsa saps\u0131n kaybedecekti.   \u201cSeni bir kutuya koyupyaln\u0131zca kendime saklamak isterdim,\u201d dedi usulca. G\u00fcl\u00fcmsememde ac\u0131 vard\u0131. \u201cBen de bize mutlu bir son yazabilmeyi&#8230;\u201d<\/p>\n","protected":false},"excerpt":{"rendered":"<p>Ger\u00e7ek, bir cellat gibi yakas\u0131na yap\u0131\u015ft\u0131\u011f\u0131nda, Rozelin i\u00e7in iki yol vard\u0131: Teslim olmak ya da ka\u00e7mak&#8230; Ger\u00e7ek, bir cellat gibi yakas\u0131na yap\u0131\u015ft\u0131\u011f\u0131nda, Biran i\u00e7in iki yol<span class=\"excerpt-hellip\"> [\u2026]<\/span><\/p>\n","protected":false},"featured_media":0,"template":"","meta":{"_monsterinsights_skip_tracking":false,"_monsterinsights_sitenote_active":false,"_monsterinsights_sitenote_note":"","_monsterinsights_sitenote_category":0},"product_brand":[],"product_cat":[12291,12711],"product_tag":[],"class_list":{"0":"post-751355","1":"product","2":"type-product","3":"status-publish","5":"product_cat-edebiyat","6":"product_cat-roman-oyku","7":"pa_cilt-ciltsiz","8":"pa_tur-kitap","9":"pa_yayinevi-epsilon-yayinlari","10":"pa_yazar-durumavii","12":"first","13":"instock","14":"sale","15":"shipping-taxable","16":"purchasable","17":"product-type-simple"},"_links":{"self":[{"href":"https:\/\/roveyayinevi.com.tr\/index.php\/wp-json\/wp\/v2\/product\/751355","targetHints":{"allow":["GET"]}}],"collection":[{"href":"https:\/\/roveyayinevi.com.tr\/index.php\/wp-json\/wp\/v2\/product"}],"about":[{"href":"https:\/\/roveyayinevi.com.tr\/index.php\/wp-json\/wp\/v2\/types\/product"}],"wp:attachment":[{"href":"https:\/\/roveyayinevi.com.tr\/index.php\/wp-json\/wp\/v2\/media?parent=751355"}],"wp:term":[{"taxonomy":"product_brand","embeddable":true,"href":"https:\/\/roveyayinevi.com.tr\/index.php\/wp-json\/wp\/v2\/product_brand?post=751355"},{"taxonomy":"product_cat","embeddable":true,"href":"https:\/\/roveyayinevi.com.tr\/index.php\/wp-json\/wp\/v2\/product_cat?post=751355"},{"taxonomy":"product_tag","embeddable":true,"href":"https:\/\/roveyayinevi.com.tr\/index.php\/wp-json\/wp\/v2\/product_tag?post=751355"}],"curies":[{"name":"wp","href":"https:\/\/api.w.org\/{rel}","templated":true}]}}