{"id":751353,"date":"2025-08-28T04:46:51","date_gmt":"2025-08-28T01:46:51","guid":{"rendered":"https:\/\/roveyayinevi.com.tr\/index.php\/urun\/aydede-peynir-degildir\/"},"modified":"2026-04-16T03:04:44","modified_gmt":"2026-04-16T00:04:44","slug":"aydede-peynir-degildir","status":"publish","type":"product","link":"https:\/\/roveyayinevi.com.tr\/index.php\/urun\/aydede-peynir-degildir\/","title":{"rendered":"Aydede Peynir De\u011fildir"},"content":{"rendered":"<p>K\u00fc\u00e7\u00fck fare, yatt\u0131\u011f\u0131 yerde bir oraya d\u00f6n\u00fcyordu bir buraya. Karn\u0131 \u00f6yle bir gurulduyordu ki&#8230; Kiler olarak kulland\u0131\u011f\u0131 kovu\u011fu, en az midesi kadar bo\u015ftu. Bakt\u0131 ki uyuyam\u0131yor, gece vakti yiyecek bir \u015feyler bulmak i\u00e7in yola koyuldu. O s\u0131rada bayku\u015fla kar\u015f\u0131la\u015ft\u0131. Bilgelikten s\u0131k\u0131lan bayku\u015f biraz e\u011flenmek istedi ve fareci\u011fe g\u00f6ky\u00fcz\u00fcndeki dolunay\u0131 g\u00f6sterdi. Art\u0131k k\u00fc\u00e7\u00fck farenin tek bir amac\u0131 vard\u0131: Ay peynirine ula\u015fmak!   Do\u011fa \u00fczerine \u00f6yk\u00fcleriyle sevilen Selda Ya\u015far, Can \u00c7ocuk Yay\u0131nlar\u0131\u2019ndaki ilk kitab\u0131nda, okurlar\u0131 ke\u015fif dolu, e\u011flenceli bir \u00f6yk\u00fcyle bulu\u015fturuyor. K\u00fc\u00e7\u00fck bir \u015fakan\u0131n yol a\u00e7t\u0131\u011f\u0131 yan\u0131lg\u0131yla ba\u015flayan heyecanl\u0131 aray\u0131\u015fa hem Ay\u2019\u0131n evreleri hem de G\u00f6zde Bitir\u2019in \u00f6zg\u00fcn desenleri e\u015flik ediyor. <\/p>\n","protected":false},"excerpt":{"rendered":"<p>K\u00fc\u00e7\u00fck fare, yatt\u0131\u011f\u0131 yerde bir oraya d\u00f6n\u00fcyordu bir buraya. Karn\u0131 \u00f6yle bir gurulduyordu ki&#8230; Kiler olarak kulland\u0131\u011f\u0131 kovu\u011fu, en az midesi kadar bo\u015ftu. Bakt\u0131 ki uyuyam\u0131yor,<span class=\"excerpt-hellip\"> [\u2026]<\/span><\/p>\n","protected":false},"featured_media":0,"template":"","meta":{"_monsterinsights_skip_tracking":false,"_monsterinsights_sitenote_active":false,"_monsterinsights_sitenote_note":"","_monsterinsights_sitenote_category":0},"product_brand":[],"product_cat":[12274,12284],"product_tag":[],"class_list":{"0":"post-751353","1":"product","2":"type-product","3":"status-publish","5":"product_cat-cocuk-ve-genclik-kitaplari","6":"product_cat-hikayeler","7":"pa_cilt-ciltsiz","8":"pa_tur-kitap","9":"pa_yayinevi-can-cocuk-yayinlari","10":"pa_yazar-selda-yasar","12":"first","13":"instock","14":"sale","15":"shipping-taxable","16":"purchasable","17":"product-type-simple"},"_links":{"self":[{"href":"https:\/\/roveyayinevi.com.tr\/index.php\/wp-json\/wp\/v2\/product\/751353","targetHints":{"allow":["GET"]}}],"collection":[{"href":"https:\/\/roveyayinevi.com.tr\/index.php\/wp-json\/wp\/v2\/product"}],"about":[{"href":"https:\/\/roveyayinevi.com.tr\/index.php\/wp-json\/wp\/v2\/types\/product"}],"wp:attachment":[{"href":"https:\/\/roveyayinevi.com.tr\/index.php\/wp-json\/wp\/v2\/media?parent=751353"}],"wp:term":[{"taxonomy":"product_brand","embeddable":true,"href":"https:\/\/roveyayinevi.com.tr\/index.php\/wp-json\/wp\/v2\/product_brand?post=751353"},{"taxonomy":"product_cat","embeddable":true,"href":"https:\/\/roveyayinevi.com.tr\/index.php\/wp-json\/wp\/v2\/product_cat?post=751353"},{"taxonomy":"product_tag","embeddable":true,"href":"https:\/\/roveyayinevi.com.tr\/index.php\/wp-json\/wp\/v2\/product_tag?post=751353"}],"curies":[{"name":"wp","href":"https:\/\/api.w.org\/{rel}","templated":true}]}}