{"id":751351,"date":"2025-08-28T04:46:47","date_gmt":"2025-08-28T01:46:47","guid":{"rendered":"https:\/\/roveyayinevi.com.tr\/index.php\/urun\/dagin-sesi\/"},"modified":"2026-04-05T03:07:35","modified_gmt":"2026-04-05T00:07:35","slug":"dagin-sesi","status":"publish","type":"product","link":"https:\/\/roveyayinevi.com.tr\/index.php\/urun\/dagin-sesi\/","title":{"rendered":"Da\u011f\u0131n Sesi"},"content":{"rendered":"<p>\u201cGer\u00e7ekten, topra\u011f\u0131n i\u00e7ine falan g\u00f6m\u00fcl\u00fcp dinlenemez mi insan? Elli bin y\u0131l sonra kalkt\u0131\u011f\u0131nda, kendi dertleri de toplumun sorunlar\u0131 da t\u00fcmden \u00e7\u00f6z\u00fclm\u00fc\u015f olabilir, cennete d\u00f6n\u00fc\u015fm\u00fc\u015f bir d\u00fcnyaya uyanabilir.\u201d   G\u00fcnden g\u00fcne ya\u015flanan Shingo\u2019nun haf\u0131zas\u0131 onu y\u00fcz\u00fcst\u00fc b\u0131rakmaktad\u0131r. \u00d6yle ki, geceleri da\u011fdan gelen g\u00fcmb\u00fcrt\u00fcde sadece \u00f6l\u00fcm\u00fcn sesini duymaya ba\u015flar. Hayat\u0131n\u0131n ve ailesinin durdurulamaz \u00e7\u00f6k\u00fc\u015f\u00fcyle kar\u015f\u0131 kar\u015f\u0131ya kalan bu ya\u015fl\u0131 adam, sadakatsiz o\u011flunun gen\u00e7 ve mutsuz e\u015fi Kikuko\u2019yla gitgide daha yak\u0131n bir ba\u011f kurar. Kawabata\u2019n\u0131n \u0130kinci D\u00fcnya Sava\u015f\u0131\u2019ndan sonra yazd\u0131\u011f\u0131 Da\u011f\u0131n Sesi, yaln\u0131zl\u0131k, \u00f6l\u00fcm ve bitmek bilmez g\u00fczellik aray\u0131\u015f\u0131n\u0131 ele alan h\u00fcz\u00fcnl\u00fc bir roman.     \u201cZengin, girift bir metin\u2026  T\u00fcm modern Japon romanlar\u0131 aras\u0131nda \u015fiire en yak\u0131n olan  Kawabata&#8217;n\u0131nkilerdir.&#8221; The New York Times     <\/p>\n","protected":false},"excerpt":{"rendered":"<p>\u201cGer\u00e7ekten, topra\u011f\u0131n i\u00e7ine falan g\u00f6m\u00fcl\u00fcp dinlenemez mi insan? Elli bin y\u0131l sonra kalkt\u0131\u011f\u0131nda, kendi dertleri de toplumun sorunlar\u0131 da t\u00fcmden \u00e7\u00f6z\u00fclm\u00fc\u015f olabilir, cennete d\u00f6n\u00fc\u015fm\u00fc\u015f bir d\u00fcnyaya<span class=\"excerpt-hellip\"> [\u2026]<\/span><\/p>\n","protected":false},"featured_media":0,"template":"","meta":{"_monsterinsights_skip_tracking":false,"_monsterinsights_sitenote_active":false,"_monsterinsights_sitenote_note":"","_monsterinsights_sitenote_category":0},"product_brand":[],"product_cat":[12291,12711],"product_tag":[],"class_list":{"0":"post-751351","1":"product","2":"type-product","3":"status-publish","5":"product_cat-edebiyat","6":"product_cat-roman-oyku","7":"pa_cilt-ciltsiz","8":"pa_tur-kitap","9":"pa_yayinevi-can-yayinlari","10":"pa_yazar-yasunari-kawabata","12":"first","13":"instock","14":"sale","15":"shipping-taxable","16":"purchasable","17":"product-type-simple"},"_links":{"self":[{"href":"https:\/\/roveyayinevi.com.tr\/index.php\/wp-json\/wp\/v2\/product\/751351","targetHints":{"allow":["GET"]}}],"collection":[{"href":"https:\/\/roveyayinevi.com.tr\/index.php\/wp-json\/wp\/v2\/product"}],"about":[{"href":"https:\/\/roveyayinevi.com.tr\/index.php\/wp-json\/wp\/v2\/types\/product"}],"wp:attachment":[{"href":"https:\/\/roveyayinevi.com.tr\/index.php\/wp-json\/wp\/v2\/media?parent=751351"}],"wp:term":[{"taxonomy":"product_brand","embeddable":true,"href":"https:\/\/roveyayinevi.com.tr\/index.php\/wp-json\/wp\/v2\/product_brand?post=751351"},{"taxonomy":"product_cat","embeddable":true,"href":"https:\/\/roveyayinevi.com.tr\/index.php\/wp-json\/wp\/v2\/product_cat?post=751351"},{"taxonomy":"product_tag","embeddable":true,"href":"https:\/\/roveyayinevi.com.tr\/index.php\/wp-json\/wp\/v2\/product_tag?post=751351"}],"curies":[{"name":"wp","href":"https:\/\/api.w.org\/{rel}","templated":true}]}}