{"id":751350,"date":"2025-08-28T04:46:45","date_gmt":"2025-08-28T01:46:45","guid":{"rendered":"https:\/\/roveyayinevi.com.tr\/index.php\/urun\/george-bir-saksaganin-anilari\/"},"modified":"2026-04-16T03:04:44","modified_gmt":"2026-04-16T00:04:44","slug":"george-bir-saksaganin-anilari","status":"publish","type":"product","link":"https:\/\/roveyayinevi.com.tr\/index.php\/urun\/george-bir-saksaganin-anilari\/","title":{"rendered":"George: Bir Saksa\u011fan\u0131n An\u0131lar\u0131"},"content":{"rendered":"<p>Bazen birini kurtarmak i\u00e7in elimizi uzatt\u0131\u011f\u0131m\u0131zda kurtulan biz oluruz. T\u0131pk\u0131 aidiyet sorunlar\u0131 ve k\u00f6ks\u00fczl\u00fck hissiyle bo\u011fu\u015fan Frieda Hughes\u2019in ba\u015f\u0131na geldi\u011fi gibi.   O, Galler k\u0131rsal\u0131n\u0131n derinliklerinde hayata ge\u00e7irilecek projeler, ekilecek bir bah\u00e7e, yap\u0131lacak resimler ve kurtar\u0131lacak hasta evlili\u011finin \u00fczerine d\u00fc\u015f\u00fcn\u00fcyordu. Her \u015fey f\u0131rt\u0131nada neredeyse yok olmak \u00fczere olan bir yuvada hayatta kalan tek yavru saksa\u011fan\u0131 kurtarmas\u0131yla ba\u015flad\u0131. Onu ya\u015fama d\u00f6nd\u00fcr\u00fcrken kendi hayat\u0131n\u0131n ak\u0131\u015f\u0131n\u0131n de\u011fi\u015fece\u011fini nereden bilebilirdi\u2026   \u015eair ve ressam Frieda Hughes, keder ve yaln\u0131zl\u0131\u011f\u0131n ard\u0131ndan, saksa\u011fan George ve yavrular\u0131yla birlikte kendiyle ba\u011f kurdu\u011fu bir yolculu\u011fa \u00e7\u0131k\u0131yor.  George ile tan\u0131\u015fana kadar t\u00fcm ya\u015fam\u0131 bir yuva aray\u0131\u015f\u0131yla ge\u00e7en Hughes, ger\u00e7ek sevgi ba\u011f\u0131n\u0131n yaral\u0131 bir ruh i\u00e7in teselli sa\u011flama g\u00fcc\u00fcne sahip oldu\u011funun unutulmaz hik\u00e2yesini \u015fiirsel bir dille anlat\u0131yor.<\/p>\n","protected":false},"excerpt":{"rendered":"<p>Bazen birini kurtarmak i\u00e7in elimizi uzatt\u0131\u011f\u0131m\u0131zda kurtulan biz oluruz. T\u0131pk\u0131 aidiyet sorunlar\u0131 ve k\u00f6ks\u00fczl\u00fck hissiyle bo\u011fu\u015fan Frieda Hughes\u2019in ba\u015f\u0131na geldi\u011fi gibi. O, Galler k\u0131rsal\u0131n\u0131n derinliklerinde hayata<span class=\"excerpt-hellip\"> [\u2026]<\/span><\/p>\n","protected":false},"featured_media":0,"template":"","meta":{"_monsterinsights_skip_tracking":false,"_monsterinsights_sitenote_active":false,"_monsterinsights_sitenote_note":"","_monsterinsights_sitenote_category":0},"product_brand":[],"product_cat":[12777,12291],"product_tag":[],"class_list":{"0":"post-751350","1":"product","2":"type-product","3":"status-publish","5":"product_cat-deneme","6":"product_cat-edebiyat","7":"pa_cilt-ciltsiz","8":"pa_tur-kitap","9":"pa_yayinevi-serenad-yayinevi","10":"pa_yazar-frieda-hughes","12":"first","13":"instock","14":"sale","15":"shipping-taxable","16":"purchasable","17":"product-type-simple"},"_links":{"self":[{"href":"https:\/\/roveyayinevi.com.tr\/index.php\/wp-json\/wp\/v2\/product\/751350","targetHints":{"allow":["GET"]}}],"collection":[{"href":"https:\/\/roveyayinevi.com.tr\/index.php\/wp-json\/wp\/v2\/product"}],"about":[{"href":"https:\/\/roveyayinevi.com.tr\/index.php\/wp-json\/wp\/v2\/types\/product"}],"wp:attachment":[{"href":"https:\/\/roveyayinevi.com.tr\/index.php\/wp-json\/wp\/v2\/media?parent=751350"}],"wp:term":[{"taxonomy":"product_brand","embeddable":true,"href":"https:\/\/roveyayinevi.com.tr\/index.php\/wp-json\/wp\/v2\/product_brand?post=751350"},{"taxonomy":"product_cat","embeddable":true,"href":"https:\/\/roveyayinevi.com.tr\/index.php\/wp-json\/wp\/v2\/product_cat?post=751350"},{"taxonomy":"product_tag","embeddable":true,"href":"https:\/\/roveyayinevi.com.tr\/index.php\/wp-json\/wp\/v2\/product_tag?post=751350"}],"curies":[{"name":"wp","href":"https:\/\/api.w.org\/{rel}","templated":true}]}}