{"id":751349,"date":"2025-08-28T04:46:44","date_gmt":"2025-08-28T01:46:44","guid":{"rendered":"https:\/\/roveyayinevi.com.tr\/index.php\/urun\/iyi-gazetecilik-iyi-ki-gazetecilik\/"},"modified":"2026-04-16T03:04:44","modified_gmt":"2026-04-16T00:04:44","slug":"iyi-gazetecilik-iyi-ki-gazetecilik","status":"publish","type":"product","link":"https:\/\/roveyayinevi.com.tr\/index.php\/urun\/iyi-gazetecilik-iyi-ki-gazetecilik\/","title":{"rendered":"\u0130yi Gazetecilik \u0130yi ki Gazetecilik"},"content":{"rendered":"<p>Her \u015feye ra\u011fmen, ille de gazetecilik! Bar\u0131\u015f \u0130nce&#8217;nin yay\u0131na haz\u0131rlad\u0131\u011f\u0131 \u0130yi Gazetecilik \u0130yi ki Gazetecilik, 90&#8217;lar T\u00fcrkiye&#8217;sinde y\u00fckselmeye ba\u015flayan yeni medya d\u00fczeninin kurulu\u015funa birinci elden tan\u0131kl\u0131k eden \u00f6d\u00fcll\u00fc gazeteci Timur Soykan&#8217;\u0131n an\u0131lar\u0131 ve anlat\u0131lar\u0131yla \u015fekillenen bir nehir s\u00f6yle\u015fi kitab\u0131. Muhalif duru\u015fu, cesur ki\u015fili\u011fi ve \u00f6zg\u00fcn yaz\u0131m tarz\u0131yla s\u0131f\u0131rdan in\u015fa etti\u011fi gazetecilik kariyerini, &#8221;6 ya\u015f\u0131nda evlendirilen k\u0131z \u00e7ocu\u011fu&#8221; haberiyle doruk noktas\u0131na t\u0131rmand\u0131ran Timur Soykan&#8217;\u0131 \u00e7ok daha yak\u0131ndan tan\u0131mam\u0131z\u0131 sa\u011flayan kitap; T\u00fcrkiye&#8217;nin yak\u0131n tarihine ayna tutmakla kalm\u0131yor, ayn\u0131 zamanda &#8221;bol \u00e7alkant\u0131l\u0131&#8221; merkez medyan\u0131n ger\u00e7ek\u00e7i bir panoramas\u0131n\u0131 da \u00e7iziyor.  Habercili\u011fin y\u0131llar i\u00e7indeki de\u011fi\u015fimini ve d\u00f6n\u00fc\u015f\u00fcm\u00fcn\u00fc \u00e7arp\u0131c\u0131 kesitler e\u015fli\u011finde anlatan Soykan, \u0130nce&#8217;nin y\u00f6neltti\u011fi sorulara verdi\u011fi yan\u0131tlarda; bask\u0131 ve korku ikliminde &#8221;iyi gazetecilik&#8221;ten taviz vermemenin zorlu\u011fundan, sans\u00fcr\u00fcn medyan\u0131n temel kodlar\u0131na nas\u0131l i\u015fledi\u011finden ve gazetecileri zorunlu nedenlerle birer aktiviste d\u00f6n\u00fc\u015ft\u00fcren sistemin bozulan \u00e7arklar\u0131ndan s\u00f6z ediyor.   &#8221;Sanki normal demokrasi ko\u015fullar\u0131nda ya\u015f\u0131yormu\u015fsun gibi gazetecilik yapamazs\u0131n T\u00fcrkiye&#8217;de.&#8221; K\u00f6t\u00fcl\u00fc\u011f\u00fcn etraf\u0131n\u0131 sard\u0131\u011f\u0131 karanl\u0131\u011f\u0131n i\u00e7inde k\u00fc\u00e7\u00fck bir umut \u0131\u015f\u0131\u011f\u0131 oldu Timur Soykan di\u011fer pek \u00e7ok gazeteci gibi. Suskun d\u00f6nemlerin &#8221;ses&#8221;lerinden birine d\u00f6n\u00fc\u015ft\u00fc zamanla. Yapt\u0131\u011f\u0131 i\u015f cesaret ve kahramanl\u0131k olarak g\u00f6r\u00fcld\u00fc pek \u00e7oklar\u0131 taraf\u0131ndan. Oysa ona g\u00f6re bu onun i\u015fiydi zaten. Hayat\u0131 pahas\u0131na da olsa, sadece ger\u00e7ekleri s\u00f6ylemek&#8230; Gazetecili\u011fe ne zaman merak sard\u0131? Plaza medyas\u0131n\u0131n orta yerine d\u00fc\u015ft\u00fc\u011f\u00fc stajyerlik d\u00f6neminde hangi g\u00f6z kama\u015ft\u0131r\u0131c\u0131 olaylar\u0131 ya\u015fad\u0131? \u0130lk haberi ne oldu? Edebiyatla ili\u015fkisi habercilik kalemini nereye ta\u015f\u0131d\u0131? Gece muhabirli\u011fi yapt\u0131\u011f\u0131 y\u0131llarda nelerle y\u00fczle\u015fti? Y\u0131llar boyunca kimlerin oltas\u0131na geldi, kand\u0131r\u0131ld\u0131? Bulvar gazetesi i\u00e7in \u00e7al\u0131\u015f\u0131rken nas\u0131l \u00e7akt\u0131rmadan muhalefet yapt\u0131? Devletin bas\u0131lmamas\u0131 i\u00e7in seferber oldu\u011fu bir kitab\u0131 yok edilmekten nas\u0131l kurtard\u0131? \u00d6l\u00fcm\u00fcn so\u011fuk nefesi ensesindeyken, \u00fclkeyi derinden sarsacak haberleri g\u00fcny\u00fcz\u00fcne \u00e7\u0131karmaktan hi\u00e7 endi\u015fe duymad\u0131 m\u0131?   Bar\u0131\u015f \u0130nce sordu, Timur Soykan yan\u0131tlad\u0131&#8230; Bir d\u00f6nemler merkez medya i\u00e7in b\u00fct\u00fcn g\u00fcn elleri cepte, sokaklarda insan \u00f6yk\u00fcleri toplarken, bug\u00fcnlerde alternatif muhalif bas\u0131n\u0131n ya\u015fam\u0131n\u0131 idame ettirmesi i\u00e7in sava\u015f veren Timur Soykan&#8217;\u0131n hayat\u0131ndan ve gazetecilik ser\u00fcveninden renkli manzaralar sunan bu keyifli nehir s\u00f6yle\u015fi sayesinde; medyan\u0131n demokrasi i\u00e7in d\u00f6rd\u00fcnc\u00fc kuvvet oldu\u011funa bir kez daha \u015fahitlik edeceksiniz. &#8221;\u0130\u015ften at\u0131lan bir arkada\u015f\u0131 i\u00e7in ya da hapisteki bir meslekta\u015f\u0131 veya hi\u00e7 tan\u0131mad\u0131\u011f\u0131 bir k\u0131z \u00e7ocu\u011fu i\u00e7in, bedel \u00f6demeyi g\u00f6ze almak, bug\u00fcn i\u00e7in en b\u00fcy\u00fck kahramanl\u0131k bence&#8230; Kahramanlar\u0131n \u00e7o\u011falmas\u0131 ve s\u0131radanla\u015fmas\u0131 dile\u011fiyle&#8230;&#8221;<\/p>\n","protected":false},"excerpt":{"rendered":"<p>Her \u015feye ra\u011fmen, ille de gazetecilik! Bar\u0131\u015f \u0130nce&#8217;nin yay\u0131na haz\u0131rlad\u0131\u011f\u0131 \u0130yi Gazetecilik \u0130yi ki Gazetecilik, 90&#8217;lar T\u00fcrkiye&#8217;sinde y\u00fckselmeye ba\u015flayan yeni medya d\u00fczeninin kurulu\u015funa birinci elden tan\u0131kl\u0131k<span class=\"excerpt-hellip\"> [\u2026]<\/span><\/p>\n","protected":false},"featured_media":0,"template":"","meta":{"_monsterinsights_skip_tracking":false,"_monsterinsights_sitenote_active":false,"_monsterinsights_sitenote_note":"","_monsterinsights_sitenote_category":0},"product_brand":[],"product_cat":[12291,30969],"product_tag":[],"class_list":{"0":"post-751349","1":"product","2":"type-product","3":"status-publish","5":"product_cat-edebiyat","6":"product_cat-soylesi-edebiyat","7":"pa_cilt-ciltsiz","8":"pa_tur-kitap","9":"pa_yayinevi-delidolu","10":"pa_yazar-baris-ince","12":"first","13":"instock","14":"sale","15":"shipping-taxable","16":"purchasable","17":"product-type-simple"},"_links":{"self":[{"href":"https:\/\/roveyayinevi.com.tr\/index.php\/wp-json\/wp\/v2\/product\/751349","targetHints":{"allow":["GET"]}}],"collection":[{"href":"https:\/\/roveyayinevi.com.tr\/index.php\/wp-json\/wp\/v2\/product"}],"about":[{"href":"https:\/\/roveyayinevi.com.tr\/index.php\/wp-json\/wp\/v2\/types\/product"}],"wp:attachment":[{"href":"https:\/\/roveyayinevi.com.tr\/index.php\/wp-json\/wp\/v2\/media?parent=751349"}],"wp:term":[{"taxonomy":"product_brand","embeddable":true,"href":"https:\/\/roveyayinevi.com.tr\/index.php\/wp-json\/wp\/v2\/product_brand?post=751349"},{"taxonomy":"product_cat","embeddable":true,"href":"https:\/\/roveyayinevi.com.tr\/index.php\/wp-json\/wp\/v2\/product_cat?post=751349"},{"taxonomy":"product_tag","embeddable":true,"href":"https:\/\/roveyayinevi.com.tr\/index.php\/wp-json\/wp\/v2\/product_tag?post=751349"}],"curies":[{"name":"wp","href":"https:\/\/api.w.org\/{rel}","templated":true}]}}