{"id":751345,"date":"2025-08-28T04:46:38","date_gmt":"2025-08-28T01:46:38","guid":{"rendered":"https:\/\/roveyayinevi.com.tr\/index.php\/urun\/edebiyat-siyaset-yazilari2\/"},"modified":"2026-04-16T03:04:44","modified_gmt":"2026-04-16T00:04:44","slug":"edebiyat-siyaset-yazilari2","status":"publish","type":"product","link":"https:\/\/roveyayinevi.com.tr\/index.php\/urun\/edebiyat-siyaset-yazilari2\/","title":{"rendered":"Edebiyat Siyaset Yaz\u0131lar\u0131:2"},"content":{"rendered":"<p>Edebiyat\u0131n bilgisi, bilinci, yol haritas\u0131 \u00d6zdemir \u0130nce\u2019nin ele\u015ftirel denemelerinde s\u00fcrekli kar\u015f\u0131m\u0131za \u00e7\u0131kar. O, g\u00fcndemle\u015ftirdi\u011fi edebi konular kadar; kavramlardan, bunlar\u0131n dilde\/yaz\u0131da kullan\u0131l\u0131\u015fa d\u00f6n\u00fck bak\u0131\u015f\u0131n\u0131 dile getirmede cesur ve atakt\u0131r. \u00d6yle ki; Edebiyat ve Siyaset Yaz\u0131lar\u0131 onun bu bak\u0131\u015f\u0131n\u0131n birikimini ta\u015f\u0131r okura. Bu anlamda serinin ikinci kitab\u0131 \u00c7ile T\u00f6renleri, Dinozorca \u00d6zdemir \u0130nce\u2019nin kendi edebi co\u011frafyas\u0131n\u0131n renklerini de i\u00e7eren denemelerini bir araya getiriyor. Edebiyat\u0131n ya\u015fayan, tan\u0131k olunan zamanlar\u0131na d\u00f6n\u00fck bir bak\u0131\u015f, bir birikimdir \u00d6zdemir \u0130nce\u2019nin sundu\u011fu. G\u00fcn\u00fcm\u00fcz T\u00fcrk edebiyat\u0131n\u0131n varolu\u015fsal sorunlar\u0131na da bir tan\u0131kl\u0131kt\u0131r ayn\u0131 zamanda.   \u201cSanatta her yeni e\u011filim \u00f6nce problemlerini ortaya koyar. Sonra o iddiay\u0131 kuvvetlendiren ve ona uygun eserler verirmi\u015f. Yani ozanlar oturacaklar, yeni \u015fiirin ne t\u00fcrl\u00fc olmas\u0131 gerekti\u011fini tart\u0131\u015facaklar, sonunda ilkeler oya sunulacak, \u00e7o\u011funlu\u011fu sa\u011flayan ilkelerden belirli bir \u00f6l\u00e7\u00fcye varacaklar, eserlerini de bu \u00f6l\u00e7\u00fclere uydurmak tek ve yeter ama\u00e7lar\u0131 olacak, b\u00f6ylece sa\u011flam sand\u0131klar\u0131 ilkeler onlar\u0131 sa\u011flam yap\u0131tlara g\u00f6t\u00fcrecek. Biz bundan bunu \u00e7\u0131kard\u0131k, ba\u015fka t\u00fcrl\u00fc anlayan varsa parmak kald\u0131rs\u0131n. Ya\u011fma yok! \u015eiir o kadar kolay de\u011fil.\u201d   \u00d6zdemir \u0130nce     <\/p>\n","protected":false},"excerpt":{"rendered":"<p>Edebiyat\u0131n bilgisi, bilinci, yol haritas\u0131 \u00d6zdemir \u0130nce\u2019nin ele\u015ftirel denemelerinde s\u00fcrekli kar\u015f\u0131m\u0131za \u00e7\u0131kar. O, g\u00fcndemle\u015ftirdi\u011fi edebi konular kadar; kavramlardan, bunlar\u0131n dilde\/yaz\u0131da kullan\u0131l\u0131\u015fa d\u00f6n\u00fck bak\u0131\u015f\u0131n\u0131 dile getirmede cesur<span class=\"excerpt-hellip\"> [\u2026]<\/span><\/p>\n","protected":false},"featured_media":0,"template":"","meta":{"_monsterinsights_skip_tracking":false,"_monsterinsights_sitenote_active":false,"_monsterinsights_sitenote_note":"","_monsterinsights_sitenote_category":0},"product_brand":[],"product_cat":[12777,12291],"product_tag":[],"class_list":{"0":"post-751345","1":"product","2":"type-product","3":"status-publish","5":"product_cat-deneme","6":"product_cat-edebiyat","7":"pa_cilt-ciltsiz","8":"pa_tur-kitap","9":"pa_yayinevi-eksik-parca-yayinlari","10":"pa_yazar-ozdemir-ince","12":"first","13":"instock","14":"sale","15":"shipping-taxable","16":"purchasable","17":"product-type-simple"},"_links":{"self":[{"href":"https:\/\/roveyayinevi.com.tr\/index.php\/wp-json\/wp\/v2\/product\/751345","targetHints":{"allow":["GET"]}}],"collection":[{"href":"https:\/\/roveyayinevi.com.tr\/index.php\/wp-json\/wp\/v2\/product"}],"about":[{"href":"https:\/\/roveyayinevi.com.tr\/index.php\/wp-json\/wp\/v2\/types\/product"}],"wp:attachment":[{"href":"https:\/\/roveyayinevi.com.tr\/index.php\/wp-json\/wp\/v2\/media?parent=751345"}],"wp:term":[{"taxonomy":"product_brand","embeddable":true,"href":"https:\/\/roveyayinevi.com.tr\/index.php\/wp-json\/wp\/v2\/product_brand?post=751345"},{"taxonomy":"product_cat","embeddable":true,"href":"https:\/\/roveyayinevi.com.tr\/index.php\/wp-json\/wp\/v2\/product_cat?post=751345"},{"taxonomy":"product_tag","embeddable":true,"href":"https:\/\/roveyayinevi.com.tr\/index.php\/wp-json\/wp\/v2\/product_tag?post=751345"}],"curies":[{"name":"wp","href":"https:\/\/api.w.org\/{rel}","templated":true}]}}