{"id":751343,"date":"2025-08-28T04:46:35","date_gmt":"2025-08-28T01:46:35","guid":{"rendered":"https:\/\/roveyayinevi.com.tr\/index.php\/urun\/dort-duvar-arasi\/"},"modified":"2026-04-16T03:04:44","modified_gmt":"2026-04-16T00:04:44","slug":"dort-duvar-arasi","status":"publish","type":"product","link":"https:\/\/roveyayinevi.com.tr\/index.php\/urun\/dort-duvar-arasi\/","title":{"rendered":"D\u00f6rt Duvar Aras\u0131"},"content":{"rendered":"<p>Leyal m\u0131, Avc\u0131 m\u0131, Gece K\u0131z\u0131 m\u0131? Biri merhametli, sevgi dolu, biri zeki ve cesur, di\u011feri ise bir katil\u2026 Bir bedende \u00fc\u00e7 ki\u015fi, hepsinin yolu farkl\u0131. S\u0131k\u0131\u015ft\u0131klar\u0131 yerse d\u00f6rt duvar aras\u0131\u2026  \u201cD\u00f6rt duvar aras\u0131nda bir ev, hapishane, hastane veya herhangi bir yerde \u00fcst\u00fcne \u00fcst\u00fcne gelen duvarlar\u0131 a\u015fabilmek i\u00e7in bazen ba\u011f\u0131rarak sesini duyurmak, bazen sessiz kal\u0131p beklemek bazense kurnazca duvarlar\u0131 a\u015fmay\u0131 denemek gerekir. D\u00f6rt duvar aras\u0131nda bir yerine neresi oldu\u011funun bir \u00f6nemi yok. Hapsolmu\u015f be\u015f ki\u015fi; hepsi farkl\u0131 yollar\u0131 se\u00e7ti. Kimileri sessiz kal\u0131p duvarlar\u0131n alt\u0131nda kald\u0131, kimileri o duvarlarla mutlu olmay\u0131 \u00f6\u011frendi, kimileri sesini \u00e7\u0131kararak eninde sonunda \u00f6l\u00fc ya da diri sesini duyurdu.\u201d <\/p>\n","protected":false},"excerpt":{"rendered":"<p>Leyal m\u0131, Avc\u0131 m\u0131, Gece K\u0131z\u0131 m\u0131? Biri merhametli, sevgi dolu, biri zeki ve cesur, di\u011feri ise bir katil\u2026 Bir bedende \u00fc\u00e7 ki\u015fi, hepsinin yolu farkl\u0131.<span class=\"excerpt-hellip\"> [\u2026]<\/span><\/p>\n","protected":false},"featured_media":0,"template":"","meta":{"_monsterinsights_skip_tracking":false,"_monsterinsights_sitenote_active":false,"_monsterinsights_sitenote_note":"","_monsterinsights_sitenote_category":0},"product_brand":[],"product_cat":[12291,15445],"product_tag":[],"class_list":{"0":"post-751343","1":"product","2":"type-product","3":"status-publish","5":"product_cat-edebiyat","6":"product_cat-polisiye","7":"pa_cilt-ciltsiz","8":"pa_tur-kitap","9":"pa_yayinevi-kitap-muptelasi-yayinlari","10":"pa_yazar-yaren-demircelen","12":"first","13":"instock","14":"sale","15":"shipping-taxable","16":"purchasable","17":"product-type-simple"},"_links":{"self":[{"href":"https:\/\/roveyayinevi.com.tr\/index.php\/wp-json\/wp\/v2\/product\/751343","targetHints":{"allow":["GET"]}}],"collection":[{"href":"https:\/\/roveyayinevi.com.tr\/index.php\/wp-json\/wp\/v2\/product"}],"about":[{"href":"https:\/\/roveyayinevi.com.tr\/index.php\/wp-json\/wp\/v2\/types\/product"}],"wp:attachment":[{"href":"https:\/\/roveyayinevi.com.tr\/index.php\/wp-json\/wp\/v2\/media?parent=751343"}],"wp:term":[{"taxonomy":"product_brand","embeddable":true,"href":"https:\/\/roveyayinevi.com.tr\/index.php\/wp-json\/wp\/v2\/product_brand?post=751343"},{"taxonomy":"product_cat","embeddable":true,"href":"https:\/\/roveyayinevi.com.tr\/index.php\/wp-json\/wp\/v2\/product_cat?post=751343"},{"taxonomy":"product_tag","embeddable":true,"href":"https:\/\/roveyayinevi.com.tr\/index.php\/wp-json\/wp\/v2\/product_tag?post=751343"}],"curies":[{"name":"wp","href":"https:\/\/api.w.org\/{rel}","templated":true}]}}