{"id":751342,"date":"2025-08-28T04:46:33","date_gmt":"2025-08-28T01:46:33","guid":{"rendered":"https:\/\/roveyayinevi.com.tr\/index.php\/urun\/kostugunda-ruzgar\/"},"modified":"2026-04-16T03:04:44","modified_gmt":"2026-04-16T00:04:44","slug":"kostugunda-ruzgar","status":"publish","type":"product","link":"https:\/\/roveyayinevi.com.tr\/index.php\/urun\/kostugunda-ruzgar\/","title":{"rendered":"Ko\u015ftu\u011funda R\u00fczgar"},"content":{"rendered":"<p>Yar\u0131n bir Sonraki g\u00fcn iki Ko\u015ftu\u011funda r\u00fczg\u00e2r Hem de k\u0131sa bir ak\u015fam\u0131n dar\u0131nda Yaln\u0131z ben y\u00fcr\u00fcyece\u011fim F\u0131rt\u0131naya kar\u015f\u0131 tek ba\u015f\u0131ma Su toplam\u0131\u015f ayaklar\u0131m tan\u0131k olacak K\u0131pk\u0131rm\u0131z\u0131 savrulmalar\u0131ma Ve d\u00f6k\u00fcld\u00fc\u011f\u00fcme yollara Sahipsiz i\u00e7imden <\/p>\n","protected":false},"excerpt":{"rendered":"<p>Yar\u0131n bir Sonraki g\u00fcn iki Ko\u015ftu\u011funda r\u00fczg\u00e2r Hem de k\u0131sa bir ak\u015fam\u0131n dar\u0131nda Yaln\u0131z ben y\u00fcr\u00fcyece\u011fim F\u0131rt\u0131naya kar\u015f\u0131 tek ba\u015f\u0131ma Su toplam\u0131\u015f ayaklar\u0131m tan\u0131k olacak K\u0131pk\u0131rm\u0131z\u0131<span class=\"excerpt-hellip\"> [\u2026]<\/span><\/p>\n","protected":false},"featured_media":0,"template":"","meta":{"_monsterinsights_skip_tracking":false,"_monsterinsights_sitenote_active":false,"_monsterinsights_sitenote_note":"","_monsterinsights_sitenote_category":0},"product_brand":[],"product_cat":[12291,12509],"product_tag":[],"class_list":{"0":"post-751342","1":"product","2":"type-product","3":"status-publish","5":"product_cat-edebiyat","6":"product_cat-siir","7":"pa_cilt-ciltsiz","8":"pa_tur-kitap","9":"pa_yayinevi-kitap-muptelasi-yayinlari","10":"pa_yazar-nurhan-arslan","12":"first","13":"instock","14":"sale","15":"shipping-taxable","16":"purchasable","17":"product-type-simple"},"_links":{"self":[{"href":"https:\/\/roveyayinevi.com.tr\/index.php\/wp-json\/wp\/v2\/product\/751342","targetHints":{"allow":["GET"]}}],"collection":[{"href":"https:\/\/roveyayinevi.com.tr\/index.php\/wp-json\/wp\/v2\/product"}],"about":[{"href":"https:\/\/roveyayinevi.com.tr\/index.php\/wp-json\/wp\/v2\/types\/product"}],"wp:attachment":[{"href":"https:\/\/roveyayinevi.com.tr\/index.php\/wp-json\/wp\/v2\/media?parent=751342"}],"wp:term":[{"taxonomy":"product_brand","embeddable":true,"href":"https:\/\/roveyayinevi.com.tr\/index.php\/wp-json\/wp\/v2\/product_brand?post=751342"},{"taxonomy":"product_cat","embeddable":true,"href":"https:\/\/roveyayinevi.com.tr\/index.php\/wp-json\/wp\/v2\/product_cat?post=751342"},{"taxonomy":"product_tag","embeddable":true,"href":"https:\/\/roveyayinevi.com.tr\/index.php\/wp-json\/wp\/v2\/product_tag?post=751342"}],"curies":[{"name":"wp","href":"https:\/\/api.w.org\/{rel}","templated":true}]}}