{"id":751338,"date":"2025-08-28T04:46:26","date_gmt":"2025-08-28T01:46:26","guid":{"rendered":"https:\/\/roveyayinevi.com.tr\/index.php\/urun\/deniz-kokan-siirler\/"},"modified":"2026-04-16T03:04:44","modified_gmt":"2026-04-16T00:04:44","slug":"deniz-kokan-siirler","status":"publish","type":"product","link":"https:\/\/roveyayinevi.com.tr\/index.php\/urun\/deniz-kokan-siirler\/","title":{"rendered":"Deniz Kokan \u015eiirler"},"content":{"rendered":"<p>Setimiz Zafer Y\u0131ld\u0131r\u0131m&#8217;\u0131n \u201cAy I\u015f\u0131\u011f\u0131nda G\u00f6kku\u015fa\u011f\u0131\u201d, \u201cKumrali\u00e7e\u201d ve &#8220;Denize Do\u011fru Konu\u015fmalar&#8221; \u015fiir kitaplar\u0131ndan olu\u015fmaktad\u0131r. Ay I\u015f\u0131\u011f\u0131nda G\u00f6kku\u015fa\u011f\u0131: Deniz k\u0131z\u0131n\u0131 g\u00f6rd\u00fcm dedim g\u00fcl\u00fcp ge\u00e7tinizAy I\u015f\u0131\u011f\u0131nda G\u00f6kku\u015fa\u011f\u0131 dedimOlur mu hi\u00e7 dedinizKorkuyorumT\u0131marhaneye atacaks\u0131n\u0131z beniDi\u011fer g\u00f6rd\u00fcklerimi s\u00f6ylesemAnlayamazs\u0131n\u0131z beni diyorumSusuyorum Kumrali\u00e7e: Kudi der dostlar\u0131m bana Zoru severim Bu y\u00fczden \u015fair oldum Akl\u0131m akmaz yap\u0131lan Nice i\u015flere \u015fahit oldum Yerim i\u00e7erim g\u00f6nl\u00fcmce D\u00fcnyay\u0131 dola\u015f\u0131r\u0131m D\u00f6n\u00fcp M\u00fcsl\u00fcman mahallesinde Salyangoz satar\u0131m\u2026 Denize Do\u011fru Konu\u015fmalar: Biliyor musun deniz \u00dc\u00e7 be\u015f kelimeyi yan yana yaz\u0131yorum Ona \u201c\u015fiir\u201d diyorlar Bana da \u201c\u015fair\u201d Nas\u0131l mutlu oluyorlar Bu kadar kolay m\u0131 \u201c\u015fair\u201d olmak  Bu kadar kolay m\u0131 \u201cmutlu\u201d olmak Bilsem mutlu edecek Odun\u2019a de\u011fil  Kendime yazard\u0131m\u2026 <\/p>\n","protected":false},"excerpt":{"rendered":"<p>Setimiz Zafer Y\u0131ld\u0131r\u0131m&#8217;\u0131n \u201cAy I\u015f\u0131\u011f\u0131nda G\u00f6kku\u015fa\u011f\u0131\u201d, \u201cKumrali\u00e7e\u201d ve &#8220;Denize Do\u011fru Konu\u015fmalar&#8221; \u015fiir kitaplar\u0131ndan olu\u015fmaktad\u0131r. Ay I\u015f\u0131\u011f\u0131nda G\u00f6kku\u015fa\u011f\u0131: Deniz k\u0131z\u0131n\u0131 g\u00f6rd\u00fcm dedim g\u00fcl\u00fcp ge\u00e7tinizAy I\u015f\u0131\u011f\u0131nda G\u00f6kku\u015fa\u011f\u0131 dedimOlur<span class=\"excerpt-hellip\"> [\u2026]<\/span><\/p>\n","protected":false},"featured_media":0,"template":"","meta":{"_monsterinsights_skip_tracking":false,"_monsterinsights_sitenote_active":false,"_monsterinsights_sitenote_note":"","_monsterinsights_sitenote_category":0},"product_brand":[],"product_cat":[12291,12509],"product_tag":[],"class_list":{"0":"post-751338","1":"product","2":"type-product","3":"status-publish","5":"product_cat-edebiyat","6":"product_cat-siir","7":"pa_cilt-ciltsiz","8":"pa_tur-kitap","9":"pa_yayinevi-vaveyla-yayincilik","10":"pa_yazar-zafer-yildirim","12":"first","13":"instock","14":"sale","15":"shipping-taxable","16":"purchasable","17":"product-type-simple"},"_links":{"self":[{"href":"https:\/\/roveyayinevi.com.tr\/index.php\/wp-json\/wp\/v2\/product\/751338","targetHints":{"allow":["GET"]}}],"collection":[{"href":"https:\/\/roveyayinevi.com.tr\/index.php\/wp-json\/wp\/v2\/product"}],"about":[{"href":"https:\/\/roveyayinevi.com.tr\/index.php\/wp-json\/wp\/v2\/types\/product"}],"wp:attachment":[{"href":"https:\/\/roveyayinevi.com.tr\/index.php\/wp-json\/wp\/v2\/media?parent=751338"}],"wp:term":[{"taxonomy":"product_brand","embeddable":true,"href":"https:\/\/roveyayinevi.com.tr\/index.php\/wp-json\/wp\/v2\/product_brand?post=751338"},{"taxonomy":"product_cat","embeddable":true,"href":"https:\/\/roveyayinevi.com.tr\/index.php\/wp-json\/wp\/v2\/product_cat?post=751338"},{"taxonomy":"product_tag","embeddable":true,"href":"https:\/\/roveyayinevi.com.tr\/index.php\/wp-json\/wp\/v2\/product_tag?post=751338"}],"curies":[{"name":"wp","href":"https:\/\/api.w.org\/{rel}","templated":true}]}}