{"id":751336,"date":"2025-08-28T04:46:23","date_gmt":"2025-08-28T01:46:23","guid":{"rendered":"https:\/\/roveyayinevi.com.tr\/index.php\/urun\/siir-seti-5-kitap\/"},"modified":"2026-04-16T03:04:44","modified_gmt":"2026-04-16T00:04:44","slug":"siir-seti-5-kitap","status":"publish","type":"product","link":"https:\/\/roveyayinevi.com.tr\/index.php\/urun\/siir-seti-5-kitap\/","title":{"rendered":"\u015eiir Seti 5 Kitap"},"content":{"rendered":"<p>Setimiz 5 \u015fiir kitab\u0131ndan olu\u015fmaktad\u0131r. Ge\u00e7 Kalanlar &#8211; \u00c7i\u011fdem K\u00f6ro\u011flu Bu\u011fu &#8211; Hamdi Dilmen Kumrali\u00e7e &#8211; Zafer Y\u0131ld\u0131r\u0131m Ay I\u015f\u0131\u011f\u0131nda G\u00f6kku\u015fa\u011f\u0131 &#8211; Zafer Y\u0131ld\u0131r\u0131m Denize Do\u011fru Konu\u015fmalar &#8211; Zafer Y\u0131ld\u0131r\u0131m <\/p>\n","protected":false},"excerpt":{"rendered":"<p>Setimiz 5 \u015fiir kitab\u0131ndan olu\u015fmaktad\u0131r. Ge\u00e7 Kalanlar &#8211; \u00c7i\u011fdem K\u00f6ro\u011flu Bu\u011fu &#8211; Hamdi Dilmen Kumrali\u00e7e &#8211; Zafer Y\u0131ld\u0131r\u0131m Ay I\u015f\u0131\u011f\u0131nda G\u00f6kku\u015fa\u011f\u0131 &#8211; Zafer Y\u0131ld\u0131r\u0131m Denize Do\u011fru<span class=\"excerpt-hellip\"> [\u2026]<\/span><\/p>\n","protected":false},"featured_media":0,"template":"","meta":{"_monsterinsights_skip_tracking":false,"_monsterinsights_sitenote_active":false,"_monsterinsights_sitenote_note":"","_monsterinsights_sitenote_category":0},"product_brand":[],"product_cat":[12291,12509],"product_tag":[],"class_list":{"0":"post-751336","1":"product","2":"type-product","3":"status-publish","5":"product_cat-edebiyat","6":"product_cat-siir","7":"pa_cilt-ciltsiz","8":"pa_tur-kitap","9":"pa_yayinevi-vaveyla-yayincilik","10":"pa_yazar-kolektif","12":"first","13":"instock","14":"sale","15":"shipping-taxable","16":"purchasable","17":"product-type-simple"},"_links":{"self":[{"href":"https:\/\/roveyayinevi.com.tr\/index.php\/wp-json\/wp\/v2\/product\/751336","targetHints":{"allow":["GET"]}}],"collection":[{"href":"https:\/\/roveyayinevi.com.tr\/index.php\/wp-json\/wp\/v2\/product"}],"about":[{"href":"https:\/\/roveyayinevi.com.tr\/index.php\/wp-json\/wp\/v2\/types\/product"}],"wp:attachment":[{"href":"https:\/\/roveyayinevi.com.tr\/index.php\/wp-json\/wp\/v2\/media?parent=751336"}],"wp:term":[{"taxonomy":"product_brand","embeddable":true,"href":"https:\/\/roveyayinevi.com.tr\/index.php\/wp-json\/wp\/v2\/product_brand?post=751336"},{"taxonomy":"product_cat","embeddable":true,"href":"https:\/\/roveyayinevi.com.tr\/index.php\/wp-json\/wp\/v2\/product_cat?post=751336"},{"taxonomy":"product_tag","embeddable":true,"href":"https:\/\/roveyayinevi.com.tr\/index.php\/wp-json\/wp\/v2\/product_tag?post=751336"}],"curies":[{"name":"wp","href":"https:\/\/api.w.org\/{rel}","templated":true}]}}