{"id":751335,"date":"2025-08-28T04:46:21","date_gmt":"2025-08-28T01:46:21","guid":{"rendered":"https:\/\/roveyayinevi.com.tr\/index.php\/urun\/histerik-kahkaha\/"},"modified":"2026-04-16T03:04:44","modified_gmt":"2026-04-16T00:04:44","slug":"histerik-kahkaha","status":"publish","type":"product","link":"https:\/\/roveyayinevi.com.tr\/index.php\/urun\/histerik-kahkaha\/","title":{"rendered":"Histerik Kahkaha"},"content":{"rendered":"<p>H\u0130STER\u0130K KAHKAHA Sahip olmak isteyip de olamad\u0131klar\u0131m Unutmaya \u00e7al\u0131\u015ft\u0131\u011f\u0131m an\u0131lar\u0131m Hat\u0131rlamaya \u00e7al\u0131\u015f\u0131p da hat\u0131rlayamad\u0131klar\u0131m Beni a\u011flatan ama g\u00f6zya\u015flar\u0131mda bo\u011famad\u0131klar\u0131m   Zaman\u0131nda yakalayamad\u0131\u011f\u0131m imk\u00e2nlar\u0131m \u00d6zg\u00fcrl\u00fc\u011f\u00fcmde kaybetti\u011fim duygular\u0131m Kahkahalar\u0131nda nefessiz kald\u0131klar\u0131m Sahte g\u00fcl\u00fc\u015flerinde dibi boylad\u0131klar\u0131m   \u00c7\u0131\u011fl\u0131\u011f\u0131m\u0131 duyuramad\u0131klar\u0131m \u00c7\u0131lg\u0131nl\u0131\u011f\u0131mda esir ettiklerim Sevgimle s\u0131kt\u0131klar\u0131m Sevemedi\u011fim hayat\u0131m, al\u0131\u015famad\u0131\u011f\u0131m al\u0131\u015fkanl\u0131klar\u0131m   Sizlere anlatamad\u0131klar\u0131m Buraya yazamad\u0131klar\u0131m Histerik kahkahalar\u0131mda sa\u011f\u0131r ettiklerim Sevgimi hak etmeyen sevdiklerim<\/p>\n","protected":false},"excerpt":{"rendered":"<p>H\u0130STER\u0130K KAHKAHA Sahip olmak isteyip de olamad\u0131klar\u0131m Unutmaya \u00e7al\u0131\u015ft\u0131\u011f\u0131m an\u0131lar\u0131m Hat\u0131rlamaya \u00e7al\u0131\u015f\u0131p da hat\u0131rlayamad\u0131klar\u0131m Beni a\u011flatan ama g\u00f6zya\u015flar\u0131mda bo\u011famad\u0131klar\u0131m Zaman\u0131nda yakalayamad\u0131\u011f\u0131m imk\u00e2nlar\u0131m \u00d6zg\u00fcrl\u00fc\u011f\u00fcmde kaybetti\u011fim duygular\u0131m Kahkahalar\u0131nda<span class=\"excerpt-hellip\"> [\u2026]<\/span><\/p>\n","protected":false},"featured_media":0,"template":"","meta":{"_monsterinsights_skip_tracking":false,"_monsterinsights_sitenote_active":false,"_monsterinsights_sitenote_note":"","_monsterinsights_sitenote_category":0},"product_brand":[],"product_cat":[12291,12509],"product_tag":[],"class_list":{"0":"post-751335","1":"product","2":"type-product","3":"status-publish","5":"product_cat-edebiyat","6":"product_cat-siir","7":"pa_cilt-ciltsiz","8":"pa_tur-kitap","9":"pa_yayinevi-luna-yayinlari","10":"pa_yazar-berfin-safak-sahbal","12":"first","13":"instock","14":"sale","15":"shipping-taxable","16":"purchasable","17":"product-type-simple"},"_links":{"self":[{"href":"https:\/\/roveyayinevi.com.tr\/index.php\/wp-json\/wp\/v2\/product\/751335","targetHints":{"allow":["GET"]}}],"collection":[{"href":"https:\/\/roveyayinevi.com.tr\/index.php\/wp-json\/wp\/v2\/product"}],"about":[{"href":"https:\/\/roveyayinevi.com.tr\/index.php\/wp-json\/wp\/v2\/types\/product"}],"wp:attachment":[{"href":"https:\/\/roveyayinevi.com.tr\/index.php\/wp-json\/wp\/v2\/media?parent=751335"}],"wp:term":[{"taxonomy":"product_brand","embeddable":true,"href":"https:\/\/roveyayinevi.com.tr\/index.php\/wp-json\/wp\/v2\/product_brand?post=751335"},{"taxonomy":"product_cat","embeddable":true,"href":"https:\/\/roveyayinevi.com.tr\/index.php\/wp-json\/wp\/v2\/product_cat?post=751335"},{"taxonomy":"product_tag","embeddable":true,"href":"https:\/\/roveyayinevi.com.tr\/index.php\/wp-json\/wp\/v2\/product_tag?post=751335"}],"curies":[{"name":"wp","href":"https:\/\/api.w.org\/{rel}","templated":true}]}}