{"id":751334,"date":"2025-08-28T04:46:20","date_gmt":"2025-08-28T01:46:20","guid":{"rendered":"https:\/\/roveyayinevi.com.tr\/index.php\/urun\/mutlu-evliliklerin-7-ozelligi\/"},"modified":"2026-04-16T03:04:44","modified_gmt":"2026-04-16T00:04:44","slug":"mutlu-evliliklerin-7-ozelligi","status":"publish","type":"product","link":"https:\/\/roveyayinevi.com.tr\/index.php\/urun\/mutlu-evliliklerin-7-ozelligi\/","title":{"rendered":"Mutlu Evliliklerin 7 \u00d6zelli\u011fi"},"content":{"rendered":"<p>Mutlu bir evlili\u011fe sahip olmak ger\u00e7ekten m\u00fcmk\u00fcn m\u00fc? Mutlu bir evlilik i\u00e7in yap\u0131lmas\u0131 gerekenlerin ba\u015f\u0131nda neler geliyor? Prof. Dr. Medaim Yan\u0131k\u2019\u0131n en az 10 y\u0131ll\u0131k evli olan e\u015flerle yapm\u0131\u015f oldu\u011fu \u00e7al\u0131\u015fma, mutlu evliliklerin m\u00fcmk\u00fcn oldu\u011fu ve bunlar\u0131n yedi ortak \u00f6zelli\u011fi oldu\u011funu ortaya koyuyor. Bu kitap, mutlu evliliklerin olabilece\u011fine inanmayanlar\u0131 ikna etmekle birlikte okura bunu nas\u0131l in\u015fa edece\u011fine dair bir yol haritas\u0131 da sunuyor.<\/p>\n","protected":false},"excerpt":{"rendered":"<p>Mutlu bir evlili\u011fe sahip olmak ger\u00e7ekten m\u00fcmk\u00fcn m\u00fc? Mutlu bir evlilik i\u00e7in yap\u0131lmas\u0131 gerekenlerin ba\u015f\u0131nda neler geliyor? Prof. Dr. Medaim Yan\u0131k\u2019\u0131n en az 10 y\u0131ll\u0131k evli<span class=\"excerpt-hellip\"> [\u2026]<\/span><\/p>\n","protected":false},"featured_media":0,"template":"","meta":{"_monsterinsights_skip_tracking":false,"_monsterinsights_sitenote_active":false,"_monsterinsights_sitenote_note":"","_monsterinsights_sitenote_category":0},"product_brand":[],"product_cat":[12325,12324],"product_tag":[],"class_list":{"0":"post-751334","1":"product","2":"type-product","3":"status-publish","5":"product_cat-diger-sosyoloji","6":"product_cat-sosyoloji","7":"pa_cilt-ciltsiz","8":"pa_tur-kitap","9":"pa_yayinevi-erdem-yayinlari","10":"pa_yazar-medaim-yanik","12":"first","13":"instock","14":"sale","15":"shipping-taxable","16":"purchasable","17":"product-type-simple"},"_links":{"self":[{"href":"https:\/\/roveyayinevi.com.tr\/index.php\/wp-json\/wp\/v2\/product\/751334","targetHints":{"allow":["GET"]}}],"collection":[{"href":"https:\/\/roveyayinevi.com.tr\/index.php\/wp-json\/wp\/v2\/product"}],"about":[{"href":"https:\/\/roveyayinevi.com.tr\/index.php\/wp-json\/wp\/v2\/types\/product"}],"wp:attachment":[{"href":"https:\/\/roveyayinevi.com.tr\/index.php\/wp-json\/wp\/v2\/media?parent=751334"}],"wp:term":[{"taxonomy":"product_brand","embeddable":true,"href":"https:\/\/roveyayinevi.com.tr\/index.php\/wp-json\/wp\/v2\/product_brand?post=751334"},{"taxonomy":"product_cat","embeddable":true,"href":"https:\/\/roveyayinevi.com.tr\/index.php\/wp-json\/wp\/v2\/product_cat?post=751334"},{"taxonomy":"product_tag","embeddable":true,"href":"https:\/\/roveyayinevi.com.tr\/index.php\/wp-json\/wp\/v2\/product_tag?post=751334"}],"curies":[{"name":"wp","href":"https:\/\/api.w.org\/{rel}","templated":true}]}}