{"id":751332,"date":"2025-08-28T04:46:17","date_gmt":"2025-08-28T01:46:17","guid":{"rendered":"https:\/\/roveyayinevi.com.tr\/index.php\/urun\/aslan-dikkat-ve-kodlama\/"},"modified":"2026-04-16T03:04:44","modified_gmt":"2026-04-16T00:04:44","slug":"aslan-dikkat-ve-kodlama","status":"publish","type":"product","link":"https:\/\/roveyayinevi.com.tr\/index.php\/urun\/aslan-dikkat-ve-kodlama\/","title":{"rendered":"Aslan Dikkat ve Kodlama"},"content":{"rendered":"<p>Bu kitap, 5-6 ya\u015f \u00e7ocuklar\u0131n alg\u0131lama, g\u00f6rsel dikkat kazanma, g\u00f6rsel ayr\u0131\u015ft\u0131rma gibi yeteneklerini geli\u015ftirmeyi hedefliyor. Problem \u00e7\u00f6zme ve \u00e7\u00f6z\u00fcm bulma becerisini artt\u0131rmaya y\u00f6nelik haz\u0131rlanan etkinlikler, Aslan karakteriyle de dikkat \u00e7ekici bir h\u00e2le geliyor.<\/p>\n","protected":false},"excerpt":{"rendered":"<p>Bu kitap, 5-6 ya\u015f \u00e7ocuklar\u0131n alg\u0131lama, g\u00f6rsel dikkat kazanma, g\u00f6rsel ayr\u0131\u015ft\u0131rma gibi yeteneklerini geli\u015ftirmeyi hedefliyor. Problem \u00e7\u00f6zme ve \u00e7\u00f6z\u00fcm bulma becerisini artt\u0131rmaya y\u00f6nelik haz\u0131rlanan etkinlikler, Aslan<span class=\"excerpt-hellip\"> [\u2026]<\/span><\/p>\n","protected":false},"featured_media":0,"template":"","meta":{"_monsterinsights_skip_tracking":false,"_monsterinsights_sitenote_active":false,"_monsterinsights_sitenote_note":"","_monsterinsights_sitenote_category":0},"product_brand":[],"product_cat":[12274,15842],"product_tag":[],"class_list":{"0":"post-751332","1":"product","2":"type-product","3":"status-publish","5":"product_cat-cocuk-ve-genclik-kitaplari","6":"product_cat-egitici-kitaplar","7":"pa_cilt-ciltsiz","8":"pa_tur-kitap","9":"pa_yayinevi-erdem-cocuk","10":"pa_yazar-kolektif","12":"first","13":"instock","14":"sale","15":"shipping-taxable","16":"purchasable","17":"product-type-simple"},"_links":{"self":[{"href":"https:\/\/roveyayinevi.com.tr\/index.php\/wp-json\/wp\/v2\/product\/751332","targetHints":{"allow":["GET"]}}],"collection":[{"href":"https:\/\/roveyayinevi.com.tr\/index.php\/wp-json\/wp\/v2\/product"}],"about":[{"href":"https:\/\/roveyayinevi.com.tr\/index.php\/wp-json\/wp\/v2\/types\/product"}],"wp:attachment":[{"href":"https:\/\/roveyayinevi.com.tr\/index.php\/wp-json\/wp\/v2\/media?parent=751332"}],"wp:term":[{"taxonomy":"product_brand","embeddable":true,"href":"https:\/\/roveyayinevi.com.tr\/index.php\/wp-json\/wp\/v2\/product_brand?post=751332"},{"taxonomy":"product_cat","embeddable":true,"href":"https:\/\/roveyayinevi.com.tr\/index.php\/wp-json\/wp\/v2\/product_cat?post=751332"},{"taxonomy":"product_tag","embeddable":true,"href":"https:\/\/roveyayinevi.com.tr\/index.php\/wp-json\/wp\/v2\/product_tag?post=751332"}],"curies":[{"name":"wp","href":"https:\/\/api.w.org\/{rel}","templated":true}]}}