{"id":751331,"date":"2025-08-28T04:46:16","date_gmt":"2025-08-28T01:46:16","guid":{"rendered":"https:\/\/roveyayinevi.com.tr\/index.php\/urun\/aslan-kavram-etkinlikleri\/"},"modified":"2026-04-16T03:04:44","modified_gmt":"2026-04-16T00:04:44","slug":"aslan-kavram-etkinlikleri","status":"publish","type":"product","link":"https:\/\/roveyayinevi.com.tr\/index.php\/urun\/aslan-kavram-etkinlikleri\/","title":{"rendered":"Aslan Kavram Etkinlikleri"},"content":{"rendered":"<p>MEB Okul \u00d6ncesi Program\u0131 i\u00e7inde yer verilen kavramlar\u0131 i\u00e7eren kitap, 5-6 ya\u015f grubu \u00e7ocuklara e\u015fle\u015ftirme, ili\u015fkilendirme, gruplama, s\u0131n\u0131fland\u0131rma gibi \u00e7e\u015fitli etkinlik t\u00fcrleri ile kavramlar\u0131 sunuyor. Aslan ve arkada\u015flar\u0131n\u0131n ne\u015feli d\u00fcnyas\u0131 i\u00e7inde verilen etkinlikler, ilgi \u00e7ekici tasar\u0131mlar\u0131yla \u00f6\u011frenmeyi e\u011flenceli h\u00e2le getiriyor.<\/p>\n","protected":false},"excerpt":{"rendered":"<p>MEB Okul \u00d6ncesi Program\u0131 i\u00e7inde yer verilen kavramlar\u0131 i\u00e7eren kitap, 5-6 ya\u015f grubu \u00e7ocuklara e\u015fle\u015ftirme, ili\u015fkilendirme, gruplama, s\u0131n\u0131fland\u0131rma gibi \u00e7e\u015fitli etkinlik t\u00fcrleri ile kavramlar\u0131 sunuyor. Aslan<span class=\"excerpt-hellip\"> [\u2026]<\/span><\/p>\n","protected":false},"featured_media":0,"template":"","meta":{"_monsterinsights_skip_tracking":false,"_monsterinsights_sitenote_active":false,"_monsterinsights_sitenote_note":"","_monsterinsights_sitenote_category":0},"product_brand":[],"product_cat":[12274,15842],"product_tag":[],"class_list":{"0":"post-751331","1":"product","2":"type-product","3":"status-publish","5":"product_cat-cocuk-ve-genclik-kitaplari","6":"product_cat-egitici-kitaplar","7":"pa_cilt-ciltsiz","8":"pa_tur-kitap","9":"pa_yayinevi-erdem-cocuk","10":"pa_yazar-kolektif","12":"first","13":"instock","14":"sale","15":"shipping-taxable","16":"purchasable","17":"product-type-simple"},"_links":{"self":[{"href":"https:\/\/roveyayinevi.com.tr\/index.php\/wp-json\/wp\/v2\/product\/751331","targetHints":{"allow":["GET"]}}],"collection":[{"href":"https:\/\/roveyayinevi.com.tr\/index.php\/wp-json\/wp\/v2\/product"}],"about":[{"href":"https:\/\/roveyayinevi.com.tr\/index.php\/wp-json\/wp\/v2\/types\/product"}],"wp:attachment":[{"href":"https:\/\/roveyayinevi.com.tr\/index.php\/wp-json\/wp\/v2\/media?parent=751331"}],"wp:term":[{"taxonomy":"product_brand","embeddable":true,"href":"https:\/\/roveyayinevi.com.tr\/index.php\/wp-json\/wp\/v2\/product_brand?post=751331"},{"taxonomy":"product_cat","embeddable":true,"href":"https:\/\/roveyayinevi.com.tr\/index.php\/wp-json\/wp\/v2\/product_cat?post=751331"},{"taxonomy":"product_tag","embeddable":true,"href":"https:\/\/roveyayinevi.com.tr\/index.php\/wp-json\/wp\/v2\/product_tag?post=751331"}],"curies":[{"name":"wp","href":"https:\/\/api.w.org\/{rel}","templated":true}]}}