{"id":751330,"date":"2025-08-28T04:46:14","date_gmt":"2025-08-28T01:46:14","guid":{"rendered":"https:\/\/roveyayinevi.com.tr\/index.php\/urun\/aslan-matematik-etkinlikleri\/"},"modified":"2026-04-16T03:04:43","modified_gmt":"2026-04-16T00:04:43","slug":"aslan-matematik-etkinlikleri","status":"publish","type":"product","link":"https:\/\/roveyayinevi.com.tr\/index.php\/urun\/aslan-matematik-etkinlikleri\/","title":{"rendered":"Aslan Matematik Etkinlikleri"},"content":{"rendered":"<p>Bu kitap, 1\u2019den 10\u2019a kadar say\u0131lar ba\u015fta olmak \u00fczere temel matematik becerilerini \u00e7ocuklara kazand\u0131rmay\u0131 hedefliyor. Rakam ve say\u0131 kavramlar\u0131, ili\u015fkilendirme, \u00f6r\u00fcnt\u00fc gibi temellerde haz\u0131rlanan etkinlikler, Aslan\u2019\u0131n renkli d\u00fcnyas\u0131yla birlikte sunuluyor.<\/p>\n","protected":false},"excerpt":{"rendered":"<p>Bu kitap, 1\u2019den 10\u2019a kadar say\u0131lar ba\u015fta olmak \u00fczere temel matematik becerilerini \u00e7ocuklara kazand\u0131rmay\u0131 hedefliyor. Rakam ve say\u0131 kavramlar\u0131, ili\u015fkilendirme, \u00f6r\u00fcnt\u00fc gibi temellerde haz\u0131rlanan etkinlikler, Aslan\u2019\u0131n<span class=\"excerpt-hellip\"> [\u2026]<\/span><\/p>\n","protected":false},"featured_media":0,"template":"","meta":{"_monsterinsights_skip_tracking":false,"_monsterinsights_sitenote_active":false,"_monsterinsights_sitenote_note":"","_monsterinsights_sitenote_category":0},"product_brand":[],"product_cat":[12274,15842],"product_tag":[],"class_list":{"0":"post-751330","1":"product","2":"type-product","3":"status-publish","5":"product_cat-cocuk-ve-genclik-kitaplari","6":"product_cat-egitici-kitaplar","7":"pa_cilt-ciltsiz","8":"pa_tur-kitap","9":"pa_yayinevi-erdem-cocuk","10":"pa_yazar-kolektif","12":"first","13":"instock","14":"sale","15":"shipping-taxable","16":"purchasable","17":"product-type-simple"},"_links":{"self":[{"href":"https:\/\/roveyayinevi.com.tr\/index.php\/wp-json\/wp\/v2\/product\/751330","targetHints":{"allow":["GET"]}}],"collection":[{"href":"https:\/\/roveyayinevi.com.tr\/index.php\/wp-json\/wp\/v2\/product"}],"about":[{"href":"https:\/\/roveyayinevi.com.tr\/index.php\/wp-json\/wp\/v2\/types\/product"}],"wp:attachment":[{"href":"https:\/\/roveyayinevi.com.tr\/index.php\/wp-json\/wp\/v2\/media?parent=751330"}],"wp:term":[{"taxonomy":"product_brand","embeddable":true,"href":"https:\/\/roveyayinevi.com.tr\/index.php\/wp-json\/wp\/v2\/product_brand?post=751330"},{"taxonomy":"product_cat","embeddable":true,"href":"https:\/\/roveyayinevi.com.tr\/index.php\/wp-json\/wp\/v2\/product_cat?post=751330"},{"taxonomy":"product_tag","embeddable":true,"href":"https:\/\/roveyayinevi.com.tr\/index.php\/wp-json\/wp\/v2\/product_tag?post=751330"}],"curies":[{"name":"wp","href":"https:\/\/api.w.org\/{rel}","templated":true}]}}