{"id":751329,"date":"2025-08-28T04:46:13","date_gmt":"2025-08-28T01:46:13","guid":{"rendered":"https:\/\/roveyayinevi.com.tr\/index.php\/urun\/aslan-fen-etkinlikleri\/"},"modified":"2026-04-16T03:04:43","modified_gmt":"2026-04-16T00:04:43","slug":"aslan-fen-etkinlikleri","status":"publish","type":"product","link":"https:\/\/roveyayinevi.com.tr\/index.php\/urun\/aslan-fen-etkinlikleri\/","title":{"rendered":"Aslan Fen Etkinlikleri"},"content":{"rendered":"<p>Bu kitapta 5-6 ya\u015f \u00e7ocuklar\u0131n inceleme, sorgulama, nedenleri ara\u015ft\u0131rma, deney ve g\u00f6zlem yapabilme, sonu\u00e7lar\u0131 kavrama yetene\u011fini destekleyecek etkinliklere yer veriliyor. Hayvanlar, bitkiler, do\u011fa olaylar\u0131, D\u00fcnya, madde ve uzay gibi konular\u0131 i\u00e7eren kitap, Aslan karakterinin renkli d\u00fcnyas\u0131yla \u00e7ocuklara sunuluyor.<\/p>\n","protected":false},"excerpt":{"rendered":"<p>Bu kitapta 5-6 ya\u015f \u00e7ocuklar\u0131n inceleme, sorgulama, nedenleri ara\u015ft\u0131rma, deney ve g\u00f6zlem yapabilme, sonu\u00e7lar\u0131 kavrama yetene\u011fini destekleyecek etkinliklere yer veriliyor. Hayvanlar, bitkiler, do\u011fa olaylar\u0131, D\u00fcnya, madde<span class=\"excerpt-hellip\"> [\u2026]<\/span><\/p>\n","protected":false},"featured_media":0,"template":"","meta":{"_monsterinsights_skip_tracking":false,"_monsterinsights_sitenote_active":false,"_monsterinsights_sitenote_note":"","_monsterinsights_sitenote_category":0},"product_brand":[],"product_cat":[12274,15842],"product_tag":[],"class_list":{"0":"post-751329","1":"product","2":"type-product","3":"status-publish","5":"product_cat-cocuk-ve-genclik-kitaplari","6":"product_cat-egitici-kitaplar","7":"pa_cilt-ciltsiz","8":"pa_tur-kitap","9":"pa_yayinevi-erdem-cocuk","10":"pa_yazar-kolektif","12":"first","13":"instock","14":"sale","15":"shipping-taxable","16":"purchasable","17":"product-type-simple"},"_links":{"self":[{"href":"https:\/\/roveyayinevi.com.tr\/index.php\/wp-json\/wp\/v2\/product\/751329","targetHints":{"allow":["GET"]}}],"collection":[{"href":"https:\/\/roveyayinevi.com.tr\/index.php\/wp-json\/wp\/v2\/product"}],"about":[{"href":"https:\/\/roveyayinevi.com.tr\/index.php\/wp-json\/wp\/v2\/types\/product"}],"wp:attachment":[{"href":"https:\/\/roveyayinevi.com.tr\/index.php\/wp-json\/wp\/v2\/media?parent=751329"}],"wp:term":[{"taxonomy":"product_brand","embeddable":true,"href":"https:\/\/roveyayinevi.com.tr\/index.php\/wp-json\/wp\/v2\/product_brand?post=751329"},{"taxonomy":"product_cat","embeddable":true,"href":"https:\/\/roveyayinevi.com.tr\/index.php\/wp-json\/wp\/v2\/product_cat?post=751329"},{"taxonomy":"product_tag","embeddable":true,"href":"https:\/\/roveyayinevi.com.tr\/index.php\/wp-json\/wp\/v2\/product_tag?post=751329"}],"curies":[{"name":"wp","href":"https:\/\/api.w.org\/{rel}","templated":true}]}}