{"id":751328,"date":"2025-08-28T04:46:11","date_gmt":"2025-08-28T01:46:11","guid":{"rendered":"https:\/\/roveyayinevi.com.tr\/index.php\/urun\/aslan-cizgi-calismalari\/"},"modified":"2026-04-16T03:04:43","modified_gmt":"2026-04-16T00:04:43","slug":"aslan-cizgi-calismalari","status":"publish","type":"product","link":"https:\/\/roveyayinevi.com.tr\/index.php\/urun\/aslan-cizgi-calismalari\/","title":{"rendered":"Aslan \u00c7izgi \u00c7al\u0131\u015fmalar\u0131"},"content":{"rendered":"<p>Bu kitap, 5-6 ya\u015f \u00e7ocuklar\u0131n okula haz\u0131rl\u0131k yapt\u0131klar\u0131 bu d\u00f6nemde, kalem kullanma becerilerini geli\u015ftirmeyi hedefliyor. E\u011flenceli tasar\u0131m\u0131yla dikkat \u00e7eken kitapta \u00e7ocuklar\u0131n dikkat s\u00fcreleri g\u00f6zetilerek haz\u0131rlanan dik, e\u011fik, daire ve yatay \u00e7izgi \u00e7al\u0131\u015fmalar\u0131 yer al\u0131yor.<\/p>\n","protected":false},"excerpt":{"rendered":"<p>Bu kitap, 5-6 ya\u015f \u00e7ocuklar\u0131n okula haz\u0131rl\u0131k yapt\u0131klar\u0131 bu d\u00f6nemde, kalem kullanma becerilerini geli\u015ftirmeyi hedefliyor. E\u011flenceli tasar\u0131m\u0131yla dikkat \u00e7eken kitapta \u00e7ocuklar\u0131n dikkat s\u00fcreleri g\u00f6zetilerek haz\u0131rlanan dik,<span class=\"excerpt-hellip\"> [\u2026]<\/span><\/p>\n","protected":false},"featured_media":0,"template":"","meta":{"_monsterinsights_skip_tracking":false,"_monsterinsights_sitenote_active":false,"_monsterinsights_sitenote_note":"","_monsterinsights_sitenote_category":0},"product_brand":[],"product_cat":[12274,15842],"product_tag":[],"class_list":{"0":"post-751328","1":"product","2":"type-product","3":"status-publish","5":"product_cat-cocuk-ve-genclik-kitaplari","6":"product_cat-egitici-kitaplar","7":"pa_cilt-ciltsiz","8":"pa_tur-kitap","9":"pa_yayinevi-erdem-cocuk","10":"pa_yazar-kolektif","12":"first","13":"instock","14":"sale","15":"shipping-taxable","16":"purchasable","17":"product-type-simple"},"_links":{"self":[{"href":"https:\/\/roveyayinevi.com.tr\/index.php\/wp-json\/wp\/v2\/product\/751328","targetHints":{"allow":["GET"]}}],"collection":[{"href":"https:\/\/roveyayinevi.com.tr\/index.php\/wp-json\/wp\/v2\/product"}],"about":[{"href":"https:\/\/roveyayinevi.com.tr\/index.php\/wp-json\/wp\/v2\/types\/product"}],"wp:attachment":[{"href":"https:\/\/roveyayinevi.com.tr\/index.php\/wp-json\/wp\/v2\/media?parent=751328"}],"wp:term":[{"taxonomy":"product_brand","embeddable":true,"href":"https:\/\/roveyayinevi.com.tr\/index.php\/wp-json\/wp\/v2\/product_brand?post=751328"},{"taxonomy":"product_cat","embeddable":true,"href":"https:\/\/roveyayinevi.com.tr\/index.php\/wp-json\/wp\/v2\/product_cat?post=751328"},{"taxonomy":"product_tag","embeddable":true,"href":"https:\/\/roveyayinevi.com.tr\/index.php\/wp-json\/wp\/v2\/product_tag?post=751328"}],"curies":[{"name":"wp","href":"https:\/\/api.w.org\/{rel}","templated":true}]}}