{"id":751327,"date":"2025-08-28T04:46:10","date_gmt":"2025-08-28T01:46:10","guid":{"rendered":"https:\/\/roveyayinevi.com.tr\/index.php\/urun\/mikroplar\/"},"modified":"2026-04-16T03:04:43","modified_gmt":"2026-04-16T00:04:43","slug":"mikroplar","status":"publish","type":"product","link":"https:\/\/roveyayinevi.com.tr\/index.php\/urun\/mikroplar\/","title":{"rendered":"Mikroplar"},"content":{"rendered":"<p>Mikroplar \u00e7ok \u00e7ok k\u00fc\u00e7\u00fckler ama marifetleri olduk\u00e7a b\u00fcy\u00fck. Hepimiz, mikroplardan korunmam\u0131z gerekti\u011fini biliyoruz. Bunun i\u00e7in yemekten \u00f6nce, yemekten sonra, d\u0131\u015far\u0131dan gelince ellerimizi y\u0131kamam\u0131z gerekti\u011fini de  biliyoruz. Peki, g\u00f6z\u00fcm\u00fczle g\u00f6remedi\u011fimiz bu minicik canl\u0131lar\u0131 ne kadar tan\u0131yoruz?  Bu minik canl\u0131lar nas\u0131l oluyor da bize zarar verebiliyor? Mikroplar\u0131n hepsi zararl\u0131 m\u0131? Yararl\u0131 mikroplar var m\u0131? Mikroplarla ilgili bunun gibi ne \u00e7ok soru kafam\u0131z\u0131 kurcal\u0131yor. Bu kitapta, mikroplarla ilgili bilmek isteyece\u011fimiz her \u015fey bilimsel olarak \u00e7ocuklar i\u00e7in derlendi. Mikroplar\u0131n ilgin\u00e7 d\u00fcnyas\u0131na \u00f6\u011fretici bir yolculuk yapmaya haz\u0131r m\u0131y\u0131z? Ama \u00f6nce ellerimizi y\u0131kayal\u0131m!<\/p>\n","protected":false},"excerpt":{"rendered":"<p>Mikroplar \u00e7ok \u00e7ok k\u00fc\u00e7\u00fckler ama marifetleri olduk\u00e7a b\u00fcy\u00fck. Hepimiz, mikroplardan korunmam\u0131z gerekti\u011fini biliyoruz. Bunun i\u00e7in yemekten \u00f6nce, yemekten sonra, d\u0131\u015far\u0131dan gelince ellerimizi y\u0131kamam\u0131z gerekti\u011fini de biliyoruz.<span class=\"excerpt-hellip\"> [\u2026]<\/span><\/p>\n","protected":false},"featured_media":0,"template":"","meta":{"_monsterinsights_skip_tracking":false,"_monsterinsights_sitenote_active":false,"_monsterinsights_sitenote_note":"","_monsterinsights_sitenote_category":0},"product_brand":[],"product_cat":[13829,12274],"product_tag":[],"class_list":{"0":"post-751327","1":"product","2":"type-product","3":"status-publish","5":"product_cat-bilimsel-kitaplar","6":"product_cat-cocuk-ve-genclik-kitaplari","7":"pa_cilt-ciltsiz","8":"pa_tur-kitap","9":"pa_yayinevi-erdem-cocuk","10":"pa_yazar-selen-fettahoglu","12":"first","13":"instock","14":"sale","15":"shipping-taxable","16":"purchasable","17":"product-type-simple"},"_links":{"self":[{"href":"https:\/\/roveyayinevi.com.tr\/index.php\/wp-json\/wp\/v2\/product\/751327","targetHints":{"allow":["GET"]}}],"collection":[{"href":"https:\/\/roveyayinevi.com.tr\/index.php\/wp-json\/wp\/v2\/product"}],"about":[{"href":"https:\/\/roveyayinevi.com.tr\/index.php\/wp-json\/wp\/v2\/types\/product"}],"wp:attachment":[{"href":"https:\/\/roveyayinevi.com.tr\/index.php\/wp-json\/wp\/v2\/media?parent=751327"}],"wp:term":[{"taxonomy":"product_brand","embeddable":true,"href":"https:\/\/roveyayinevi.com.tr\/index.php\/wp-json\/wp\/v2\/product_brand?post=751327"},{"taxonomy":"product_cat","embeddable":true,"href":"https:\/\/roveyayinevi.com.tr\/index.php\/wp-json\/wp\/v2\/product_cat?post=751327"},{"taxonomy":"product_tag","embeddable":true,"href":"https:\/\/roveyayinevi.com.tr\/index.php\/wp-json\/wp\/v2\/product_tag?post=751327"}],"curies":[{"name":"wp","href":"https:\/\/api.w.org\/{rel}","templated":true}]}}