{"id":751322,"date":"2025-08-28T04:46:02","date_gmt":"2025-08-28T01:46:02","guid":{"rendered":"https:\/\/roveyayinevi.com.tr\/index.php\/urun\/lampje-ve-denizin-cocuklari\/"},"modified":"2026-04-16T03:04:43","modified_gmt":"2026-04-16T00:04:43","slug":"lampje-ve-denizin-cocuklari","status":"publish","type":"product","link":"https:\/\/roveyayinevi.com.tr\/index.php\/urun\/lampje-ve-denizin-cocuklari\/","title":{"rendered":"Lampje ve Denizin \u00c7ocuklar\u0131"},"content":{"rendered":"<p>Bir deniz fenerinde ya\u015fayan Lampje (Lampy\u0131) her ak\u015fam feneri yakmak zorundad\u0131r. Babas\u0131n\u0131n hem aksayan baca\u011f\u0131 hem de derin mutsuzlu\u011fu nedeniyle bu i\u015fi tek ba\u015f\u0131na yapar. Kasaban\u0131n \u00fczerinde f\u0131rt\u0131na bulutlar\u0131n\u0131n dola\u015ft\u0131\u011f\u0131 bir g\u00fcn Lampje yeni bir kutu kibrit almay\u0131 unutur. Kibrit almak i\u00e7in dakikalarca y\u00fcr\u00fcr, ko\u015far, \u0131slan\u0131r, y\u00fczer ama zaman\u0131nda yeti\u015femez. Fener yanmaz, bir gemi kaza yapar ve b\u00fct\u00fcn sorumluluk Lampje ile babas\u0131na kal\u0131r.   Lampje\u2019n\u0131n cezas\u0131 Kara \u015eato\u2019ya g\u00f6nderilmek olur. \u015eu canavarlar\u0131n ya\u015fad\u0131\u011f\u0131 s\u00f6ylenilen tuhaf eve. Lampje\u2019n\u0131n ilk gecesinde iniltiler ve h\u0131rlamalar nedeniyle geceyi yata\u011f\u0131n alt\u0131nda ge\u00e7irmek zorunda kald\u0131\u011f\u0131 eve. Ard\u0131ndan\u2026 Ard\u0131ndan Lampje\u2019n\u0131n maceras\u0131 ba\u015flar. C\u00fcceler, denizk\u0131zlar\u0131, denizciler, kaptanlar ve korsanlarla dolu bu b\u00fcy\u00fck macerada okurlar\u0131 arkada\u015fl\u0131k ve \u00f6zg\u00fcrl\u00fck i\u00e7in verilen masals\u0131 bir m\u00fccadele bekliyor. <\/p>\n","protected":false},"excerpt":{"rendered":"<p>Bir deniz fenerinde ya\u015fayan Lampje (Lampy\u0131) her ak\u015fam feneri yakmak zorundad\u0131r. Babas\u0131n\u0131n hem aksayan baca\u011f\u0131 hem de derin mutsuzlu\u011fu nedeniyle bu i\u015fi tek ba\u015f\u0131na yapar. Kasaban\u0131n<span class=\"excerpt-hellip\"> [\u2026]<\/span><\/p>\n","protected":false},"featured_media":0,"template":"","meta":{"_monsterinsights_skip_tracking":false,"_monsterinsights_sitenote_active":false,"_monsterinsights_sitenote_note":"","_monsterinsights_sitenote_category":0},"product_brand":[],"product_cat":[12291,12711],"product_tag":[],"class_list":{"0":"post-751322","1":"product","2":"type-product","3":"status-publish","5":"product_cat-edebiyat","6":"product_cat-roman-oyku","7":"pa_cilt-ciltsiz","8":"pa_tur-kitap","9":"pa_yayinevi-yapi-kredi-yayinlari","10":"pa_yazar-annet-schaap","12":"first","13":"instock","14":"sale","15":"shipping-taxable","16":"purchasable","17":"product-type-simple"},"_links":{"self":[{"href":"https:\/\/roveyayinevi.com.tr\/index.php\/wp-json\/wp\/v2\/product\/751322","targetHints":{"allow":["GET"]}}],"collection":[{"href":"https:\/\/roveyayinevi.com.tr\/index.php\/wp-json\/wp\/v2\/product"}],"about":[{"href":"https:\/\/roveyayinevi.com.tr\/index.php\/wp-json\/wp\/v2\/types\/product"}],"wp:attachment":[{"href":"https:\/\/roveyayinevi.com.tr\/index.php\/wp-json\/wp\/v2\/media?parent=751322"}],"wp:term":[{"taxonomy":"product_brand","embeddable":true,"href":"https:\/\/roveyayinevi.com.tr\/index.php\/wp-json\/wp\/v2\/product_brand?post=751322"},{"taxonomy":"product_cat","embeddable":true,"href":"https:\/\/roveyayinevi.com.tr\/index.php\/wp-json\/wp\/v2\/product_cat?post=751322"},{"taxonomy":"product_tag","embeddable":true,"href":"https:\/\/roveyayinevi.com.tr\/index.php\/wp-json\/wp\/v2\/product_tag?post=751322"}],"curies":[{"name":"wp","href":"https:\/\/api.w.org\/{rel}","templated":true}]}}