{"id":751317,"date":"2025-08-28T04:45:54","date_gmt":"2025-08-28T01:45:54","guid":{"rendered":"https:\/\/roveyayinevi.com.tr\/index.php\/urun\/gokyuzunu-op\/"},"modified":"2026-04-16T03:04:43","modified_gmt":"2026-04-16T00:04:43","slug":"gokyuzunu-op","status":"publish","type":"product","link":"https:\/\/roveyayinevi.com.tr\/index.php\/urun\/gokyuzunu-op\/","title":{"rendered":"G\u00f6ky\u00fcz\u00fcn\u00fc \u00d6p"},"content":{"rendered":"<p>REALITY SOVA HAZIR OLUN.   Rose Calloway, her \u015feyin kontrol\u00fc alt\u0131nda oldu\u011funu d\u00fc\u015f\u00fcn\u00fcyordu. Yirmi \u00fc\u00e7 ya\u015f\u0131nda Princeton\u2019dan mezun olmu\u015ftu. Ayr\u0131ca Academic Bowl \u015fampiyonu, moda tasar\u0131mc\u0131s\u0131 ve Fortune 500 imparatorlar\u0131ndan birinin k\u0131z\u0131yd\u0131. Fakat hi\u00e7bir \u015fey g\u00f6r\u00fcnd\u00fc\u011f\u00fc kadar kolay de\u011fildi.   Moda kariyeri tehlikeye d\u00fc\u015ft\u00fc\u011f\u00fcnde onu kurtarmak i\u00e7in \u00e7ok s\u0131ra d\u0131\u015f\u0131 bir \u00e7\u00f6z\u00fcm buldu.   Ve i\u015fleri daha da ilgin\u00e7 hale getirerek, hem \u00fcniversitedeki hem de hayattaki en b\u00fcy\u00fck rakibi Connor Cobalt\u2019la bir ili\u015fkiye ba\u015flamay\u0131 kabul etti.   Yirmi d\u00f6rt ya\u015f\u0131ndaki Connor Cobalt, zay\u0131f adamlar\u0131 ezip ge\u00e7iyordu. \u00d6zg\u00fcvenli ve olduk\u00e7a zeki biri olarak; her an\u0131nda Rose\u2019un yan\u0131nda olaca\u011f\u0131na ve ona yard\u0131m edece\u011fine s\u00f6z vermi\u015fti. Ancak buz krali\u00e7esinin kalbini eritmek, hen\u00fcz kimsenin ba\u015faramad\u0131\u011f\u0131 bir meydan okumayd\u0131.   Ve \u015fimdi, birlikte ya\u015famaya ba\u015flam\u0131\u015flard\u0131.<\/p>\n","protected":false},"excerpt":{"rendered":"<p>REALITY SOVA HAZIR OLUN. Rose Calloway, her \u015feyin kontrol\u00fc alt\u0131nda oldu\u011funu d\u00fc\u015f\u00fcn\u00fcyordu. Yirmi \u00fc\u00e7 ya\u015f\u0131nda Princeton\u2019dan mezun olmu\u015ftu. Ayr\u0131ca Academic Bowl \u015fampiyonu, moda tasar\u0131mc\u0131s\u0131 ve Fortune<span class=\"excerpt-hellip\"> [\u2026]<\/span><\/p>\n","protected":false},"featured_media":0,"template":"","meta":{"_monsterinsights_skip_tracking":false,"_monsterinsights_sitenote_active":false,"_monsterinsights_sitenote_note":"","_monsterinsights_sitenote_category":0},"product_brand":[],"product_cat":[12291,12711],"product_tag":[],"class_list":{"0":"post-751317","1":"product","2":"type-product","3":"status-publish","5":"product_cat-edebiyat","6":"product_cat-roman-oyku","7":"pa_cilt-ciltsiz","8":"pa_tur-kitap","9":"pa_yayinevi-marti-yayinlari","10":"pa_yazar-krista-becca-ritchie","12":"first","13":"instock","14":"sale","15":"shipping-taxable","16":"purchasable","17":"product-type-simple"},"_links":{"self":[{"href":"https:\/\/roveyayinevi.com.tr\/index.php\/wp-json\/wp\/v2\/product\/751317","targetHints":{"allow":["GET"]}}],"collection":[{"href":"https:\/\/roveyayinevi.com.tr\/index.php\/wp-json\/wp\/v2\/product"}],"about":[{"href":"https:\/\/roveyayinevi.com.tr\/index.php\/wp-json\/wp\/v2\/types\/product"}],"wp:attachment":[{"href":"https:\/\/roveyayinevi.com.tr\/index.php\/wp-json\/wp\/v2\/media?parent=751317"}],"wp:term":[{"taxonomy":"product_brand","embeddable":true,"href":"https:\/\/roveyayinevi.com.tr\/index.php\/wp-json\/wp\/v2\/product_brand?post=751317"},{"taxonomy":"product_cat","embeddable":true,"href":"https:\/\/roveyayinevi.com.tr\/index.php\/wp-json\/wp\/v2\/product_cat?post=751317"},{"taxonomy":"product_tag","embeddable":true,"href":"https:\/\/roveyayinevi.com.tr\/index.php\/wp-json\/wp\/v2\/product_tag?post=751317"}],"curies":[{"name":"wp","href":"https:\/\/api.w.org\/{rel}","templated":true}]}}