{"id":751314,"date":"2025-08-28T04:45:49","date_gmt":"2025-08-28T01:45:49","guid":{"rendered":"https:\/\/roveyayinevi.com.tr\/index.php\/urun\/cesur-insanlar-safaginda\/"},"modified":"2026-04-16T03:04:43","modified_gmt":"2026-04-16T00:04:43","slug":"cesur-insanlar-safaginda","status":"publish","type":"product","link":"https:\/\/roveyayinevi.com.tr\/index.php\/urun\/cesur-insanlar-safaginda\/","title":{"rendered":"Cesur \u0130nsanlar \u015eafa\u011f\u0131nda"},"content":{"rendered":"<p>Unutmad\u0131m kafesi, ne de al\u0131\u015ft\u0131m d\u00fczenin kumarbaz ellerine Dual\u0131 nefes, bilge sab\u0131r, ak kor kanatlar\u0131 Cibril\u2019in Taze mezar\u0131yla \u015fairin, \u015eehzadeba\u015f\u0131\u2019nda, hep k\u0131yamda K\u0131l\u0131c\u0131 Ali\u2019nin ki Ali ad\u0131 ya\u015fad\u0131k\u00e7a derdi annem K\u0131l\u0131\u00e7 hep keskin, hep yeniden bismillah   Ad\u0131 Ali karde\u015fimin, karde\u015flerimin, diril ey da\u011f Yasan\u0131n ve ahmaklar\u0131n eri\u015femeyece\u011fi, Halk\u0131n oldu\u011fu her yere B\u00fct\u00fcn arka mahallelere, asgari \u00f6l\u00e7ekte \u00f6leceklere Bir k\u0131z\u0131lderili ba\u015fl\u0131\u011f\u0131, kartal \u00e7\u0131\u011fl\u0131\u011f\u0131, tun\u00e7 pen\u00e7esi inanc\u0131n Y\u00fccel ey da\u011f, do\u011fur bizi bir kez daha   Buraday\u0131m, burada, Kafesin y\u0131k\u0131l\u0131\u015f\u0131nda Cesur insanlar \u015fafa\u011f\u0131nda<\/p>\n","protected":false},"excerpt":{"rendered":"<p>Unutmad\u0131m kafesi, ne de al\u0131\u015ft\u0131m d\u00fczenin kumarbaz ellerine Dual\u0131 nefes, bilge sab\u0131r, ak kor kanatlar\u0131 Cibril\u2019in Taze mezar\u0131yla \u015fairin, \u015eehzadeba\u015f\u0131\u2019nda, hep k\u0131yamda K\u0131l\u0131c\u0131 Ali\u2019nin ki Ali<span class=\"excerpt-hellip\"> [\u2026]<\/span><\/p>\n","protected":false},"featured_media":0,"template":"","meta":{"_monsterinsights_skip_tracking":false,"_monsterinsights_sitenote_active":false,"_monsterinsights_sitenote_note":"","_monsterinsights_sitenote_category":0},"product_brand":[],"product_cat":[12291,12509],"product_tag":[],"class_list":{"0":"post-751314","1":"product","2":"type-product","3":"status-publish","5":"product_cat-edebiyat","6":"product_cat-siir","7":"pa_cilt-ciltsiz","8":"pa_tur-kitap","9":"pa_yayinevi-muhit-kitap","10":"pa_yazar-aynur-dilber","12":"first","13":"instock","14":"sale","15":"shipping-taxable","16":"purchasable","17":"product-type-simple"},"_links":{"self":[{"href":"https:\/\/roveyayinevi.com.tr\/index.php\/wp-json\/wp\/v2\/product\/751314","targetHints":{"allow":["GET"]}}],"collection":[{"href":"https:\/\/roveyayinevi.com.tr\/index.php\/wp-json\/wp\/v2\/product"}],"about":[{"href":"https:\/\/roveyayinevi.com.tr\/index.php\/wp-json\/wp\/v2\/types\/product"}],"wp:attachment":[{"href":"https:\/\/roveyayinevi.com.tr\/index.php\/wp-json\/wp\/v2\/media?parent=751314"}],"wp:term":[{"taxonomy":"product_brand","embeddable":true,"href":"https:\/\/roveyayinevi.com.tr\/index.php\/wp-json\/wp\/v2\/product_brand?post=751314"},{"taxonomy":"product_cat","embeddable":true,"href":"https:\/\/roveyayinevi.com.tr\/index.php\/wp-json\/wp\/v2\/product_cat?post=751314"},{"taxonomy":"product_tag","embeddable":true,"href":"https:\/\/roveyayinevi.com.tr\/index.php\/wp-json\/wp\/v2\/product_tag?post=751314"}],"curies":[{"name":"wp","href":"https:\/\/api.w.org\/{rel}","templated":true}]}}