{"id":751312,"date":"2025-08-28T04:45:46","date_gmt":"2025-08-28T01:45:46","guid":{"rendered":"https:\/\/roveyayinevi.com.tr\/index.php\/urun\/miras-12\/"},"modified":"2026-04-16T03:04:43","modified_gmt":"2026-04-16T00:04:43","slug":"miras-12","status":"publish","type":"product","link":"https:\/\/roveyayinevi.com.tr\/index.php\/urun\/miras-12\/","title":{"rendered":"Miras"},"content":{"rendered":"<p>Memduh \u015eevket\u2019in 1925\u2019te Meslek gazetesinde tefrika edilmeye ba\u015flanan Miras roman\u0131, Silahtar Ali Pa\u015fa ve ailesini ele alan bir yozla\u015fma, \u00e7\u00fcr\u00fcme ve da\u011f\u0131lman\u0131n hik\u00e2yesidir. Romanda II. Me\u015frutiyet d\u00f6nemi \u00f6ncesinin siyasi gerilimleriyle aile bireyleri aras\u0131ndaki \u00e7at\u0131\u015fmalar, menfaat aray\u0131\u015flar\u0131 ve ahlaki yozla\u015fma i\u00e7 i\u00e7e verilmi\u015f, b\u00f6ylelikle toplumsal ve bireysel d\u00f6n\u00fc\u015f\u00fcmlerin girift yans\u0131malar\u0131 \u00fczerine d\u00fc\u015f\u00fcnme imk\u00e2n\u0131 ortaya \u00e7\u0131km\u0131\u015ft\u0131r. De\u011fi\u015fen ya\u015fam bi\u00e7imleriyle ortaya \u00e7\u0131kan kar\u015f\u0131tl\u0131klar\u0131 g\u00f6zlem g\u00fcc\u00fcyle birle\u015ftiren Esendal, Miras\u2019ta kurdu\u011fu atmosferle edebiyat\u0131m\u0131z\u0131n en temel izleklerinden olan mek\u00e2n\u0131n ve ailenin da\u011f\u0131l\u0131\u015f\u0131n\u0131 bir kez daha g\u00f6zler \u00f6n\u00fcne seriyor. \u201cMiras, bizde hen\u00fcz hi\u00e7bir numunesi g\u00f6r\u00fclmemi\u015f bir romand\u0131r. \u0130\u00e7inde memleketin g\u00f6zlerden ve haf\u0131zalardan b\u00fcsb\u00fct\u00fcn silinmekte olan eski hayat\u0131 \u00e7ok kuvvetli ve bilhassa canl\u0131 tablolar h\u00e2linde tespit edilmi\u015ftir. Bil\u00e2-teredd\u00fct iddia edebiliriz ki son yar\u0131m as\u0131rl\u0131k nesil i\u00e7inde T\u00fcrk edebiyat\u0131n\u0131n \u0130stanbul hayat\u0131n\u0131n ince hususiyetlerini tarihe edeb\u00ee vesikalarla tespit edebilecek bundan kuvvetli bir roman yaz\u0131lmam\u0131\u015ft\u0131r. Ayn\u0131 zamanda gazetemizin mesle\u011fine muvaf\u0131k bir tarzda i\u00e7timai bir tetkiki ihtiva eden bu eser, hem \u00e7ok merakl\u0131 hem de \u00e7ok faydal\u0131 bir teliftir.\u201d                                                                                        15 K\u00e2nunuevvel 1925, Meslek gazetesi <\/p>\n","protected":false},"excerpt":{"rendered":"<p>Memduh \u015eevket\u2019in 1925\u2019te Meslek gazetesinde tefrika edilmeye ba\u015flanan Miras roman\u0131, Silahtar Ali Pa\u015fa ve ailesini ele alan bir yozla\u015fma, \u00e7\u00fcr\u00fcme ve da\u011f\u0131lman\u0131n hik\u00e2yesidir. Romanda II. Me\u015frutiyet<span class=\"excerpt-hellip\"> [\u2026]<\/span><\/p>\n","protected":false},"featured_media":0,"template":"","meta":{"_monsterinsights_skip_tracking":false,"_monsterinsights_sitenote_active":false,"_monsterinsights_sitenote_note":"","_monsterinsights_sitenote_category":0},"product_brand":[],"product_cat":[12291,12711],"product_tag":[],"class_list":{"0":"post-751312","1":"product","2":"type-product","3":"status-publish","5":"product_cat-edebiyat","6":"product_cat-roman-oyku","7":"pa_cilt-ciltsiz","8":"pa_tur-kitap","9":"pa_yayinevi-vakifbank-kultur-yayinlari","10":"pa_yazar-memduh-sevket-esendal","12":"first","13":"instock","14":"sale","15":"shipping-taxable","16":"purchasable","17":"product-type-simple"},"_links":{"self":[{"href":"https:\/\/roveyayinevi.com.tr\/index.php\/wp-json\/wp\/v2\/product\/751312","targetHints":{"allow":["GET"]}}],"collection":[{"href":"https:\/\/roveyayinevi.com.tr\/index.php\/wp-json\/wp\/v2\/product"}],"about":[{"href":"https:\/\/roveyayinevi.com.tr\/index.php\/wp-json\/wp\/v2\/types\/product"}],"wp:attachment":[{"href":"https:\/\/roveyayinevi.com.tr\/index.php\/wp-json\/wp\/v2\/media?parent=751312"}],"wp:term":[{"taxonomy":"product_brand","embeddable":true,"href":"https:\/\/roveyayinevi.com.tr\/index.php\/wp-json\/wp\/v2\/product_brand?post=751312"},{"taxonomy":"product_cat","embeddable":true,"href":"https:\/\/roveyayinevi.com.tr\/index.php\/wp-json\/wp\/v2\/product_cat?post=751312"},{"taxonomy":"product_tag","embeddable":true,"href":"https:\/\/roveyayinevi.com.tr\/index.php\/wp-json\/wp\/v2\/product_tag?post=751312"}],"curies":[{"name":"wp","href":"https:\/\/api.w.org\/{rel}","templated":true}]}}