{"id":751311,"date":"2025-08-28T04:45:45","date_gmt":"2025-08-28T01:45:45","guid":{"rendered":"https:\/\/roveyayinevi.com.tr\/index.php\/urun\/neoliberal-finansallasmanin-politik-kokenleri\/"},"modified":"2026-04-16T03:04:43","modified_gmt":"2026-04-16T00:04:43","slug":"neoliberal-finansallasmanin-politik-kokenleri","status":"publish","type":"product","link":"https:\/\/roveyayinevi.com.tr\/index.php\/urun\/neoliberal-finansallasmanin-politik-kokenleri\/","title":{"rendered":"Neoliberal Finansalla\u015fman\u0131n Politik K\u00f6kenleri"},"content":{"rendered":"<p>Ba\u015fta Amerikan ekonomisi olmak \u00fczere t\u00fcm d\u00fcnyada ya\u015fanan finansal \u00e7\u0131lg\u0131nl\u0131k, panik ve \u00e7\u00f6k\u00fc\u015fler \u00e7a\u011f\u0131n\u0131n tarihsel ve politik k\u00f6kenleri bu kitab\u0131n konusu. Son otuz y\u0131lda ABD ekonomisinde finans\u0131n y\u00fckseli\u015finin politik sosyolojisini sunan Krippner\u2019\u0131n arg\u00fcman\u0131, birbiri ard\u0131na gelen ABD y\u00f6netimlerinin piyasada finansalla\u015fmay\u0131 art\u0131ran politika tercihlerini, kendi ba\u015f\u0131na bir politika hedefi olarak de\u011fil, 1960\u2019lar\u0131n sonunda ortaya \u00e7\u0131kan mali kriz ve me\u015fruiyet krizi gibi acil sorunlarla do\u011frudan y\u00fczle\u015fmekten ka\u00e7man\u0131n bir yolu olarak benimsedi\u011fidir. Bu, ABD siyasetinin ve toplumsal geli\u015fiminin son k\u0131rk y\u0131l\u0131n\u0131 anlamak i\u00e7in son derece \u00f6nemli bir arg\u00fcmand\u0131r ve ekonomi sosyolojisini siyaset sosyolojisine yeniden ba\u011flamaya yard\u0131mc\u0131 olan bir yakla\u015f\u0131md\u0131r. Michigan \u00dcniversitesi Sosyoloji B\u00f6l\u00fcm\u00fc hocalar\u0131ndan Greta R. Krippner, finansalla\u015fmaya elveri\u015fli bir makro ortam\u0131n yarat\u0131lmas\u0131nda hayati \u00f6nem ta\u015f\u0131yan devlet eylemlerine odaklanmaktad\u0131r: (1) 1970\u2019ler ve 1980\u2019ler boyunca finansal piyasalar\u0131n serbestle\u015ftirilmesi; (2) 1980\u2019lerin ba\u015f\u0131ndaki b\u00fcy\u00fck mali dengesizlikler ba\u011flam\u0131nda ABD ekonomisine yabanc\u0131 sermaye giri\u015fini te\u015fvik eden politikalar ve (3) 1979\u2019da s\u0131k\u0131 para politikalar\u0131na ge\u00e7i\u015fin ard\u0131ndan para politikas\u0131n\u0131n y\u00fcr\u00fct\u00fclmesindeki zorluklar. Vak\u0131fBank K\u00fclt\u00fcr Yay\u0131nlar\u0131\u2019n\u0131n iktisat dizisinin bu kitab\u0131, g\u00fcn\u00fcm\u00fcz iktisadi hayat\u0131n\u0131n bu \u00f6nemli kavram\u0131, finansalla\u015fma\u2019y\u0131 tarihsel sosyolojinin perspektifinden anlat\u0131yor. <\/p>\n","protected":false},"excerpt":{"rendered":"<p>Ba\u015fta Amerikan ekonomisi olmak \u00fczere t\u00fcm d\u00fcnyada ya\u015fanan finansal \u00e7\u0131lg\u0131nl\u0131k, panik ve \u00e7\u00f6k\u00fc\u015fler \u00e7a\u011f\u0131n\u0131n tarihsel ve politik k\u00f6kenleri bu kitab\u0131n konusu. Son otuz y\u0131lda ABD ekonomisinde<span class=\"excerpt-hellip\"> [\u2026]<\/span><\/p>\n","protected":false},"featured_media":0,"template":"","meta":{"_monsterinsights_skip_tracking":false,"_monsterinsights_sitenote_active":false,"_monsterinsights_sitenote_note":"","_monsterinsights_sitenote_category":0},"product_brand":[],"product_cat":[20333,13043],"product_tag":[],"class_list":{"0":"post-751311","1":"product","2":"type-product","3":"status-publish","5":"product_cat-diger-ekonomi","6":"product_cat-ekonomi","7":"pa_cilt-ciltsiz","8":"pa_tur-kitap","9":"pa_yayinevi-vakifbank-kultur-yayinlari","10":"pa_yazar-greta-r-krippner","12":"first","13":"instock","14":"sale","15":"shipping-taxable","16":"purchasable","17":"product-type-simple"},"_links":{"self":[{"href":"https:\/\/roveyayinevi.com.tr\/index.php\/wp-json\/wp\/v2\/product\/751311","targetHints":{"allow":["GET"]}}],"collection":[{"href":"https:\/\/roveyayinevi.com.tr\/index.php\/wp-json\/wp\/v2\/product"}],"about":[{"href":"https:\/\/roveyayinevi.com.tr\/index.php\/wp-json\/wp\/v2\/types\/product"}],"wp:attachment":[{"href":"https:\/\/roveyayinevi.com.tr\/index.php\/wp-json\/wp\/v2\/media?parent=751311"}],"wp:term":[{"taxonomy":"product_brand","embeddable":true,"href":"https:\/\/roveyayinevi.com.tr\/index.php\/wp-json\/wp\/v2\/product_brand?post=751311"},{"taxonomy":"product_cat","embeddable":true,"href":"https:\/\/roveyayinevi.com.tr\/index.php\/wp-json\/wp\/v2\/product_cat?post=751311"},{"taxonomy":"product_tag","embeddable":true,"href":"https:\/\/roveyayinevi.com.tr\/index.php\/wp-json\/wp\/v2\/product_tag?post=751311"}],"curies":[{"name":"wp","href":"https:\/\/api.w.org\/{rel}","templated":true}]}}