{"id":751308,"date":"2025-08-28T04:45:39","date_gmt":"2025-08-28T01:45:39","guid":{"rendered":"https:\/\/roveyayinevi.com.tr\/index.php\/urun\/gecenin-hikayesi-aylema-deri-cilt\/"},"modified":"2026-04-16T03:04:43","modified_gmt":"2026-04-16T00:04:43","slug":"gecenin-hikayesi-aylema-deri-cilt","status":"publish","type":"product","link":"https:\/\/roveyayinevi.com.tr\/index.php\/urun\/gecenin-hikayesi-aylema-deri-cilt\/","title":{"rendered":"Gecenin Hikayesi &#8211; Aylema (Deri Cilt)"},"content":{"rendered":"<p>GECEN\u0130N H\u0130KAYES\u0130 serisinin ilk kitab\u0131 AYLEMA&#8217;da bir kez daha dengeler de\u011fi\u015fecek.   Zemheri ay\u0131 yakla\u015ft\u0131\u011f\u0131nda nerede dola\u015ft\u0131\u011f\u0131na dikkat etmelisin \u00e7\u00fcnk\u00fc Ba\u011f\u0131ml\u0131lar kar\u015f\u0131na \u00e7\u0131kmak i\u00e7in an kolluyor.   Maya Efnan, d\u00fc\u015fmek \u00fczere oldu\u011fu k\u00f6pr\u00fcden Ba\u011f\u0131ml\u0131lar\u0131n kral temsilcisi taraf\u0131ndan kurtar\u0131ld\u0131\u011f\u0131nda se\u00e7ilenlerden biri oldu.   Uzun zamand\u0131r g\u00f6rmedi\u011fi \u00e7ocukluk a\u015fk\u0131 onu, kendisi gibi bir Avc\u0131 olabilmesi i\u00e7in Akademiye g\u00f6t\u00fcrd\u00fc\u011f\u00fcnde onlar\u0131n pe\u015finden gitmeli ya da geri d\u00f6nmeliydi. Ama orman\u0131 se\u00e7ti. S\u0131n\u0131r b\u00f6lgesi ve Avc\u0131lar i\u00e7in kesinlikle yasak olan intihar orman\u0131nda daha fazla Ba\u011f\u0131ml\u0131n\u0131n hedefi haline gelmesi ka\u00e7\u0131n\u0131lmaz.   \u0130\u00e7ine d\u00fc\u015ft\u00fc\u011f\u00fc yeni d\u00fcnyada herkesin ondan ne istedi\u011fini anlamaya \u00e7al\u0131\u015f\u0131rken kimin taraf\u0131nda olaca\u011f\u0131na karar vermesi gerekiyor. Onlarla bir anla\u015fmak yapmak tehlikeli ama anla\u015fmaya uymaman\u0131n geri d\u00f6n\u00fc\u015f\u00fc yok.   Iss\u0131z bir kasaba, kusurlu bir kalp ve u\u00e7urumun di\u011fer taraf\u0131nda, g\u00f6lgelerin aras\u0131na hapsedilmi\u015f kay\u0131p bir ruh. Bu hikayenin masumu yok. Bu bir a\u015fk hikayesi de\u011fil, nefret hikayesi. <\/p>\n","protected":false},"excerpt":{"rendered":"<p>GECEN\u0130N H\u0130KAYES\u0130 serisinin ilk kitab\u0131 AYLEMA&#8217;da bir kez daha dengeler de\u011fi\u015fecek. Zemheri ay\u0131 yakla\u015ft\u0131\u011f\u0131nda nerede dola\u015ft\u0131\u011f\u0131na dikkat etmelisin \u00e7\u00fcnk\u00fc Ba\u011f\u0131ml\u0131lar kar\u015f\u0131na \u00e7\u0131kmak i\u00e7in an kolluyor. Maya<span class=\"excerpt-hellip\"> [\u2026]<\/span><\/p>\n","protected":false},"featured_media":0,"template":"","meta":{"_monsterinsights_skip_tracking":false,"_monsterinsights_sitenote_active":false,"_monsterinsights_sitenote_note":"","_monsterinsights_sitenote_category":0},"product_brand":[],"product_cat":[12291,14777],"product_tag":[],"class_list":{"0":"post-751308","1":"product","2":"type-product","3":"status-publish","5":"product_cat-edebiyat","6":"product_cat-fantastik","7":"pa_cilt-ciltli","8":"pa_tur-kitap","9":"pa_yayinevi-marti-yayinlari","10":"pa_yazar-n-g-kabal","12":"first","13":"instock","14":"sale","15":"shipping-taxable","16":"purchasable","17":"product-type-simple"},"_links":{"self":[{"href":"https:\/\/roveyayinevi.com.tr\/index.php\/wp-json\/wp\/v2\/product\/751308","targetHints":{"allow":["GET"]}}],"collection":[{"href":"https:\/\/roveyayinevi.com.tr\/index.php\/wp-json\/wp\/v2\/product"}],"about":[{"href":"https:\/\/roveyayinevi.com.tr\/index.php\/wp-json\/wp\/v2\/types\/product"}],"wp:attachment":[{"href":"https:\/\/roveyayinevi.com.tr\/index.php\/wp-json\/wp\/v2\/media?parent=751308"}],"wp:term":[{"taxonomy":"product_brand","embeddable":true,"href":"https:\/\/roveyayinevi.com.tr\/index.php\/wp-json\/wp\/v2\/product_brand?post=751308"},{"taxonomy":"product_cat","embeddable":true,"href":"https:\/\/roveyayinevi.com.tr\/index.php\/wp-json\/wp\/v2\/product_cat?post=751308"},{"taxonomy":"product_tag","embeddable":true,"href":"https:\/\/roveyayinevi.com.tr\/index.php\/wp-json\/wp\/v2\/product_tag?post=751308"}],"curies":[{"name":"wp","href":"https:\/\/api.w.org\/{rel}","templated":true}]}}