{"id":751307,"date":"2025-08-28T04:45:38","date_gmt":"2025-08-28T01:45:38","guid":{"rendered":"https:\/\/roveyayinevi.com.tr\/index.php\/urun\/gecenin-hikayesi-aseka-deri-cilt\/"},"modified":"2026-04-16T03:04:43","modified_gmt":"2026-04-16T00:04:43","slug":"gecenin-hikayesi-aseka-deri-cilt","status":"publish","type":"product","link":"https:\/\/roveyayinevi.com.tr\/index.php\/urun\/gecenin-hikayesi-aseka-deri-cilt\/","title":{"rendered":"Gecenin Hikayesi &#8211; A\u015feka (Deri Cilt)"},"content":{"rendered":"<p>GECEN\u0130N H\u0130KAYES\u0130 serisinin ikinci kitab\u0131 A\u015eEKA&#8217;da intikam\u0131n ve bedellerin \u00e7anlar\u0131 \u00e7alacak.   O en g\u00fc\u00e7l\u00fc Avc\u0131 ama kalbi i\u00e7in kurulmu\u015f tuzaklardan birine kap\u0131lmak \u00fczere.   Maya Efnan, ka\u00e7t\u0131\u011f\u0131 hayat\u0131n tam ortas\u0131na d\u00fc\u015ft\u00fc. Anla\u015fmay\u0131 bozman\u0131n bedeli tahmin etti\u011finden daha a\u011f\u0131r ve art\u0131k tamamen tek ba\u015f\u0131na.   Ona ait olan\u0131 almak i\u00e7in \u00f6l\u00fcm emrini veren Krali\u00e7e\u2019nin inine girmesi gerekiyor ama kendisini \u00f6lmek ya da \u00f6ld\u00fcrmek zorunda kald\u0131\u011f\u0131 bir arenan\u0131n ortas\u0131nda buluyor. Kar\u015f\u0131s\u0131na kimin \u00e7\u0131kaca\u011f\u0131ndan haberi yok, etraf\u0131 sevdikleriyle ku\u015fat\u0131lm\u0131\u015f halde.   Kan\u0131yla neler yapabilece\u011fini \u00f6\u011frenmi\u015fken art\u0131k hi\u00e7 kimseye g\u00fcvenemez ama bir kez daha taraf\u0131n\u0131 se\u00e7mek zorunda.   Fetih Yarg\u0131c\u0131, intikam h\u0131rs\u0131 ve hayal k\u0131r\u0131kl\u0131\u011f\u0131 ile bir \u00e7\u0131kmaz\u0131n i\u00e7inde, kendisinin de kap\u0131ld\u0131\u011f\u0131 b\u00fcy\u00fck bir oyun oynuyor.   Kasabadaki herkes daha tedirgin ve \u00fczerlerine \u00e7\u00f6ken sisten ka\u00e7maya \u00e7al\u0131\u015f\u0131yor. Hava daha so\u011fuk, orman daha karanl\u0131k ve ya\u011fmur, b\u00fct\u00fcn ayak izlerini sildi.   Bu h\u00e2l\u00e2 bir a\u015fk hik\u00e2yesi de\u011fil, tutku ate\u015fiyle harlanm\u0131\u015f bir intikam m\u00fccadelesi.       \u201cRuhun direni\u015fi. B\u00fcy\u00fck bir ac\u0131 kar\u015f\u0131s\u0131nda g\u00f6sterdi\u011fin diren\u00e7, a\u011flaman\u0131n \u00f6tesindeki duygu; ruh s\u0131zlamas\u0131. Ac\u0131y\u0131 ruhuna kat\u0131p geldi\u011fi yere sald\u0131rmak demek, bu bir yang\u0131na ate\u015f a\u00e7mak demek. \u00c7oktan kaybetmi\u015fsindir ama bu sava\u015fmayaca\u011f\u0131n anlam\u0131na gelmez \u00e7\u00fcnk\u00fc sava\u015f\u0131rsak h\u00e2l\u00e2 bir \u015fans\u0131m\u0131z var demek. \u00c7\u00fcnk\u00fc yakacak hi\u00e7bir \u015feyi olmasa o ate\u015fin yanmayaca\u011f\u0131n\u0131, o ate\u015fin s\u00f6nece\u011fini bilmek demek. Dar a\u011fac\u0131na as\u0131ld\u0131\u011f\u0131nda kendi aya\u011f\u0131nla iskemleyi itmek kadar o ipi kopar\u0131p \u00f6l\u00fcmden kurtulmak gibidir. Aylema, kendine yapt\u0131\u011f\u0131n bir devrimdir; A\u015feka, kalbine.\u201d   \u201cA\u015fk kelimesi a\u015fekadan gelir. Bir a\u011fac\u0131 sar\u0131p besinini a\u011fa\u00e7tan alarak zamanla kurutan sarma\u015f\u0131\u011fa denir.\u201d <\/p>\n","protected":false},"excerpt":{"rendered":"<p>GECEN\u0130N H\u0130KAYES\u0130 serisinin ikinci kitab\u0131 A\u015eEKA&#8217;da intikam\u0131n ve bedellerin \u00e7anlar\u0131 \u00e7alacak. O en g\u00fc\u00e7l\u00fc Avc\u0131 ama kalbi i\u00e7in kurulmu\u015f tuzaklardan birine kap\u0131lmak \u00fczere. Maya Efnan, ka\u00e7t\u0131\u011f\u0131<span class=\"excerpt-hellip\"> [\u2026]<\/span><\/p>\n","protected":false},"featured_media":0,"template":"","meta":{"_monsterinsights_skip_tracking":false,"_monsterinsights_sitenote_active":false,"_monsterinsights_sitenote_note":"","_monsterinsights_sitenote_category":0},"product_brand":[],"product_cat":[12291,14777],"product_tag":[],"class_list":{"0":"post-751307","1":"product","2":"type-product","3":"status-publish","5":"product_cat-edebiyat","6":"product_cat-fantastik","7":"pa_cilt-ciltli","8":"pa_tur-kitap","9":"pa_yayinevi-marti-yayinlari","10":"pa_yazar-n-g-kabal","12":"first","13":"instock","14":"sale","15":"shipping-taxable","16":"purchasable","17":"product-type-simple"},"_links":{"self":[{"href":"https:\/\/roveyayinevi.com.tr\/index.php\/wp-json\/wp\/v2\/product\/751307","targetHints":{"allow":["GET"]}}],"collection":[{"href":"https:\/\/roveyayinevi.com.tr\/index.php\/wp-json\/wp\/v2\/product"}],"about":[{"href":"https:\/\/roveyayinevi.com.tr\/index.php\/wp-json\/wp\/v2\/types\/product"}],"wp:attachment":[{"href":"https:\/\/roveyayinevi.com.tr\/index.php\/wp-json\/wp\/v2\/media?parent=751307"}],"wp:term":[{"taxonomy":"product_brand","embeddable":true,"href":"https:\/\/roveyayinevi.com.tr\/index.php\/wp-json\/wp\/v2\/product_brand?post=751307"},{"taxonomy":"product_cat","embeddable":true,"href":"https:\/\/roveyayinevi.com.tr\/index.php\/wp-json\/wp\/v2\/product_cat?post=751307"},{"taxonomy":"product_tag","embeddable":true,"href":"https:\/\/roveyayinevi.com.tr\/index.php\/wp-json\/wp\/v2\/product_tag?post=751307"}],"curies":[{"name":"wp","href":"https:\/\/api.w.org\/{rel}","templated":true}]}}