{"id":751304,"date":"2025-08-28T04:45:33","date_gmt":"2025-08-28T01:45:33","guid":{"rendered":"https:\/\/roveyayinevi.com.tr\/index.php\/urun\/haldun\/"},"modified":"2026-04-16T03:04:43","modified_gmt":"2026-04-16T00:04:43","slug":"haldun","status":"publish","type":"product","link":"https:\/\/roveyayinevi.com.tr\/index.php\/urun\/haldun\/","title":{"rendered":"Haldun"},"content":{"rendered":"<p>Herkesin vitrinde ya\u015fad\u0131\u011f\u0131, kim oldu\u011fumuzdan ziyade dijital g\u00f6lgelerimizin kim oldu\u011funun \u00f6nem ta\u015f\u0131d\u0131\u011f\u0131 bir yak\u0131n gelecek. Haldun, Alper Kaan Bilir\u2019in parlak hayal g\u00fcc\u00fc ve keskin dilinin kesi\u015fti\u011fi noktada yepyeni bir d\u00fcnya tahayy\u00fcl\u00fc sunuyor okura. Ya\u015fam\u0131n\u0131 internet \u00fczerinden yapt\u0131\u011f\u0131 canl\u0131 yay\u0131nlarla s\u00fcrd\u00fcren Haldun\u2019un bir gecesini mercek alt\u0131na alan roman, ili\u015fkilerin, \u00f6zlemin, umudun ve ihanetin izini s\u00fcr\u00fcyor.   \u201c\u015eehrin karanl\u0131k manzaras\u0131 da kendine g\u00f6re g\u00fczeldi. Romanesk bir kale ya da viran bir gotik kilise gibi, \u00e7irkinli\u011finde estetik vard\u0131. \u0130\u015f\u00e7i s\u0131n\u0131f\u0131n\u0131n ya\u015fad\u0131\u011f\u0131 semtler, \u00e7amurlu bir havuzun dibindeki \u00e7er\u00e7\u00f6p gibi, belli belirsiz se\u00e7iliyordu. Sonra&#8230; gece boyu gezen Sihirli Lambalardan biri, o karanl\u0131k mahallelerden ge\u00e7iyordu. \u0130HA\u2019n\u0131n huzmesi alt\u0131nda harap apartmanlar, karanl\u0131ktan meydana \u00e7\u0131k\u0131yordu. Otoyol kenar\u0131ndaki yans\u0131t\u0131c\u0131 \u00e7ubuklar nas\u0131l far vurunca \u0131\u015f\u0131ldarsa, \u00f6yle.\u201d <\/p>\n","protected":false},"excerpt":{"rendered":"<p>Herkesin vitrinde ya\u015fad\u0131\u011f\u0131, kim oldu\u011fumuzdan ziyade dijital g\u00f6lgelerimizin kim oldu\u011funun \u00f6nem ta\u015f\u0131d\u0131\u011f\u0131 bir yak\u0131n gelecek. Haldun, Alper Kaan Bilir\u2019in parlak hayal g\u00fcc\u00fc ve keskin dilinin kesi\u015fti\u011fi<span class=\"excerpt-hellip\"> [\u2026]<\/span><\/p>\n","protected":false},"featured_media":0,"template":"","meta":{"_monsterinsights_skip_tracking":false,"_monsterinsights_sitenote_active":false,"_monsterinsights_sitenote_note":"","_monsterinsights_sitenote_category":0},"product_brand":[],"product_cat":[12540,12291],"product_tag":[],"class_list":{"0":"post-751304","1":"product","2":"type-product","3":"status-publish","5":"product_cat-bilim-kurgu","6":"product_cat-edebiyat","7":"pa_cilt-ciltsiz","8":"pa_tur-kitap","9":"pa_yayinevi-ithaki-yayinlari","10":"pa_yazar-alper-kaan-bilir","12":"first","13":"instock","14":"sale","15":"shipping-taxable","16":"purchasable","17":"product-type-simple"},"_links":{"self":[{"href":"https:\/\/roveyayinevi.com.tr\/index.php\/wp-json\/wp\/v2\/product\/751304","targetHints":{"allow":["GET"]}}],"collection":[{"href":"https:\/\/roveyayinevi.com.tr\/index.php\/wp-json\/wp\/v2\/product"}],"about":[{"href":"https:\/\/roveyayinevi.com.tr\/index.php\/wp-json\/wp\/v2\/types\/product"}],"wp:attachment":[{"href":"https:\/\/roveyayinevi.com.tr\/index.php\/wp-json\/wp\/v2\/media?parent=751304"}],"wp:term":[{"taxonomy":"product_brand","embeddable":true,"href":"https:\/\/roveyayinevi.com.tr\/index.php\/wp-json\/wp\/v2\/product_brand?post=751304"},{"taxonomy":"product_cat","embeddable":true,"href":"https:\/\/roveyayinevi.com.tr\/index.php\/wp-json\/wp\/v2\/product_cat?post=751304"},{"taxonomy":"product_tag","embeddable":true,"href":"https:\/\/roveyayinevi.com.tr\/index.php\/wp-json\/wp\/v2\/product_tag?post=751304"}],"curies":[{"name":"wp","href":"https:\/\/api.w.org\/{rel}","templated":true}]}}