{"id":751303,"date":"2025-08-28T04:45:31","date_gmt":"2025-08-28T01:45:31","guid":{"rendered":"https:\/\/roveyayinevi.com.tr\/index.php\/urun\/80-gunde-devri-alem-5\/"},"modified":"2026-04-16T03:04:43","modified_gmt":"2026-04-16T00:04:43","slug":"80-gunde-devri-alem-5","status":"publish","type":"product","link":"https:\/\/roveyayinevi.com.tr\/index.php\/urun\/80-gunde-devri-alem-5\/","title":{"rendered":"80 G\u00fcnde Devri Alem"},"content":{"rendered":"<p>\u201cHi\u00e7 seyahat etmi\u015f miydi? B\u00fcy\u00fck olas\u0131l\u0131kla, \u00e7\u00fcnk\u00fc d\u00fcnya haritas\u0131na kimse onun kadar h\u00e2kim de\u011fildi. Payla\u015facak detayl\u0131 bilgisinin olmad\u0131\u011f\u0131 hi\u00e7bir yer yoktu. Kul\u00fcpte, yolunu kaybetmi\u015f ya da \u015fa\u015f\u0131rm\u0131\u015f gezginlerle ilgili ortaya at\u0131lan binlerce g\u00f6r\u00fc\u015f\u00fc kimi zaman \u00e7ok az s\u00f6zc\u00fckle, k\u0131saca ve a\u00e7\u0131k bir \u015fekilde d\u00fczeltirdi&#8230; Her yeri gezmi\u015f biri olmal\u0131yd\u0131, en az\u0131ndan zihninde&#8230; Bununla birlikte kesin olan bir \u015fey vard\u0131, o da Phileas Fogg\u2019un senelerdir Londra\u2019dan ayr\u0131lmad\u0131\u011f\u0131yd\u0131.\u201d   Phileas Fogg, kimsenin hakk\u0131nda bir \u015fey bilmedi\u011fi zengin ve kibar bir \u0130ngiliz beyefendisidir. Son derece d\u00fczenli bir hayat s\u00fcrmesi, titiz ve dakik olmas\u0131yla \u00fcnl\u00fcd\u00fcr. Bir g\u00fcn \u00fcyesi oldu\u011fu Londra Reform Kul\u00fcb\u00fc\u2019nde ger\u00e7ekle\u015ftirmesi imk\u00e2ns\u0131z gibi g\u00f6r\u00fcnen bir konuda iddiaya girer: D\u00fcnyan\u0131n \u00e7evresini 80 g\u00fcnde dola\u015facakt\u0131r. Fogg tek bir aksilikte her \u015feyini kaybedebilece\u011fi bu seyahate yard\u0131mc\u0131s\u0131yla \u00e7\u0131kar. Onlarca farkl\u0131 \u00fclkede ba\u015f\u0131na geleceklerden ise habersizdir.   1872\u2019de yay\u0131mland\u0131\u011f\u0131 g\u00fcnden beri her ya\u015ftan okurun hayal g\u00fcc\u00fcn\u00fc zenginle\u015ftiren 80 G\u00fcnde Devri \u00c2lem, on dokuzuncu y\u00fczy\u0131ldaki teknolojik geli\u015fmeler sayesinde uzaklar\u0131n yak\u0131nla\u015fmaya ba\u015flad\u0131\u011f\u0131 ve b\u00f6ylece modern k\u00fclt\u00fcr\u00fcn de ad\u0131m ad\u0131m de\u011fi\u015fti\u011fi bir d\u00f6nemin panoramas\u0131n\u0131 \u00e7iziyor. <\/p>\n","protected":false},"excerpt":{"rendered":"<p>\u201cHi\u00e7 seyahat etmi\u015f miydi? B\u00fcy\u00fck olas\u0131l\u0131kla, \u00e7\u00fcnk\u00fc d\u00fcnya haritas\u0131na kimse onun kadar h\u00e2kim de\u011fildi. Payla\u015facak detayl\u0131 bilgisinin olmad\u0131\u011f\u0131 hi\u00e7bir yer yoktu. Kul\u00fcpte, yolunu kaybetmi\u015f ya da<span class=\"excerpt-hellip\"> [\u2026]<\/span><\/p>\n","protected":false},"featured_media":0,"template":"","meta":{"_monsterinsights_skip_tracking":false,"_monsterinsights_sitenote_active":false,"_monsterinsights_sitenote_note":"","_monsterinsights_sitenote_category":0},"product_brand":[],"product_cat":[12803,12291],"product_tag":[],"class_list":{"0":"post-751303","1":"product","2":"type-product","3":"status-publish","5":"product_cat-aksiyon-macera","6":"product_cat-edebiyat","7":"pa_cilt-ciltsiz","8":"pa_tur-kitap","9":"pa_yayinevi-ithaki-yayinlari","10":"pa_yazar-jules-verne","12":"first","13":"instock","14":"sale","15":"shipping-taxable","16":"purchasable","17":"product-type-simple"},"_links":{"self":[{"href":"https:\/\/roveyayinevi.com.tr\/index.php\/wp-json\/wp\/v2\/product\/751303","targetHints":{"allow":["GET"]}}],"collection":[{"href":"https:\/\/roveyayinevi.com.tr\/index.php\/wp-json\/wp\/v2\/product"}],"about":[{"href":"https:\/\/roveyayinevi.com.tr\/index.php\/wp-json\/wp\/v2\/types\/product"}],"wp:attachment":[{"href":"https:\/\/roveyayinevi.com.tr\/index.php\/wp-json\/wp\/v2\/media?parent=751303"}],"wp:term":[{"taxonomy":"product_brand","embeddable":true,"href":"https:\/\/roveyayinevi.com.tr\/index.php\/wp-json\/wp\/v2\/product_brand?post=751303"},{"taxonomy":"product_cat","embeddable":true,"href":"https:\/\/roveyayinevi.com.tr\/index.php\/wp-json\/wp\/v2\/product_cat?post=751303"},{"taxonomy":"product_tag","embeddable":true,"href":"https:\/\/roveyayinevi.com.tr\/index.php\/wp-json\/wp\/v2\/product_tag?post=751303"}],"curies":[{"name":"wp","href":"https:\/\/api.w.org\/{rel}","templated":true}]}}