{"id":751302,"date":"2025-08-28T04:45:30","date_gmt":"2025-08-28T01:45:30","guid":{"rendered":"https:\/\/roveyayinevi.com.tr\/index.php\/urun\/mujdeci-1-cilt-teneke-yildizlar\/"},"modified":"2026-04-16T03:04:43","modified_gmt":"2026-04-16T00:04:43","slug":"mujdeci-1-cilt-teneke-yildizlar","status":"publish","type":"product","link":"https:\/\/roveyayinevi.com.tr\/index.php\/urun\/mujdeci-1-cilt-teneke-yildizlar\/","title":{"rendered":"M\u00fcjdeci 1. Cilt: Teneke Y\u0131ld\u0131zlar"},"content":{"rendered":"<p>Gen\u00e7 Robot TIM-21 ve arkada\u015flar\u0131 t\u00fcm androidlerin yasad\u0131\u015f\u0131 ilan edildi\u011fi ve kelle avc\u0131lar\u0131n\u0131n her gezegende kol gezdi\u011fi bir evrende hayatta kalmaya \u00e7al\u0131\u015f\u0131yor! Heyecan dolu ve samimi bir kozmik macera olan M\u00dcJDEC\u0130 insanl\u0131k ile makineyi, bir d\u00fcnya ile ba\u015fka bir d\u00fcnyay\u0131 kar\u015f\u0131 kar\u015f\u0131ya getirerek epik bir hik\u00e2ye yarat\u0131yor. Serinin ilk cildi TENEKE YILDIZLAR\u2019da Jeff Lemire (ESSEX COUNTY, \u015eEKER CANAVARI) ve Dustin Nguyen\u2019in (LITTLE GOTHAM) \u00e7oksatan bilimkurgu serisinin 1-6. say\u0131lar\u0131 bir araya geliyor.   \u201cM\u00fcjdeci, galakside kendisine bir yuva arayan yaln\u0131z bir robot \u00e7ocu\u011fun uzak gelecekte ge\u00e7en \u015fahane ve karanl\u0131k \u00f6yk\u00fcs\u00fc.\u201d  \u2013Entertainment Weekly   \u201cJeff Lemire duygusal, yarat\u0131c\u0131 bir evren tahayy\u00fcl etmi\u015f, Dustin Nguyen de bunu \u015fahane bir \u015fekilde g\u00f6rselle\u015ftirmi\u015f. TIM-21\u2019e ne olaca\u011f\u0131n\u0131 \u00e7ok merak ediyorum.\u201d \u2013Brian K. Vaughan, Saga\u2019n\u0131n yazar\u0131   \u201cD\u00f6rt d\u00f6rtl\u00fck bir eser.\u201d \u2013Mark Millar, Kick-Ass ve Jupiter\u2019in Miras\u0131\u2019n\u0131n yazar\u0131   \u201cKesinlikle okuyun.\u201d \u2013Kotaku    \u201c\u0130nan\u0131lmaz.\u201d \u2013Vulture   \u201cBilinmeyenin korkusu ile macera ruhunu bir araya getiren \u015fahane bir kozmik opera.\u201d \u2013IGN   \u201cZavall\u0131 Tim\u2019in \u015fimdiden hayran\u0131 oldum, Toplay\u0131c\u0131lar\u2019\u0131n k\u00f6keni hakk\u0131nda teoriler \u00fcretiyorum ve h\u0131z trenine tekrar binmek i\u00e7in can at\u0131yorum.\u201d \u2013Damon Lindelof, Lost\u2019un yarat\u0131c\u0131lar\u0131ndan <\/p>\n","protected":false},"excerpt":{"rendered":"<p>Gen\u00e7 Robot TIM-21 ve arkada\u015flar\u0131 t\u00fcm androidlerin yasad\u0131\u015f\u0131 ilan edildi\u011fi ve kelle avc\u0131lar\u0131n\u0131n her gezegende kol gezdi\u011fi bir evrende hayatta kalmaya \u00e7al\u0131\u015f\u0131yor! Heyecan dolu ve samimi<span class=\"excerpt-hellip\"> [\u2026]<\/span><\/p>\n","protected":false},"featured_media":0,"template":"","meta":{"_monsterinsights_skip_tracking":false,"_monsterinsights_sitenote_active":false,"_monsterinsights_sitenote_note":"","_monsterinsights_sitenote_category":0},"product_brand":[],"product_cat":[12416,12291],"product_tag":[],"class_list":{"0":"post-751302","1":"product","2":"type-product","3":"status-publish","5":"product_cat-cizgi-roman","6":"product_cat-edebiyat","7":"pa_cilt-ciltsiz","8":"pa_tur-kitap","9":"pa_yayinevi-ithaki-yayinlari","10":"pa_yazar-jeff-lemire","12":"first","13":"instock","14":"sale","15":"shipping-taxable","16":"purchasable","17":"product-type-simple"},"_links":{"self":[{"href":"https:\/\/roveyayinevi.com.tr\/index.php\/wp-json\/wp\/v2\/product\/751302","targetHints":{"allow":["GET"]}}],"collection":[{"href":"https:\/\/roveyayinevi.com.tr\/index.php\/wp-json\/wp\/v2\/product"}],"about":[{"href":"https:\/\/roveyayinevi.com.tr\/index.php\/wp-json\/wp\/v2\/types\/product"}],"wp:attachment":[{"href":"https:\/\/roveyayinevi.com.tr\/index.php\/wp-json\/wp\/v2\/media?parent=751302"}],"wp:term":[{"taxonomy":"product_brand","embeddable":true,"href":"https:\/\/roveyayinevi.com.tr\/index.php\/wp-json\/wp\/v2\/product_brand?post=751302"},{"taxonomy":"product_cat","embeddable":true,"href":"https:\/\/roveyayinevi.com.tr\/index.php\/wp-json\/wp\/v2\/product_cat?post=751302"},{"taxonomy":"product_tag","embeddable":true,"href":"https:\/\/roveyayinevi.com.tr\/index.php\/wp-json\/wp\/v2\/product_tag?post=751302"}],"curies":[{"name":"wp","href":"https:\/\/api.w.org\/{rel}","templated":true}]}}