{"id":751301,"date":"2025-08-28T04:45:29","date_gmt":"2025-08-28T01:45:29","guid":{"rendered":"https:\/\/roveyayinevi.com.tr\/index.php\/urun\/muzik-terimleri-sozlugu-2\/"},"modified":"2026-04-16T03:04:43","modified_gmt":"2026-04-16T00:04:43","slug":"muzik-terimleri-sozlugu-2","status":"publish","type":"product","link":"https:\/\/roveyayinevi.com.tr\/index.php\/urun\/muzik-terimleri-sozlugu-2\/","title":{"rendered":"M\u00fczik Terimleri S\u00f6zl\u00fc\u011f\u00fc"},"content":{"rendered":"<p>\u201cS\u00fbzidil\u00e2r\u00e2, ibtid\u00e2 rast ba\u2018dehu b\u00fbselik, \u00e7arg\u00e2h perdeleri ile \u00e2\u011f\u00e2z ed\u00fcb nev\u00e2ya ve ba\u2018dehu h\u00fcseyn\u00ee ve \u00e7arg\u00e2h perdelerine s\u0131kca \u00e7arpmak s\u00fbretiyle b\u00fbselik perdesiyle d\u00fcg\u00e2h, rast, geve\u015ft perdelerini \u00e2\u015fik\u00e2r ederek rast perdesinde karar eder bir makam olub mak\u00e2m-\u0131 mezk\u00fbrun \u00e7arg\u00e2hdan muhayyere, geve\u015ftden yeg\u00e2ha kadar seyri de vard\u0131r. Bu mak\u00e2m-\u0131 dil\u00e2r\u00e2 cennetmek\u00e2n Sult\u00e2n Selim Han hazretlerinin b\u00e2\u011f-\u0131 tabiatlar\u0131ndan bir gonce-i lat\u00eefleridir. S\u00fbzidil\u00e2r\u00e2, ba\u015flang\u0131\u00e7ta rast, sonras\u0131nda b\u00fbselik, \u00e7arg\u00e2h perdeleri ile ba\u015flay\u0131p nev\u00e2ya ve sonra h\u00fcseyn\u00ee ve \u00e7arg\u00e2h perdelerine s\u0131k\u00e7a \u00e7arpma yapmakla b\u00fbselik perdesi ile d\u00fcg\u00e2h, rast, geve\u015ft perdelerini belli ederek rast perdesinde karar veren bir makam olup bahsi ge\u00e7en makam\u0131n, \u00e7arg\u00e2htan muhayyere, geve\u015ftten yeg\u00e2ha kadar seyri de vard\u0131r. Bu g\u00f6n\u00fcl s\u00fcsleyen makam, Sultan III. Selim\u2019in -mek\u00e2n\u0131 cennet olsun- zevk bah\u00e7esinden g\u00fczel bir tomurcuktur.\u201d K\u00e2z\u0131m Uz, XIX. y\u00fczy\u0131l\u0131n son \u00e7eyre\u011fi ve XX. y\u00fczy\u0131l\u0131n ilk yar\u0131s\u0131nda Osmanl\u0131 m\u00fcnevveri ve Cumhuriyet ayd\u0131n\u0131 olarak d\u00f6neminin fikir ve sanat d\u00fcnyas\u0131n\u0131 kendi lisan\u0131nca a\u00e7\u0131k bir \u015fekilde ortaya koymaya \u00e7al\u0131\u015fan bir m\u00fbsik\u00ee sevdal\u0131s\u0131d\u0131r. Zek\u00e2\u00ee Dede, Bah\u00e2riye Mevlev\u00eeh\u00e2nesi \u015feyhi H\u00fcseyin Fahreddin Dede ve Musullu H\u00e2f\u0131z Osman Efendi gibi kendi devrinin en kudretli sanatkarlar\u0131n\u0131n rahle-i tedrisinden ge\u00e7erek Osmanl\u0131\u2019n\u0131n zengin miras\u0131n\u0131n muhafazas\u0131na \u00e7al\u0131\u015fan K\u00e2z\u0131m Uz; akran olarak Rauf Yekta, Ali R\u0131fat \u00c7a\u011fatay, Haf\u0131z Ahmed Irsoy, \u0130smail Hakk\u0131 Bey ve Tanburi Cemil Bey gibi hem m\u00fbsik\u00ee\u015finas hem de m\u00fczikolog \u015fahsiyetlerle hemhal olu\u015funun yan\u0131 s\u0131ra D\u00e2r\u00fc\u2019l-Elh\u00e2n\u2019da Bat\u0131 m\u00fczi\u011fi derslerini verecek kadar da bu m\u00fczi\u011fe h\u00e2kim birisidir. K\u00e2z\u0131m Uz, 69 y\u0131ll\u0131k \u00f6mr\u00fcnde hocalar\u0131ndan tevar\u00fcs eden k\u0131ymetli bilgilerden gelecek nesillerin de istifade etmesi ad\u0131na M\u00fbsik\u00ee, \u0130btid\u00e2\u00ee Nota Dersleri, M\u00fbsik\u00ee Nazariyat\u0131, M\u00fbsik\u00ee Ist\u0131l\u00e2hat\u0131, Notal\u0131 Mektep \u015eark\u0131lar\u0131 ve Osmanl\u0131 Gen\u00e7lerine Tuhfe ba\u015fl\u0131kl\u0131 6 kitap; \u00e7e\u015fitli mecm\u00fbalarda yay\u0131mlanm\u0131\u015f 21 makale ile muhtelif makam ve us\u00fbllerde bestelenmi\u015f 200\u2019e yak\u0131n eser b\u0131rakm\u0131\u015ft\u0131r. Elinizdeki bu kitab\u0131n ana eksenini, \u00f6zel ar\u015fivlerden istifade etmek kayd\u0131yla bahusus ne\u015fredilmeyen eserleri, besteleri ve M\u00fczik Terimleri S\u00f6zl\u00fc\u011f\u00fc (M\u00fbsik\u00ee Ist\u0131l\u00e2hat\u0131) olu\u015fturmaktad\u0131r. K\u00e2z\u0131m Uz\u2019un hayat\u0131n\u0131, m\u00fbsik\u00ee karakterini, eserlerini ve bestelerini ele alan bu kitap; orijinal metin, g\u00fcn\u00fcm\u00fcz T\u00fcrk\u00e7esi ve literat\u00fcr de\u011ferlendirmesi ile birlikte sunulan M\u00fczik Terimleri S\u00f6zl\u00fc\u011f\u00fc ile her m\u00fczikseverin ba\u015fvuru kayna\u011f\u0131 olmaya namzet bir eser. <\/p>\n","protected":false},"excerpt":{"rendered":"<p>\u201cS\u00fbzidil\u00e2r\u00e2, ibtid\u00e2 rast ba\u2018dehu b\u00fbselik, \u00e7arg\u00e2h perdeleri ile \u00e2\u011f\u00e2z ed\u00fcb nev\u00e2ya ve ba\u2018dehu h\u00fcseyn\u00ee ve \u00e7arg\u00e2h perdelerine s\u0131kca \u00e7arpmak s\u00fbretiyle b\u00fbselik perdesiyle d\u00fcg\u00e2h, rast, geve\u015ft perdelerini<span class=\"excerpt-hellip\"> [\u2026]<\/span><\/p>\n","protected":false},"featured_media":0,"template":"","meta":{"_monsterinsights_skip_tracking":false,"_monsterinsights_sitenote_active":false,"_monsterinsights_sitenote_note":"","_monsterinsights_sitenote_category":0},"product_brand":[],"product_cat":[14556],"product_tag":[],"class_list":{"0":"post-751301","1":"product","2":"type-product","3":"status-publish","5":"product_cat-muzik","6":"pa_cilt-ciltsiz","7":"pa_tur-kitap","8":"pa_yayinevi-vakifbank-kultur-yayinlari","9":"pa_yazar-kazim-uz","11":"first","12":"instock","13":"sale","14":"shipping-taxable","15":"purchasable","16":"product-type-simple"},"_links":{"self":[{"href":"https:\/\/roveyayinevi.com.tr\/index.php\/wp-json\/wp\/v2\/product\/751301","targetHints":{"allow":["GET"]}}],"collection":[{"href":"https:\/\/roveyayinevi.com.tr\/index.php\/wp-json\/wp\/v2\/product"}],"about":[{"href":"https:\/\/roveyayinevi.com.tr\/index.php\/wp-json\/wp\/v2\/types\/product"}],"wp:attachment":[{"href":"https:\/\/roveyayinevi.com.tr\/index.php\/wp-json\/wp\/v2\/media?parent=751301"}],"wp:term":[{"taxonomy":"product_brand","embeddable":true,"href":"https:\/\/roveyayinevi.com.tr\/index.php\/wp-json\/wp\/v2\/product_brand?post=751301"},{"taxonomy":"product_cat","embeddable":true,"href":"https:\/\/roveyayinevi.com.tr\/index.php\/wp-json\/wp\/v2\/product_cat?post=751301"},{"taxonomy":"product_tag","embeddable":true,"href":"https:\/\/roveyayinevi.com.tr\/index.php\/wp-json\/wp\/v2\/product_tag?post=751301"}],"curies":[{"name":"wp","href":"https:\/\/api.w.org\/{rel}","templated":true}]}}