{"id":751299,"date":"2025-08-28T04:45:25","date_gmt":"2025-08-28T01:45:25","guid":{"rendered":"https:\/\/roveyayinevi.com.tr\/index.php\/urun\/benim-en-kucuk-parcam\/"},"modified":"2026-04-15T03:14:41","modified_gmt":"2026-04-15T00:14:41","slug":"benim-en-kucuk-parcam","status":"publish","type":"product","link":"https:\/\/roveyayinevi.com.tr\/index.php\/urun\/benim-en-kucuk-parcam\/","title":{"rendered":"Benim En K\u00fc\u00e7\u00fck Par\u00e7am"},"content":{"rendered":"<p>\u201cBu d\u00fcnyan\u0131n Cenneti neresidir?\u201d Diye sorsalar.              \u201cBir insan\u0131 \u00e7\u0131kars\u0131z, beklentisiz seven bir insan\u0131n kalbidir.\u201d Derim.              \u00d6yle bir kalbin i\u00e7indeyken kaybetme. Sevmeyi sev&#8230;               Sen;              En g\u00fczel \u015fiirlerin bile kuramad\u0131\u011f\u0131 kafiyesin. <\/p>\n","protected":false},"excerpt":{"rendered":"<p>\u201cBu d\u00fcnyan\u0131n Cenneti neresidir?\u201d Diye sorsalar. \u201cBir insan\u0131 \u00e7\u0131kars\u0131z, beklentisiz seven bir insan\u0131n kalbidir.\u201d Derim. \u00d6yle bir kalbin i\u00e7indeyken kaybetme. Sevmeyi sev&#8230; Sen; En g\u00fczel \u015fiirlerin<span class=\"excerpt-hellip\"> [\u2026]<\/span><\/p>\n","protected":false},"featured_media":0,"template":"","meta":{"_monsterinsights_skip_tracking":false,"_monsterinsights_sitenote_active":false,"_monsterinsights_sitenote_note":"","_monsterinsights_sitenote_category":0},"product_brand":[],"product_cat":[12291,12509],"product_tag":[],"class_list":{"0":"post-751299","1":"product","2":"type-product","3":"status-publish","5":"product_cat-edebiyat","6":"product_cat-siir","7":"pa_cilt-ciltsiz","8":"pa_tur-kitap","9":"pa_yayinevi-servet-yayinevi","10":"pa_yazar-elif-tosun","12":"first","13":"instock","14":"sale","15":"shipping-taxable","16":"purchasable","17":"product-type-simple"},"_links":{"self":[{"href":"https:\/\/roveyayinevi.com.tr\/index.php\/wp-json\/wp\/v2\/product\/751299","targetHints":{"allow":["GET"]}}],"collection":[{"href":"https:\/\/roveyayinevi.com.tr\/index.php\/wp-json\/wp\/v2\/product"}],"about":[{"href":"https:\/\/roveyayinevi.com.tr\/index.php\/wp-json\/wp\/v2\/types\/product"}],"wp:attachment":[{"href":"https:\/\/roveyayinevi.com.tr\/index.php\/wp-json\/wp\/v2\/media?parent=751299"}],"wp:term":[{"taxonomy":"product_brand","embeddable":true,"href":"https:\/\/roveyayinevi.com.tr\/index.php\/wp-json\/wp\/v2\/product_brand?post=751299"},{"taxonomy":"product_cat","embeddable":true,"href":"https:\/\/roveyayinevi.com.tr\/index.php\/wp-json\/wp\/v2\/product_cat?post=751299"},{"taxonomy":"product_tag","embeddable":true,"href":"https:\/\/roveyayinevi.com.tr\/index.php\/wp-json\/wp\/v2\/product_tag?post=751299"}],"curies":[{"name":"wp","href":"https:\/\/api.w.org\/{rel}","templated":true}]}}