{"id":751297,"date":"2025-08-28T04:45:21","date_gmt":"2025-08-28T01:45:21","guid":{"rendered":"https:\/\/roveyayinevi.com.tr\/index.php\/urun\/salina-ates-cadisi\/"},"modified":"2026-04-16T03:04:43","modified_gmt":"2026-04-16T00:04:43","slug":"salina-ates-cadisi","status":"publish","type":"product","link":"https:\/\/roveyayinevi.com.tr\/index.php\/urun\/salina-ates-cadisi\/","title":{"rendered":"Salina Ate\u015f Cad\u0131s\u0131"},"content":{"rendered":"<p>Herzim Krall\u0131\u011f\u0131\u2019nda i\u015fler k\u00f6t\u00fcye gitmektedir fakat tek varis olan Salina\u2019n\u0131n Ate\u015f Cad\u0131s\u0131\u2019na d\u00f6n\u00fc\u015fmeden \u00f6nce krall\u0131\u011f\u0131 terk edip ba\u015fka bir ailede b\u00fcy\u00fcmesi gerekmektedir. A\u015fk, dostluk, sava\u015f ve bir tutam b\u00fcy\u00fc\u2026 Maceraya haz\u0131r olun! <\/p>\n","protected":false},"excerpt":{"rendered":"<p>Herzim Krall\u0131\u011f\u0131\u2019nda i\u015fler k\u00f6t\u00fcye gitmektedir fakat tek varis olan Salina\u2019n\u0131n Ate\u015f Cad\u0131s\u0131\u2019na d\u00f6n\u00fc\u015fmeden \u00f6nce krall\u0131\u011f\u0131 terk edip ba\u015fka bir ailede b\u00fcy\u00fcmesi gerekmektedir. A\u015fk, dostluk, sava\u015f ve<span class=\"excerpt-hellip\"> [\u2026]<\/span><\/p>\n","protected":false},"featured_media":0,"template":"","meta":{"_monsterinsights_skip_tracking":false,"_monsterinsights_sitenote_active":false,"_monsterinsights_sitenote_note":"","_monsterinsights_sitenote_category":0},"product_brand":[],"product_cat":[12291,14777],"product_tag":[],"class_list":{"0":"post-751297","1":"product","2":"type-product","3":"status-publish","5":"product_cat-edebiyat","6":"product_cat-fantastik","7":"pa_cilt-ciltsiz","8":"pa_tur-kitap","9":"pa_yayinevi-kitap-muptelasi-yayinlari","10":"pa_yazar-onur-yilmaz","12":"first","13":"instock","14":"sale","15":"shipping-taxable","16":"purchasable","17":"product-type-simple"},"_links":{"self":[{"href":"https:\/\/roveyayinevi.com.tr\/index.php\/wp-json\/wp\/v2\/product\/751297","targetHints":{"allow":["GET"]}}],"collection":[{"href":"https:\/\/roveyayinevi.com.tr\/index.php\/wp-json\/wp\/v2\/product"}],"about":[{"href":"https:\/\/roveyayinevi.com.tr\/index.php\/wp-json\/wp\/v2\/types\/product"}],"wp:attachment":[{"href":"https:\/\/roveyayinevi.com.tr\/index.php\/wp-json\/wp\/v2\/media?parent=751297"}],"wp:term":[{"taxonomy":"product_brand","embeddable":true,"href":"https:\/\/roveyayinevi.com.tr\/index.php\/wp-json\/wp\/v2\/product_brand?post=751297"},{"taxonomy":"product_cat","embeddable":true,"href":"https:\/\/roveyayinevi.com.tr\/index.php\/wp-json\/wp\/v2\/product_cat?post=751297"},{"taxonomy":"product_tag","embeddable":true,"href":"https:\/\/roveyayinevi.com.tr\/index.php\/wp-json\/wp\/v2\/product_tag?post=751297"}],"curies":[{"name":"wp","href":"https:\/\/api.w.org\/{rel}","templated":true}]}}