{"id":751295,"date":"2025-08-28T04:45:18","date_gmt":"2025-08-28T01:45:18","guid":{"rendered":"https:\/\/roveyayinevi.com.tr\/index.php\/urun\/radiant-4-somizli\/"},"modified":"2026-04-16T03:04:43","modified_gmt":"2026-04-16T00:04:43","slug":"radiant-4-somizli","status":"publish","type":"product","link":"https:\/\/roveyayinevi.com.tr\/index.php\/urun\/radiant-4-somizli\/","title":{"rendered":"Radiant 4 (\u015e\u00f6mizli)"},"content":{"rendered":"<p>&#8220;TEKRAR S\u00d6YLEYEY\u0130M: BEN BURADA SADECE G\u00d6ZLEMC\u0130Y\u0130M. SEN\u0130N VARLI\u011eIN, G\u00dc\u00c7 DA\u011eILIMININ YEN\u0130DEN YAPILANACA\u011eINI G\u00d6STER\u0130YOR. BEN DE BU YEN\u0130 DENGEN\u0130N ORTAYA \u00c7IKMASINA YARDIMCI OLMAK \u0130\u00c7\u0130N BURADAYIM. \u015e\u00d6YLE \u0130FADE EDEY\u0130M: K\u0130M\u0130N TARAFINDA YER ALACAKSIN?&#8221;<\/p>\n","protected":false},"excerpt":{"rendered":"<p>&#8220;TEKRAR S\u00d6YLEYEY\u0130M: BEN BURADA SADECE G\u00d6ZLEMC\u0130Y\u0130M. SEN\u0130N VARLI\u011eIN, G\u00dc\u00c7 DA\u011eILIMININ YEN\u0130DEN YAPILANACA\u011eINI G\u00d6STER\u0130YOR. BEN DE BU YEN\u0130 DENGEN\u0130N ORTAYA \u00c7IKMASINA YARDIMCI OLMAK \u0130\u00c7\u0130N BURADAYIM. \u015e\u00d6YLE \u0130FADE<span class=\"excerpt-hellip\"> [\u2026]<\/span><\/p>\n","protected":false},"featured_media":0,"template":"","meta":{"_monsterinsights_skip_tracking":false,"_monsterinsights_sitenote_active":false,"_monsterinsights_sitenote_note":"","_monsterinsights_sitenote_category":0},"product_brand":[],"product_cat":[12416,12291],"product_tag":[],"class_list":{"0":"post-751295","1":"product","2":"type-product","3":"status-publish","5":"product_cat-cizgi-roman","6":"product_cat-edebiyat","7":"pa_cilt-ciltsiz","8":"pa_tur-kitap","9":"pa_yayinevi-senpai-yayinlari","10":"pa_yazar-tony-valente","12":"first","13":"instock","14":"sale","15":"shipping-taxable","16":"purchasable","17":"product-type-simple"},"_links":{"self":[{"href":"https:\/\/roveyayinevi.com.tr\/index.php\/wp-json\/wp\/v2\/product\/751295","targetHints":{"allow":["GET"]}}],"collection":[{"href":"https:\/\/roveyayinevi.com.tr\/index.php\/wp-json\/wp\/v2\/product"}],"about":[{"href":"https:\/\/roveyayinevi.com.tr\/index.php\/wp-json\/wp\/v2\/types\/product"}],"wp:attachment":[{"href":"https:\/\/roveyayinevi.com.tr\/index.php\/wp-json\/wp\/v2\/media?parent=751295"}],"wp:term":[{"taxonomy":"product_brand","embeddable":true,"href":"https:\/\/roveyayinevi.com.tr\/index.php\/wp-json\/wp\/v2\/product_brand?post=751295"},{"taxonomy":"product_cat","embeddable":true,"href":"https:\/\/roveyayinevi.com.tr\/index.php\/wp-json\/wp\/v2\/product_cat?post=751295"},{"taxonomy":"product_tag","embeddable":true,"href":"https:\/\/roveyayinevi.com.tr\/index.php\/wp-json\/wp\/v2\/product_tag?post=751295"}],"curies":[{"name":"wp","href":"https:\/\/api.w.org\/{rel}","templated":true}]}}